{"id":25081,"date":"2026-01-20T15:00:48","date_gmt":"2026-01-20T14:00:48","guid":{"rendered":"https:\/\/bh-technologies.com\/?post_type=product&#038;p=25081"},"modified":"2026-02-26T14:16:27","modified_gmt":"2026-02-26T13:16:27","slug":"retronode","status":"publish","type":"product","link":"https:\/\/bh-technologies.com\/en\/boutique\/points-lumineux\/retronode\/","title":{"rendered":"RETRONODE"},"content":{"rendered":"<div data-elementor-type=\"product-post\" data-elementor-id=\"25081\" class=\"elementor elementor-25081\" data-elementor-post-type=\"product\">\n\t\t\t\t<div class=\"elementor-element elementor-element-333e236a e-flex e-con-boxed e-con e-parent\" data-id=\"333e236a\" data-element_type=\"container\" data-e-type=\"container\">\n\t\t\t\t\t<div class=\"e-con-inner\">\n\t\t\t\t<div class=\"elementor-element elementor-element-f0cd411 elementor-widget elementor-widget-text-editor\" data-id=\"f0cd411\" data-element_type=\"widget\" data-e-type=\"widget\" data-widget_type=\"text-editor.default\">\n\t\t\t\t<div class=\"elementor-widget-container\">\n\t\t\t\t\t\t\t\t\t<p class=\"p2\"><b>Retronode <\/b>enables remote control and monitoring of all lighting points.<\/p><p class=\"p2\">Retronode is a communicating node designed for retrofitting luminaires without a Zhaga socket. Two versions are available: a DC version powered at 16 VDC and an AC version powered at 230 volts.\u00a0<\/p><p class=\"p2\">Retronode is compatible with public lighting networks integrating <a href=\"https:\/\/bh-technologies.com\/en\/product-category\/points-lumineux\/?product-page=1\">BH Nodes<\/a>, provides remote control and monitoring via <a href=\"https:\/\/bh-technologies.com\/en\/boutique\/points-lumineux\/luce-points\/\">Luce V4<\/a>.<\/p>\t\t\t\t\t\t\t\t<\/div>\n\t\t\t\t<\/div>\n\t\t\t\t\t<\/div>\n\t\t\t\t<\/div>\n\t\t<div class=\"elementor-element elementor-element-7859040 e-flex e-con-boxed e-con e-parent\" data-id=\"7859040\" data-element_type=\"container\" data-e-type=\"container\">\n\t\t\t\t\t<div class=\"e-con-inner\">\n\t\t\t\t<div class=\"elementor-element elementor-element-88f85db elementor-align-center elementor-widget elementor-widget-button\" data-id=\"88f85db\" data-element_type=\"widget\" data-e-type=\"widget\" data-widget_type=\"button.default\">\n\t\t\t\t<div class=\"elementor-widget-container\">\n\t\t\t\t\t\t\t\t\t<div class=\"elementor-button-wrapper\">\n\t\t\t\t\t<a class=\"elementor-button elementor-button-link elementor-size-sm\" href=\"https:\/\/bh-technologies.com\/wp-content\/uploads\/2026\/02\/Fiche-produit-Retronode-EN.pdf\" target=\"_blank\">\n\t\t\t\t\t\t<span class=\"elementor-button-content-wrapper\">\n\t\t\t\t\t\t<span class=\"elementor-button-icon\">\n\t\t\t\t<svg aria-hidden=\"true\" class=\"e-font-icon-svg e-fas-file-download\" viewbox=\"0 0 384 512\" xmlns=\"http:\/\/www.w3.org\/2000\/svg\"><path d=\"M224 136V0H24C10.7 0 0 10.7 0 24v464c0 13.3 10.7 24 24 24h336c13.3 0 24-10.7 24-24V160H248c-13.2 0-24-10.8-24-24zm76.45 211.36l-96.42 95.7c-6.65 6.61-17.39 6.61-24.04 0l-96.42-95.7C73.42 337.29 80.54 320 94.82 320H160v-80c0-8.84 7.16-16 16-16h32c8.84 0 16 7.16 16 16v80h65.18c14.28 0 21.4 17.29 11.27 27.36zM377 105L279.1 7c-4.5-4.5-10.6-7-17-7H256v128h128v-6.1c0-6.3-2.5-12.4-7-16.9z\"><\/path><\/svg>\t\t\t<\/span>\n\t\t\t\t\t\t\t\t\t<span class=\"elementor-button-text\">Download<\/span>\n\t\t\t\t\t<\/span>\n\t\t\t\t\t<\/a>\n\t\t\t\t<\/div>\n\t\t\t\t\t\t\t\t<\/div>\n\t\t\t\t<\/div>\n\t\t\t\t\t<\/div>\n\t\t\t\t<\/div>\n\t\t\t\t<\/div>","protected":false},"excerpt":{"rendered":"<p>Retronode permet de piloter et de superviser \u00e0 distance tous les points lumineux. Retronode est un noeud communicant adapt\u00e9 au retrofit des luminaires sans socket Zhaga. Deux versions existent : une version DC aliment\u00e9e en 16 VDC et une version AC aliment\u00e9e en 230 volts. Retronode est compatible avec les r\u00e9seaux d\u2019\u00e9clairage public int\u00e9grant des [&hellip;]<\/p>\n","protected":false},"featured_media":25268,"template":"","meta":[],"product_brand":[],"product_cat":[79],"product_tag":[],"class_list":{"0":"post-25081","1":"product","2":"type-product","3":"status-publish","4":"has-post-thumbnail","6":"product_cat-points-lumineux","8":"first","9":"instock","10":"shipping-taxable","11":"product-type-simple"},"aioseo_notices":[],"_links":{"self":[{"href":"https:\/\/bh-technologies.com\/en\/wp-json\/wp\/v2\/product\/25081","targetHints":{"allow":["GET"]}}],"collection":[{"href":"https:\/\/bh-technologies.com\/en\/wp-json\/wp\/v2\/product"}],"about":[{"href":"https:\/\/bh-technologies.com\/en\/wp-json\/wp\/v2\/types\/product"}],"version-history":[{"count":24,"href":"https:\/\/bh-technologies.com\/en\/wp-json\/wp\/v2\/product\/25081\/revisions"}],"predecessor-version":[{"id":25673,"href":"https:\/\/bh-technologies.com\/en\/wp-json\/wp\/v2\/product\/25081\/revisions\/25673"}],"wp:featuredmedia":[{"embeddable":true,"href":"https:\/\/bh-technologies.com\/en\/wp-json\/wp\/v2\/media\/25268"}],"wp:attachment":[{"href":"https:\/\/bh-technologies.com\/en\/wp-json\/wp\/v2\/media?parent=25081"}],"wp:term":[{"taxonomy":"product_brand","embeddable":true,"href":"https:\/\/bh-technologies.com\/en\/wp-json\/wp\/v2\/product_brand?post=25081"},{"taxonomy":"product_cat","embeddable":true,"href":"https:\/\/bh-technologies.com\/en\/wp-json\/wp\/v2\/product_cat?post=25081"},{"taxonomy":"product_tag","embeddable":true,"href":"https:\/\/bh-technologies.com\/en\/wp-json\/wp\/v2\/product_tag?post=25081"}],"curies":[{"name":"wp","href":"https:\/\/api.w.org\/{rel}","templated":true}]}}