{"id":22788,"date":"2025-10-20T13:51:20","date_gmt":"2025-10-20T11:51:20","guid":{"rendered":"https:\/\/bh-technologies.com\/?post_type=product&#038;p=22788"},"modified":"2025-11-04T15:00:01","modified_gmt":"2025-11-04T14:00:01","slug":"regulation-sur-mesure","status":"publish","type":"product","link":"https:\/\/bh-technologies.com\/en\/boutique\/armoire-electrique\/regulateurs-variateurs\/regulation-sur-mesure\/","title":{"rendered":"TAILORED REGULATION"},"content":{"rendered":"<div data-elementor-type=\"product-post\" data-elementor-id=\"22788\" class=\"elementor elementor-22788\" data-elementor-post-type=\"product\">\n\t\t\t\t<div class=\"elementor-element elementor-element-192acd3 e-flex e-con-boxed e-con e-parent\" data-id=\"192acd3\" data-element_type=\"container\" data-e-type=\"container\">\n\t\t\t\t\t<div class=\"e-con-inner\">\n\t\t<div class=\"elementor-element elementor-element-8844316 e-con-full e-flex e-con e-child\" data-id=\"8844316\" data-element_type=\"container\" data-e-type=\"container\">\n\t\t\t\t<div class=\"elementor-element elementor-element-a1b1901 elementor-widget elementor-widget-text-editor\" data-id=\"a1b1901\" data-element_type=\"widget\" data-e-type=\"widget\" data-widget_type=\"text-editor.default\">\n\t\t\t\t<div class=\"elementor-widget-container\">\n\t\t\t\t\t\t\t\t\t<p data-start=\"180\" data-end=\"574\">Our <strong data-start=\"186\" data-end=\"233\">tailor-made single-phase or three-phase voltage regulator<\/strong> offers a reliable and effective solution for stabilising public lighting networks, which are often subject to significant electrical variations. In many areas, these networks lack stability due to a heterogeneous energy mix, causing transient phenomena such as overvoltage and undervoltage.<\/p><p data-start=\"576\" data-end=\"907\">While high-quality drivers can withstand brief voltage fluctuations of less than 50 ms, they remain sensitive to longer disturbances. Thanks to our customised regulation system, network fluctuations are controlled and the power supply to the luminaires remains stable, even during prolonged transient phenomena.<\/p><ul><li class=\"p2\">Single-phase 7 kVA cabinet<\/li><li class=\"p2\">Three-phase cabinet from 8 kVA to 66 kVA<\/li><\/ul>\t\t\t\t\t\t\t\t<\/div>\n\t\t\t\t<\/div>\n\t\t\t\t<\/div>\n\t\t\t\t\t<\/div>\n\t\t\t\t<\/div>\n\t\t<div class=\"elementor-element elementor-element-57657af e-flex e-con-boxed e-con e-parent\" data-id=\"57657af\" data-element_type=\"container\" data-e-type=\"container\">\n\t\t\t\t\t<div class=\"e-con-inner\">\n\t\t<div class=\"elementor-element elementor-element-00ae254 e-con-full e-flex e-con e-child\" data-id=\"00ae254\" data-element_type=\"container\" data-e-type=\"container\">\n\t\t\t\t<div class=\"elementor-element elementor-element-290a79b elementor-align-center elementor-widget elementor-widget-button\" data-id=\"290a79b\" data-element_type=\"widget\" data-e-type=\"widget\" data-widget_type=\"button.default\">\n\t\t\t\t<div class=\"elementor-widget-container\">\n\t\t\t\t\t\t\t\t\t<div class=\"elementor-button-wrapper\">\n\t\t\t\t\t<a class=\"elementor-button elementor-button-link elementor-size-sm\" href=\"https:\/\/bh-technologies.com\/wp-content\/uploads\/2025\/10\/Fiche-produit-Regulation-EN-2025.pdf\" target=\"_blank\">\n\t\t\t\t\t\t<span class=\"elementor-button-content-wrapper\">\n\t\t\t\t\t\t<span class=\"elementor-button-icon\">\n\t\t\t\t<svg aria-hidden=\"true\" class=\"e-font-icon-svg e-fas-file-download\" viewbox=\"0 0 384 512\" xmlns=\"http:\/\/www.w3.org\/2000\/svg\"><path d=\"M224 136V0H24C10.7 0 0 10.7 0 24v464c0 13.3 10.7 24 24 24h336c13.3 0 24-10.7 24-24V160H248c-13.2 0-24-10.8-24-24zm76.45 211.36l-96.42 95.7c-6.65 6.61-17.39 6.61-24.04 0l-96.42-95.7C73.42 337.29 80.54 320 94.82 320H160v-80c0-8.84 7.16-16 16-16h32c8.84 0 16 7.16 16 16v80h65.18c14.28 0 21.4 17.29 11.27 27.36zM377 105L279.1 7c-4.5-4.5-10.6-7-17-7H256v128h128v-6.1c0-6.3-2.5-12.4-7-16.9z\"><\/path><\/svg>\t\t\t<\/span>\n\t\t\t\t\t\t\t\t\t<span class=\"elementor-button-text\">Download<\/span>\n\t\t\t\t\t<\/span>\n\t\t\t\t\t<\/a>\n\t\t\t\t<\/div>\n\t\t\t\t\t\t\t\t<\/div>\n\t\t\t\t<\/div>\n\t\t\t\t<\/div>\n\t\t\t\t\t<\/div>\n\t\t\t\t<\/div>\n\t\t\t\t<\/div>","protected":false},"excerpt":{"rendered":"<p>Notre r\u00e9gulateur de tension sur mesure monophas\u00e9 ou triphas\u00e9 offre une solution fiable et performante pour stabiliser les r\u00e9seaux d\u2019\u00e9clairage public, souvent soumis \u00e0 des variations \u00e9lectriques importantes. Dans de nombreux territoires, ces r\u00e9seaux manquent de stabilit\u00e9 en raison d\u2019un mix \u00e9nerg\u00e9tique h\u00e9t\u00e9rog\u00e8ne, provoquant des ph\u00e9nom\u00e8nes transitoires tels que les surtensions et les sous-tensions. Si [&hellip;]<\/p>\n","protected":false},"featured_media":22789,"template":"","meta":[],"product_brand":[],"product_cat":[74,77],"product_tag":[],"class_list":{"0":"post-22788","1":"product","2":"type-product","3":"status-publish","4":"has-post-thumbnail","6":"product_cat-armoire-electrique","7":"product_cat-regulateurs-variateurs","9":"first","10":"instock","11":"shipping-taxable","12":"product-type-simple"},"aioseo_notices":[],"_links":{"self":[{"href":"https:\/\/bh-technologies.com\/en\/wp-json\/wp\/v2\/product\/22788","targetHints":{"allow":["GET"]}}],"collection":[{"href":"https:\/\/bh-technologies.com\/en\/wp-json\/wp\/v2\/product"}],"about":[{"href":"https:\/\/bh-technologies.com\/en\/wp-json\/wp\/v2\/types\/product"}],"version-history":[{"count":9,"href":"https:\/\/bh-technologies.com\/en\/wp-json\/wp\/v2\/product\/22788\/revisions"}],"predecessor-version":[{"id":24021,"href":"https:\/\/bh-technologies.com\/en\/wp-json\/wp\/v2\/product\/22788\/revisions\/24021"}],"wp:featuredmedia":[{"embeddable":true,"href":"https:\/\/bh-technologies.com\/en\/wp-json\/wp\/v2\/media\/22789"}],"wp:attachment":[{"href":"https:\/\/bh-technologies.com\/en\/wp-json\/wp\/v2\/media?parent=22788"}],"wp:term":[{"taxonomy":"product_brand","embeddable":true,"href":"https:\/\/bh-technologies.com\/en\/wp-json\/wp\/v2\/product_brand?post=22788"},{"taxonomy":"product_cat","embeddable":true,"href":"https:\/\/bh-technologies.com\/en\/wp-json\/wp\/v2\/product_cat?post=22788"},{"taxonomy":"product_tag","embeddable":true,"href":"https:\/\/bh-technologies.com\/en\/wp-json\/wp\/v2\/product_tag?post=22788"}],"curies":[{"name":"wp","href":"https:\/\/api.w.org\/{rel}","templated":true}]}}