{"id":22781,"date":"2025-10-20T13:30:58","date_gmt":"2025-10-20T11:30:58","guid":{"rendered":"https:\/\/bh-technologies.com\/?post_type=product&#038;p=22781"},"modified":"2025-11-04T15:01:33","modified_gmt":"2025-11-04T14:01:33","slug":"regulateur-de-tension-monophase-7-kva-32-a","status":"publish","type":"product","link":"https:\/\/bh-technologies.com\/en\/boutique\/armoire-electrique\/regulateurs-variateurs\/regulateur-de-tension-monophase-7-kva-32-a\/","title":{"rendered":"SINGLE-PHASE VOLTAGE REGULATOR 7 KVA, 32 A"},"content":{"rendered":"<div data-elementor-type=\"product-post\" data-elementor-id=\"22781\" class=\"elementor elementor-22781\" data-elementor-post-type=\"product\">\n\t\t\t\t<div class=\"elementor-element elementor-element-c782ad2 e-flex e-con-boxed e-con e-parent\" data-id=\"c782ad2\" data-element_type=\"container\" data-e-type=\"container\">\n\t\t\t\t\t<div class=\"e-con-inner\">\n\t\t<div class=\"elementor-element elementor-element-422ebb9 e-con-full e-flex e-con e-child\" data-id=\"422ebb9\" data-element_type=\"container\" data-e-type=\"container\">\n\t\t\t\t<div class=\"elementor-element elementor-element-e6f63dd elementor-widget elementor-widget-text-editor\" data-id=\"e6f63dd\" data-element_type=\"widget\" data-e-type=\"widget\" data-widget_type=\"text-editor.default\">\n\t\t\t\t<div class=\"elementor-widget-container\">\n\t\t\t\t\t\t\t\t\t<p data-start=\"104\" data-end=\"518\">This stand-alone power supply cabinet with <strong>voltage regulator<\/strong> for public lighting networks offers a high-performance, sustainable solution for the energy management of lighting installations. Equipped with an integrated voltage regulation system with \u00b11% accuracy, it guarantees a stable and secure power supply. Its branch connection to an existing public lighting cabinet facilitates installation and commissioning.<\/p><p data-start=\"104\" data-end=\"518\">Capable of powering more than 100 60-watt LED luminaires, this cabinet is also suitable for all types of light sources, including LEDs, high-pressure discharge lamps (HPS), metal halide lamps and fluorescent tubes.<\/p><ul><li>Improving the reliability of installations<\/li><li>Compatibility with existing fleet<\/li><li>Easy installation and connection<\/li><\/ul>\t\t\t\t\t\t\t\t<\/div>\n\t\t\t\t<\/div>\n\t\t\t\t<\/div>\n\t\t\t\t\t<\/div>\n\t\t\t\t<\/div>\n\t\t<div class=\"elementor-element elementor-element-81ab444 e-flex e-con-boxed e-con e-parent\" data-id=\"81ab444\" data-element_type=\"container\" data-e-type=\"container\">\n\t\t\t\t\t<div class=\"e-con-inner\">\n\t\t<div class=\"elementor-element elementor-element-83b7145 e-con-full e-flex e-con e-child\" data-id=\"83b7145\" data-element_type=\"container\" data-e-type=\"container\">\n\t\t\t\t<div class=\"elementor-element elementor-element-bc7f442 elementor-align-center elementor-widget elementor-widget-button\" data-id=\"bc7f442\" data-element_type=\"widget\" data-e-type=\"widget\" data-widget_type=\"button.default\">\n\t\t\t\t<div class=\"elementor-widget-container\">\n\t\t\t\t\t\t\t\t\t<div class=\"elementor-button-wrapper\">\n\t\t\t\t\t<a class=\"elementor-button elementor-button-link elementor-size-sm\" href=\"https:\/\/bh-technologies.com\/wp-content\/uploads\/2025\/10\/Fiche-produit-Regulation-7-kVa-EN-2025.pdf\" target=\"_blank\">\n\t\t\t\t\t\t<span class=\"elementor-button-content-wrapper\">\n\t\t\t\t\t\t<span class=\"elementor-button-icon\">\n\t\t\t\t<svg aria-hidden=\"true\" class=\"e-font-icon-svg e-fas-file-download\" viewbox=\"0 0 384 512\" xmlns=\"http:\/\/www.w3.org\/2000\/svg\"><path d=\"M224 136V0H24C10.7 0 0 10.7 0 24v464c0 13.3 10.7 24 24 24h336c13.3 0 24-10.7 24-24V160H248c-13.2 0-24-10.8-24-24zm76.45 211.36l-96.42 95.7c-6.65 6.61-17.39 6.61-24.04 0l-96.42-95.7C73.42 337.29 80.54 320 94.82 320H160v-80c0-8.84 7.16-16 16-16h32c8.84 0 16 7.16 16 16v80h65.18c14.28 0 21.4 17.29 11.27 27.36zM377 105L279.1 7c-4.5-4.5-10.6-7-17-7H256v128h128v-6.1c0-6.3-2.5-12.4-7-16.9z\"><\/path><\/svg>\t\t\t<\/span>\n\t\t\t\t\t\t\t\t\t<span class=\"elementor-button-text\">Download<\/span>\n\t\t\t\t\t<\/span>\n\t\t\t\t\t<\/a>\n\t\t\t\t<\/div>\n\t\t\t\t\t\t\t\t<\/div>\n\t\t\t\t<\/div>\n\t\t\t\t<\/div>\n\t\t\t\t\t<\/div>\n\t\t\t\t<\/div>\n\t\t\t\t<\/div>","protected":false},"excerpt":{"rendered":"<p>Cette armoire autonome d\u2019alimentation avec r\u00e9gulateur de tension pour les r\u00e9seaux d\u2019\u00e9clairage public offre une solution performante et durable pour la gestion \u00e9nerg\u00e9tique des installations lumineuses. Dot\u00e9e d\u2019un syst\u00e8me de r\u00e9gulation de tension int\u00e9gr\u00e9 \u00e0 pr\u00e9cision \u00b11 %, elle garantit une alimentation stable et s\u00e9curis\u00e9e. Son raccordement en bretelle sur une armoire d\u2019\u00e9clairage public existante [&hellip;]<\/p>\n","protected":false},"featured_media":21117,"template":"","meta":[],"product_brand":[],"product_cat":[74,77],"product_tag":[],"class_list":{"0":"post-22781","1":"product","2":"type-product","3":"status-publish","4":"has-post-thumbnail","6":"product_cat-armoire-electrique","7":"product_cat-regulateurs-variateurs","9":"first","10":"instock","11":"shipping-taxable","12":"product-type-simple"},"aioseo_notices":[],"_links":{"self":[{"href":"https:\/\/bh-technologies.com\/en\/wp-json\/wp\/v2\/product\/22781","targetHints":{"allow":["GET"]}}],"collection":[{"href":"https:\/\/bh-technologies.com\/en\/wp-json\/wp\/v2\/product"}],"about":[{"href":"https:\/\/bh-technologies.com\/en\/wp-json\/wp\/v2\/types\/product"}],"version-history":[{"count":10,"href":"https:\/\/bh-technologies.com\/en\/wp-json\/wp\/v2\/product\/22781\/revisions"}],"predecessor-version":[{"id":24022,"href":"https:\/\/bh-technologies.com\/en\/wp-json\/wp\/v2\/product\/22781\/revisions\/24022"}],"wp:featuredmedia":[{"embeddable":true,"href":"https:\/\/bh-technologies.com\/en\/wp-json\/wp\/v2\/media\/21117"}],"wp:attachment":[{"href":"https:\/\/bh-technologies.com\/en\/wp-json\/wp\/v2\/media?parent=22781"}],"wp:term":[{"taxonomy":"product_brand","embeddable":true,"href":"https:\/\/bh-technologies.com\/en\/wp-json\/wp\/v2\/product_brand?post=22781"},{"taxonomy":"product_cat","embeddable":true,"href":"https:\/\/bh-technologies.com\/en\/wp-json\/wp\/v2\/product_cat?post=22781"},{"taxonomy":"product_tag","embeddable":true,"href":"https:\/\/bh-technologies.com\/en\/wp-json\/wp\/v2\/product_tag?post=22781"}],"curies":[{"name":"wp","href":"https:\/\/api.w.org\/{rel}","templated":true}]}}