{"id":22741,"date":"2025-10-17T13:30:49","date_gmt":"2025-10-17T11:30:49","guid":{"rendered":"https:\/\/bh-technologies.com\/?post_type=product&#038;p=22741"},"modified":"2025-11-04T15:03:23","modified_gmt":"2025-11-04T14:03:23","slug":"l-dop","status":"publish","type":"product","link":"https:\/\/bh-technologies.com\/en\/boutique\/points-lumineux\/l-dop\/","title":{"rendered":"L-DOP"},"content":{"rendered":"<div data-elementor-type=\"product-post\" data-elementor-id=\"22741\" class=\"elementor elementor-22741\" data-elementor-post-type=\"product\">\n\t\t\t\t<div class=\"elementor-element elementor-element-bce0b99 e-flex e-con-boxed e-con e-parent\" data-id=\"bce0b99\" data-element_type=\"container\" data-e-type=\"container\">\n\t\t\t\t\t<div class=\"e-con-inner\">\n\t\t<div class=\"elementor-element elementor-element-2bae11b e-con-full e-flex e-con e-child\" data-id=\"2bae11b\" data-element_type=\"container\" data-e-type=\"container\">\n\t\t\t\t<div class=\"elementor-element elementor-element-6048740 elementor-widget elementor-widget-text-editor\" data-id=\"6048740\" data-element_type=\"widget\" data-e-type=\"widget\" data-widget_type=\"text-editor.default\">\n\t\t\t\t<div class=\"elementor-widget-container\">\n\t\t\t\t\t\t\t\t\t<p><strong>L-DOP<\/strong> is a compact motion sensor that uses microwave technology (Doppler effect) for accurate detection. Zhaga Book 18 compatible and fully compliant with DALI Part 351 (type B), it offers a detection range of up to 18 metres and can be installed at heights of up to 12 metres. Waterproof (IP65) and robust, it is ideal for smart lighting applications and management <a title=\"BH NODE 80\" href=\"https:\/\/bh-technologies.com\/en\/boutique\/points-lumineux\/bh-node-80\/\">of light points.<\/a>.\u00a0<\/p><p><b>&gt; BH Node accessory<\/b><\/p>\t\t\t\t\t\t\t\t<\/div>\n\t\t\t\t<\/div>\n\t\t\t\t<\/div>\n\t\t\t\t\t<\/div>\n\t\t\t\t<\/div>\n\t\t<div class=\"elementor-element elementor-element-dfa1b60 e-flex e-con-boxed e-con e-parent\" data-id=\"dfa1b60\" data-element_type=\"container\" data-e-type=\"container\">\n\t\t\t\t\t<div class=\"e-con-inner\">\n\t\t<div class=\"elementor-element elementor-element-f2d3bd8 e-con-full e-flex e-con e-child\" data-id=\"f2d3bd8\" data-element_type=\"container\" data-e-type=\"container\">\n\t\t\t\t<div class=\"elementor-element elementor-element-b8ec714 elementor-align-center elementor-widget elementor-widget-button\" data-id=\"b8ec714\" data-element_type=\"widget\" data-e-type=\"widget\" data-widget_type=\"button.default\">\n\t\t\t\t<div class=\"elementor-widget-container\">\n\t\t\t\t\t\t\t\t\t<div class=\"elementor-button-wrapper\">\n\t\t\t\t\t<a class=\"elementor-button elementor-button-link elementor-size-sm\" href=\"https:\/\/bh-technologies.com\/wp-content\/uploads\/2025\/10\/Fiche-produit-L-DOP-EN-2025.pdf\" target=\"_blank\">\n\t\t\t\t\t\t<span class=\"elementor-button-content-wrapper\">\n\t\t\t\t\t\t<span class=\"elementor-button-icon\">\n\t\t\t\t<svg aria-hidden=\"true\" class=\"e-font-icon-svg e-fas-file-download\" viewbox=\"0 0 384 512\" xmlns=\"http:\/\/www.w3.org\/2000\/svg\"><path d=\"M224 136V0H24C10.7 0 0 10.7 0 24v464c0 13.3 10.7 24 24 24h336c13.3 0 24-10.7 24-24V160H248c-13.2 0-24-10.8-24-24zm76.45 211.36l-96.42 95.7c-6.65 6.61-17.39 6.61-24.04 0l-96.42-95.7C73.42 337.29 80.54 320 94.82 320H160v-80c0-8.84 7.16-16 16-16h32c8.84 0 16 7.16 16 16v80h65.18c14.28 0 21.4 17.29 11.27 27.36zM377 105L279.1 7c-4.5-4.5-10.6-7-17-7H256v128h128v-6.1c0-6.3-2.5-12.4-7-16.9z\"><\/path><\/svg>\t\t\t<\/span>\n\t\t\t\t\t\t\t\t\t<span class=\"elementor-button-text\">Download<\/span>\n\t\t\t\t\t<\/span>\n\t\t\t\t\t<\/a>\n\t\t\t\t<\/div>\n\t\t\t\t\t\t\t\t<\/div>\n\t\t\t\t<\/div>\n\t\t\t\t<\/div>\n\t\t\t\t\t<\/div>\n\t\t\t\t<\/div>\n\t\t\t\t<\/div>","protected":false},"excerpt":{"rendered":"<p>L-DOP est un capteur de mouvement compact utilisant la technologie \u00e0 micro-ondes (effet Doppler) pour une d\u00e9tection pr\u00e9cise. Compatible Zhaga Book 18 et enti\u00e8rement conforme \u00e0 la norme DALI Part 351 (type B), il offre une port\u00e9e de d\u00e9tection jusqu\u2019\u00e0 18 m\u00e8tres et une installation jusqu\u2019\u00e0 12 m\u00e8tres de hauteur. \u00c9tanche (IP65) et robuste, il [&hellip;]<\/p>\n","protected":false},"featured_media":22744,"template":"","meta":[],"product_brand":[],"product_cat":[79],"product_tag":[],"class_list":{"0":"post-22741","1":"product","2":"type-product","3":"status-publish","4":"has-post-thumbnail","6":"product_cat-points-lumineux","8":"first","9":"instock","10":"shipping-taxable","11":"product-type-simple"},"aioseo_notices":[],"_links":{"self":[{"href":"https:\/\/bh-technologies.com\/en\/wp-json\/wp\/v2\/product\/22741","targetHints":{"allow":["GET"]}}],"collection":[{"href":"https:\/\/bh-technologies.com\/en\/wp-json\/wp\/v2\/product"}],"about":[{"href":"https:\/\/bh-technologies.com\/en\/wp-json\/wp\/v2\/types\/product"}],"version-history":[{"count":11,"href":"https:\/\/bh-technologies.com\/en\/wp-json\/wp\/v2\/product\/22741\/revisions"}],"predecessor-version":[{"id":24023,"href":"https:\/\/bh-technologies.com\/en\/wp-json\/wp\/v2\/product\/22741\/revisions\/24023"}],"wp:featuredmedia":[{"embeddable":true,"href":"https:\/\/bh-technologies.com\/en\/wp-json\/wp\/v2\/media\/22744"}],"wp:attachment":[{"href":"https:\/\/bh-technologies.com\/en\/wp-json\/wp\/v2\/media?parent=22741"}],"wp:term":[{"taxonomy":"product_brand","embeddable":true,"href":"https:\/\/bh-technologies.com\/en\/wp-json\/wp\/v2\/product_brand?post=22741"},{"taxonomy":"product_cat","embeddable":true,"href":"https:\/\/bh-technologies.com\/en\/wp-json\/wp\/v2\/product_cat?post=22741"},{"taxonomy":"product_tag","embeddable":true,"href":"https:\/\/bh-technologies.com\/en\/wp-json\/wp\/v2\/product_tag?post=22741"}],"curies":[{"name":"wp","href":"https:\/\/api.w.org\/{rel}","templated":true}]}}