{"id":22724,"date":"2025-10-17T11:59:14","date_gmt":"2025-10-17T09:59:14","guid":{"rendered":"https:\/\/bh-technologies.com\/?post_type=product&#038;p=22724"},"modified":"2025-11-04T15:04:04","modified_gmt":"2025-11-04T14:04:04","slug":"l-pir","status":"publish","type":"product","link":"https:\/\/bh-technologies.com\/en\/boutique\/points-lumineux\/l-pir\/","title":{"rendered":"L-PIR"},"content":{"rendered":"<div data-elementor-type=\"product-post\" data-elementor-id=\"22724\" class=\"elementor elementor-22724\" data-elementor-post-type=\"product\">\n\t\t\t\t<div class=\"elementor-element elementor-element-889f9e3 e-flex e-con-boxed e-con e-parent\" data-id=\"889f9e3\" data-element_type=\"container\" data-e-type=\"container\">\n\t\t\t\t\t<div class=\"e-con-inner\">\n\t\t<div class=\"elementor-element elementor-element-6048c7f e-con-full e-flex e-con e-child\" data-id=\"6048c7f\" data-element_type=\"container\" data-e-type=\"container\">\n\t\t\t\t<div class=\"elementor-element elementor-element-a9d22fd elementor-widget elementor-widget-text-editor\" data-id=\"a9d22fd\" data-element_type=\"widget\" data-e-type=\"widget\" data-widget_type=\"text-editor.default\">\n\t\t\t\t<div class=\"elementor-widget-container\">\n\t\t\t\t\t\t\t\t\t<p class=\"p1\"><strong>L-PIR<\/strong> is an infrared motion sensor designed for Zhaga Book 18-compatible luminaires. Fully compliant with DALI Part 351 (type B), it offers a detection range of up to 18 metres in diameter and can be installed at heights of up to 12 metres. Compact (\u00d857 mm, h49 mm), waterproof (IP65) and robust, it operates in extreme conditions from -20 \u00b0C to +60 \u00b0C. Ideal for smart lighting applications and management solutions <a title=\"BH NODE 80\" href=\"https:\/\/bh-technologies.com\/en\/boutique\/points-lumineux\/bh-node-80\/\">of light points<\/a>.<\/p><p><b>&gt; BH Node accessory<\/b><\/p>\t\t\t\t\t\t\t\t<\/div>\n\t\t\t\t<\/div>\n\t\t\t\t<\/div>\n\t\t\t\t\t<\/div>\n\t\t\t\t<\/div>\n\t\t<div class=\"elementor-element elementor-element-ebd87c4 e-flex e-con-boxed e-con e-parent\" data-id=\"ebd87c4\" data-element_type=\"container\" data-e-type=\"container\">\n\t\t\t\t\t<div class=\"e-con-inner\">\n\t\t<div class=\"elementor-element elementor-element-286d388 e-con-full e-flex e-con e-child\" data-id=\"286d388\" data-element_type=\"container\" data-e-type=\"container\">\n\t\t\t\t<div class=\"elementor-element elementor-element-154ead7 elementor-align-center elementor-widget elementor-widget-button\" data-id=\"154ead7\" data-element_type=\"widget\" data-e-type=\"widget\" data-widget_type=\"button.default\">\n\t\t\t\t<div class=\"elementor-widget-container\">\n\t\t\t\t\t\t\t\t\t<div class=\"elementor-button-wrapper\">\n\t\t\t\t\t<a class=\"elementor-button elementor-button-link elementor-size-sm\" href=\"https:\/\/bh-technologies.com\/wp-content\/uploads\/2025\/10\/Fiche-produit-L-PIR-EN-2025.pdf\" target=\"_blank\">\n\t\t\t\t\t\t<span class=\"elementor-button-content-wrapper\">\n\t\t\t\t\t\t<span class=\"elementor-button-icon\">\n\t\t\t\t<svg aria-hidden=\"true\" class=\"e-font-icon-svg e-fas-file-download\" viewbox=\"0 0 384 512\" xmlns=\"http:\/\/www.w3.org\/2000\/svg\"><path d=\"M224 136V0H24C10.7 0 0 10.7 0 24v464c0 13.3 10.7 24 24 24h336c13.3 0 24-10.7 24-24V160H248c-13.2 0-24-10.8-24-24zm76.45 211.36l-96.42 95.7c-6.65 6.61-17.39 6.61-24.04 0l-96.42-95.7C73.42 337.29 80.54 320 94.82 320H160v-80c0-8.84 7.16-16 16-16h32c8.84 0 16 7.16 16 16v80h65.18c14.28 0 21.4 17.29 11.27 27.36zM377 105L279.1 7c-4.5-4.5-10.6-7-17-7H256v128h128v-6.1c0-6.3-2.5-12.4-7-16.9z\"><\/path><\/svg>\t\t\t<\/span>\n\t\t\t\t\t\t\t\t\t<span class=\"elementor-button-text\">Download<\/span>\n\t\t\t\t\t<\/span>\n\t\t\t\t\t<\/a>\n\t\t\t\t<\/div>\n\t\t\t\t\t\t\t\t<\/div>\n\t\t\t\t<\/div>\n\t\t\t\t<\/div>\n\t\t\t\t\t<\/div>\n\t\t\t\t<\/div>\n\t\t\t\t<\/div>","protected":false},"excerpt":{"rendered":"<p>L-PIR est un capteur de mouvement \u00e0 d\u00e9tection infrarouge con\u00e7u pour les luminaires compatibles Zhaga Book 18. Enti\u00e8rement conforme \u00e0 la norme DALI Part 351 (type B), il offre une plage de d\u00e9tection jusqu\u2019\u00e0 18 m\u00e8tres de diam\u00e8tre et une installation jusqu\u2019\u00e0 12 m\u00e8tres de hauteur. Compact (\u00d857 mm, h49 mm), \u00e9tanche (IP65) et robuste, [&hellip;]<\/p>\n","protected":false},"featured_media":22721,"template":"","meta":[],"product_brand":[],"product_cat":[79],"product_tag":[],"class_list":{"0":"post-22724","1":"product","2":"type-product","3":"status-publish","4":"has-post-thumbnail","6":"product_cat-points-lumineux","8":"first","9":"instock","10":"shipping-taxable","11":"product-type-simple"},"aioseo_notices":[],"_links":{"self":[{"href":"https:\/\/bh-technologies.com\/en\/wp-json\/wp\/v2\/product\/22724","targetHints":{"allow":["GET"]}}],"collection":[{"href":"https:\/\/bh-technologies.com\/en\/wp-json\/wp\/v2\/product"}],"about":[{"href":"https:\/\/bh-technologies.com\/en\/wp-json\/wp\/v2\/types\/product"}],"version-history":[{"count":15,"href":"https:\/\/bh-technologies.com\/en\/wp-json\/wp\/v2\/product\/22724\/revisions"}],"predecessor-version":[{"id":24024,"href":"https:\/\/bh-technologies.com\/en\/wp-json\/wp\/v2\/product\/22724\/revisions\/24024"}],"wp:featuredmedia":[{"embeddable":true,"href":"https:\/\/bh-technologies.com\/en\/wp-json\/wp\/v2\/media\/22721"}],"wp:attachment":[{"href":"https:\/\/bh-technologies.com\/en\/wp-json\/wp\/v2\/media?parent=22724"}],"wp:term":[{"taxonomy":"product_brand","embeddable":true,"href":"https:\/\/bh-technologies.com\/en\/wp-json\/wp\/v2\/product_brand?post=22724"},{"taxonomy":"product_cat","embeddable":true,"href":"https:\/\/bh-technologies.com\/en\/wp-json\/wp\/v2\/product_cat?post=22724"},{"taxonomy":"product_tag","embeddable":true,"href":"https:\/\/bh-technologies.com\/en\/wp-json\/wp\/v2\/product_tag?post=22724"}],"curies":[{"name":"wp","href":"https:\/\/api.w.org\/{rel}","templated":true}]}}