{"id":22635,"date":"2025-10-13T11:25:18","date_gmt":"2025-10-13T09:25:18","guid":{"rendered":"https:\/\/bh-technologies.com\/?post_type=product&#038;p=22635"},"modified":"2025-11-04T15:04:49","modified_gmt":"2025-11-04T14:04:49","slug":"relais-auxiliaire","status":"publish","type":"product","link":"https:\/\/bh-technologies.com\/en\/boutique\/points-lumineux\/relais-auxiliaire\/","title":{"rendered":"AUXILIARY RELAY"},"content":{"rendered":"<div data-elementor-type=\"product-post\" data-elementor-id=\"22635\" class=\"elementor elementor-22635\" data-elementor-post-type=\"product\">\n\t\t\t\t<div class=\"elementor-element elementor-element-81ab406 e-flex e-con-boxed e-con e-parent\" data-id=\"81ab406\" data-element_type=\"container\" data-e-type=\"container\">\n\t\t\t\t\t<div class=\"e-con-inner\">\n\t\t<div class=\"elementor-element elementor-element-533ebd6 e-con-full e-flex e-con e-child\" data-id=\"533ebd6\" data-element_type=\"container\" data-e-type=\"container\">\n\t\t\t\t<div class=\"elementor-element elementor-element-e47cc1a elementor-widget elementor-widget-text-editor\" data-id=\"e47cc1a\" data-element_type=\"widget\" data-e-type=\"widget\" data-widget_type=\"text-editor.default\">\n\t\t\t\t<div class=\"elementor-widget-container\">\n\t\t\t\t\t\t\t\t\t<p class=\"p1\">The <strong>Auxiliary relay<\/strong> is the ideal solution for controlling your Christmas lights and other light displays installed on luminaires equipped with a <a title=\"BH NODE 80\" href=\"https:\/\/bh-technologies.com\/en\/boutique\/points-lumineux\/bh-node-80\/\">BH Node<\/a>.<\/p><p class=\"p1\">Installed at the foot of the mast or directly in the lantern, it can be programmed via the supervision platform <a href=\"https:\/\/lucev4.bh-technologies.com\/\" target=\"_blank\" rel=\"noopener\">Luce<\/a> (scenario and schedule) and ensures that festive lighting powered by the public grid is switched off automatically. This prevents light decorations from being left on unnecessarily throughout the night, guaranteeing both energy savings and enhanced public spaces.<\/p><p class=\"p1\"><b>&gt; BH Node accessory <\/b><\/p>\t\t\t\t\t\t\t\t<\/div>\n\t\t\t\t<\/div>\n\t\t\t\t<\/div>\n\t\t\t\t\t<\/div>\n\t\t\t\t<\/div>\n\t\t<div class=\"elementor-element elementor-element-33b9830 e-flex e-con-boxed e-con e-parent\" data-id=\"33b9830\" data-element_type=\"container\" data-e-type=\"container\">\n\t\t\t\t\t<div class=\"e-con-inner\">\n\t\t<div class=\"elementor-element elementor-element-9393edc e-con-full e-flex e-con e-child\" data-id=\"9393edc\" data-element_type=\"container\" data-e-type=\"container\">\n\t\t\t\t<div class=\"elementor-element elementor-element-cd1b263 elementor-align-center elementor-widget elementor-widget-button\" data-id=\"cd1b263\" data-element_type=\"widget\" data-e-type=\"widget\" data-widget_type=\"button.default\">\n\t\t\t\t<div class=\"elementor-widget-container\">\n\t\t\t\t\t\t\t\t\t<div class=\"elementor-button-wrapper\">\n\t\t\t\t\t<a class=\"elementor-button elementor-button-link elementor-size-sm\" href=\"https:\/\/bh-technologies.com\/wp-content\/uploads\/2025\/10\/Fiche-produit-Relais-auxiliaire-EN-2025.pdf\" target=\"_blank\">\n\t\t\t\t\t\t<span class=\"elementor-button-content-wrapper\">\n\t\t\t\t\t\t<span class=\"elementor-button-icon\">\n\t\t\t\t<svg aria-hidden=\"true\" class=\"e-font-icon-svg e-fas-file-download\" viewbox=\"0 0 384 512\" xmlns=\"http:\/\/www.w3.org\/2000\/svg\"><path d=\"M224 136V0H24C10.7 0 0 10.7 0 24v464c0 13.3 10.7 24 24 24h336c13.3 0 24-10.7 24-24V160H248c-13.2 0-24-10.8-24-24zm76.45 211.36l-96.42 95.7c-6.65 6.61-17.39 6.61-24.04 0l-96.42-95.7C73.42 337.29 80.54 320 94.82 320H160v-80c0-8.84 7.16-16 16-16h32c8.84 0 16 7.16 16 16v80h65.18c14.28 0 21.4 17.29 11.27 27.36zM377 105L279.1 7c-4.5-4.5-10.6-7-17-7H256v128h128v-6.1c0-6.3-2.5-12.4-7-16.9z\"><\/path><\/svg>\t\t\t<\/span>\n\t\t\t\t\t\t\t\t\t<span class=\"elementor-button-text\">Download<\/span>\n\t\t\t\t\t<\/span>\n\t\t\t\t\t<\/a>\n\t\t\t\t<\/div>\n\t\t\t\t\t\t\t\t<\/div>\n\t\t\t\t<\/div>\n\t\t\t\t<\/div>\n\t\t\t\t\t<\/div>\n\t\t\t\t<\/div>\n\t\t\t\t<\/div>","protected":false},"excerpt":{"rendered":"<p>Le Relais auxiliaire est la solution id\u00e9ale pour piloter vos illuminations de No\u00ebl et autres motifs lumineux install\u00e9s sur les luminaires dot\u00e9s d\u2019un BH Node. Install\u00e9 en pied de m\u00e2t ou directement dans la lanterne, il est programmable via la plate-forme de supervision Luce (sc\u00e9nario et planning) et assure l\u2019extinction automatique des illuminations festives aliment\u00e9es [&hellip;]<\/p>\n","protected":false},"featured_media":22622,"template":"","meta":[],"product_brand":[],"product_cat":[79],"product_tag":[],"class_list":{"0":"post-22635","1":"product","2":"type-product","3":"status-publish","4":"has-post-thumbnail","6":"product_cat-points-lumineux","8":"first","9":"instock","10":"shipping-taxable","11":"product-type-simple"},"aioseo_notices":[],"_links":{"self":[{"href":"https:\/\/bh-technologies.com\/en\/wp-json\/wp\/v2\/product\/22635","targetHints":{"allow":["GET"]}}],"collection":[{"href":"https:\/\/bh-technologies.com\/en\/wp-json\/wp\/v2\/product"}],"about":[{"href":"https:\/\/bh-technologies.com\/en\/wp-json\/wp\/v2\/types\/product"}],"version-history":[{"count":18,"href":"https:\/\/bh-technologies.com\/en\/wp-json\/wp\/v2\/product\/22635\/revisions"}],"predecessor-version":[{"id":24025,"href":"https:\/\/bh-technologies.com\/en\/wp-json\/wp\/v2\/product\/22635\/revisions\/24025"}],"wp:featuredmedia":[{"embeddable":true,"href":"https:\/\/bh-technologies.com\/en\/wp-json\/wp\/v2\/media\/22622"}],"wp:attachment":[{"href":"https:\/\/bh-technologies.com\/en\/wp-json\/wp\/v2\/media?parent=22635"}],"wp:term":[{"taxonomy":"product_brand","embeddable":true,"href":"https:\/\/bh-technologies.com\/en\/wp-json\/wp\/v2\/product_brand?post=22635"},{"taxonomy":"product_cat","embeddable":true,"href":"https:\/\/bh-technologies.com\/en\/wp-json\/wp\/v2\/product_cat?post=22635"},{"taxonomy":"product_tag","embeddable":true,"href":"https:\/\/bh-technologies.com\/en\/wp-json\/wp\/v2\/product_tag?post=22635"}],"curies":[{"name":"wp","href":"https:\/\/api.w.org\/{rel}","templated":true}]}}