{"id":21060,"date":"2025-06-20T14:30:06","date_gmt":"2025-06-20T12:30:06","guid":{"rendered":"https:\/\/preprod-wp.bh-technologies.com\/?post_type=product&#038;p=21060"},"modified":"2025-11-14T16:05:41","modified_gmt":"2025-11-14T15:05:41","slug":"luce-points","status":"publish","type":"product","link":"https:\/\/bh-technologies.com\/en\/boutique\/points-lumineux\/luce-points\/","title":{"rendered":"LUCE: LIGHT POINTS"},"content":{"rendered":"<div data-elementor-type=\"product-post\" data-elementor-id=\"21060\" class=\"elementor elementor-21060\" data-elementor-post-type=\"product\">\n\t\t\t\t<div class=\"elementor-element elementor-element-6949eb14 e-flex e-con-boxed e-con e-parent\" data-id=\"6949eb14\" data-element_type=\"container\" data-e-type=\"container\">\n\t\t\t\t\t<div class=\"e-con-inner\">\n\t\t\t\t<div class=\"elementor-element elementor-element-5eebfcd6 elementor-widget elementor-widget-text-editor\" data-id=\"5eebfcd6\" data-element_type=\"widget\" data-e-type=\"widget\" data-widget_type=\"text-editor.default\">\n\t\t\t\t<div class=\"elementor-widget-container\">\n\t\t\t\t\t\t\t\t\t<p class=\"p1\"><a href=\"https:\/\/lucev4.bh-technologies.com\/\" target=\"_blank\" rel=\"noopener\"><b>Luce<\/b><\/a><b> <\/b>is a business platform that enables the precise control and supervision of public lighting systems at <a href=\"https:\/\/bh-technologies.com\/en\/product-category\/points-lumineux\/\">the light points<\/a> : communication status, lighting status, group management, scheduling and scenario settings, sending forced commands, data feedback.<\/p><ul><li>Easy to use<\/li><li>Compatibility and interoperability<\/li><li>Control of the status of the network of light points<\/li><li>Dedicated and secure business platform<\/li><\/ul>\t\t\t\t\t\t\t\t<\/div>\n\t\t\t\t<\/div>\n\t\t\t\t\t<\/div>\n\t\t\t\t<\/div>\n\t\t<div class=\"elementor-element elementor-element-85c62f3 e-flex e-con-boxed e-con e-parent\" data-id=\"85c62f3\" data-element_type=\"container\" data-e-type=\"container\">\n\t\t\t\t\t<div class=\"e-con-inner\">\n\t\t\t\t<div class=\"elementor-element elementor-element-9f6fb01 elementor-align-center elementor-widget elementor-widget-button\" data-id=\"9f6fb01\" data-element_type=\"widget\" data-e-type=\"widget\" data-widget_type=\"button.default\">\n\t\t\t\t<div class=\"elementor-widget-container\">\n\t\t\t\t\t\t\t\t\t<div class=\"elementor-button-wrapper\">\n\t\t\t\t\t<a class=\"elementor-button elementor-button-link elementor-size-sm\" href=\"https:\/\/bh-technologies.com\/wp-content\/uploads\/2025\/10\/Fiche-produit-Luce-Point-EN-2025.pdf\" target=\"_blank\">\n\t\t\t\t\t\t<span class=\"elementor-button-content-wrapper\">\n\t\t\t\t\t\t<span class=\"elementor-button-icon\">\n\t\t\t\t<svg aria-hidden=\"true\" class=\"e-font-icon-svg e-fas-file-download\" viewbox=\"0 0 384 512\" xmlns=\"http:\/\/www.w3.org\/2000\/svg\"><path d=\"M224 136V0H24C10.7 0 0 10.7 0 24v464c0 13.3 10.7 24 24 24h336c13.3 0 24-10.7 24-24V160H248c-13.2 0-24-10.8-24-24zm76.45 211.36l-96.42 95.7c-6.65 6.61-17.39 6.61-24.04 0l-96.42-95.7C73.42 337.29 80.54 320 94.82 320H160v-80c0-8.84 7.16-16 16-16h32c8.84 0 16 7.16 16 16v80h65.18c14.28 0 21.4 17.29 11.27 27.36zM377 105L279.1 7c-4.5-4.5-10.6-7-17-7H256v128h128v-6.1c0-6.3-2.5-12.4-7-16.9z\"><\/path><\/svg>\t\t\t<\/span>\n\t\t\t\t\t\t\t\t\t<span class=\"elementor-button-text\">Download<\/span>\n\t\t\t\t\t<\/span>\n\t\t\t\t\t<\/a>\n\t\t\t\t<\/div>\n\t\t\t\t\t\t\t\t<\/div>\n\t\t\t\t<\/div>\n\t\t\t\t\t<\/div>\n\t\t\t\t<\/div>\n\t\t\t\t<\/div>","protected":false},"excerpt":{"rendered":"<p>Luce est une plate-forme m\u00e9tier qui permet de piloter et de superviser avec pr\u00e9cision le parc d\u2019\u00e9clairage public aux points lumineux : \u00e9tat des communications, statut d\u2019\u00e9clairage, gestion par groupes, param\u00e9trage des plannings et des sc\u00e9narios, envoi de commandes forc\u00e9es, remont\u00e9es des donn\u00e9es. Mise en oeuvre facile Compatibilit\u00e9 et interop\u00e9rabilit\u00e9 Ma\u00eetrise de l&#8217;\u00e9tat du parc [&hellip;]<\/p>\n","protected":false},"featured_media":24526,"template":"","meta":[],"product_brand":[],"product_cat":[79],"product_tag":[],"class_list":{"0":"post-21060","1":"product","2":"type-product","3":"status-publish","4":"has-post-thumbnail","6":"product_cat-points-lumineux","8":"first","9":"instock","10":"shipping-taxable","11":"product-type-simple"},"aioseo_notices":[],"_links":{"self":[{"href":"https:\/\/bh-technologies.com\/en\/wp-json\/wp\/v2\/product\/21060","targetHints":{"allow":["GET"]}}],"collection":[{"href":"https:\/\/bh-technologies.com\/en\/wp-json\/wp\/v2\/product"}],"about":[{"href":"https:\/\/bh-technologies.com\/en\/wp-json\/wp\/v2\/types\/product"}],"version-history":[{"count":59,"href":"https:\/\/bh-technologies.com\/en\/wp-json\/wp\/v2\/product\/21060\/revisions"}],"predecessor-version":[{"id":24529,"href":"https:\/\/bh-technologies.com\/en\/wp-json\/wp\/v2\/product\/21060\/revisions\/24529"}],"wp:featuredmedia":[{"embeddable":true,"href":"https:\/\/bh-technologies.com\/en\/wp-json\/wp\/v2\/media\/24526"}],"wp:attachment":[{"href":"https:\/\/bh-technologies.com\/en\/wp-json\/wp\/v2\/media?parent=21060"}],"wp:term":[{"taxonomy":"product_brand","embeddable":true,"href":"https:\/\/bh-technologies.com\/en\/wp-json\/wp\/v2\/product_brand?post=21060"},{"taxonomy":"product_cat","embeddable":true,"href":"https:\/\/bh-technologies.com\/en\/wp-json\/wp\/v2\/product_cat?post=21060"},{"taxonomy":"product_tag","embeddable":true,"href":"https:\/\/bh-technologies.com\/en\/wp-json\/wp\/v2\/product_tag?post=21060"}],"curies":[{"name":"wp","href":"https:\/\/api.w.org\/{rel}","templated":true}]}}