{"id":20997,"date":"2025-06-20T11:37:00","date_gmt":"2025-06-20T09:37:00","guid":{"rendered":"https:\/\/preprod-wp.bh-technologies.com\/?post_type=product&#038;p=20997"},"modified":"2025-11-04T10:43:56","modified_gmt":"2025-11-04T09:43:56","slug":"bh-box","status":"publish","type":"product","link":"https:\/\/bh-technologies.com\/en\/boutique\/notice-de-demarrage\/bh-box\/","title":{"rendered":"BH BOX"},"content":{"rendered":"<div data-elementor-type=\"product-post\" data-elementor-id=\"20997\" class=\"elementor elementor-20997\" data-elementor-post-type=\"product\">\n\t\t\t\t<div class=\"elementor-element elementor-element-538d41cc e-flex e-con-boxed e-con e-parent\" data-id=\"538d41cc\" data-element_type=\"container\" data-e-type=\"container\">\n\t\t\t\t\t<div class=\"e-con-inner\">\n\t\t\t\t<div class=\"elementor-element elementor-element-6c01d5ee elementor-widget elementor-widget-text-editor\" data-id=\"6c01d5ee\" data-element_type=\"widget\" data-e-type=\"widget\" data-widget_type=\"text-editor.default\">\n\t\t\t\t<div class=\"elementor-widget-container\">\n\t\t\t\t\t\t\t\t\t<p class=\"p1\">Start-up and installation instructions: <strong>BH Box<\/strong><\/p><p class=\"p2\">BH Box is a proximity programming and control console from the BH Technologies product range, which can be used in standalone mode in the field or connected to a PC.<br \/>The BH Box is compatible with: <a title=\"RADIOLITE 4XX\" href=\"https:\/\/bh-technologies.com\/en\/boutique\/notice-de-demarrage\/radiolite-4xx-neo-2\/\">Radiolite XP s\u00e9rie 4XX<\/a>, <a title=\"RADIOLITE 3XX\" href=\"https:\/\/bh-technologies.com\/en\/boutique\/notice-de-demarrage\/radiolite-3xx\/\">Radiolite s\u00e9rie 300 RXP<\/a>, <a title=\"E-LUM P\" href=\"https:\/\/bh-technologies.com\/en\/boutique\/armoire-electrique\/reseaux-secondaires\/e-lum-p\/\">E-Lum P<\/a>, <a title=\"E-LUM M\" href=\"https:\/\/bh-technologies.com\/en\/boutique\/armoire-electrique\/reseaux-secondaires\/e-lum-m\/\">E-Lum M<\/a> and <a title=\"HOROPAK\" href=\"https:\/\/bh-technologies.com\/en\/boutique\/armoire-electrique\/reseaux-secondaires\/horopak\/\">Horopak<\/a>.<\/p><p>\u00a0<\/p>\t\t\t\t\t\t\t\t<\/div>\n\t\t\t\t<\/div>\n\t\t\t\t\t<\/div>\n\t\t\t\t<\/div>\n\t\t<div class=\"elementor-element elementor-element-d55fd3d e-flex e-con-boxed e-con e-parent\" data-id=\"d55fd3d\" data-element_type=\"container\" data-e-type=\"container\">\n\t\t\t\t\t<div class=\"e-con-inner\">\n\t\t\t\t<div class=\"elementor-element elementor-element-9d271e6 elementor-align-center elementor-widget elementor-widget-button\" data-id=\"9d271e6\" data-element_type=\"widget\" data-e-type=\"widget\" data-widget_type=\"button.default\">\n\t\t\t\t<div class=\"elementor-widget-container\">\n\t\t\t\t\t\t\t\t\t<div class=\"elementor-button-wrapper\">\n\t\t\t\t\t<a class=\"elementor-button elementor-button-link elementor-size-sm\" href=\"https:\/\/preprod-wp.bh-technologies.com\/wp-content\/uploads\/2025\/06\/Notice-BH-Box.pdf\" target=\"_blank\">\n\t\t\t\t\t\t<span class=\"elementor-button-content-wrapper\">\n\t\t\t\t\t\t<span class=\"elementor-button-icon\">\n\t\t\t\t<svg aria-hidden=\"true\" class=\"e-font-icon-svg e-fas-file-download\" viewbox=\"0 0 384 512\" xmlns=\"http:\/\/www.w3.org\/2000\/svg\"><path d=\"M224 136V0H24C10.7 0 0 10.7 0 24v464c0 13.3 10.7 24 24 24h336c13.3 0 24-10.7 24-24V160H248c-13.2 0-24-10.8-24-24zm76.45 211.36l-96.42 95.7c-6.65 6.61-17.39 6.61-24.04 0l-96.42-95.7C73.42 337.29 80.54 320 94.82 320H160v-80c0-8.84 7.16-16 16-16h32c8.84 0 16 7.16 16 16v80h65.18c14.28 0 21.4 17.29 11.27 27.36zM377 105L279.1 7c-4.5-4.5-10.6-7-17-7H256v128h128v-6.1c0-6.3-2.5-12.4-7-16.9z\"><\/path><\/svg>\t\t\t<\/span>\n\t\t\t\t\t\t\t\t\t<span class=\"elementor-button-text\">Download<\/span>\n\t\t\t\t\t<\/span>\n\t\t\t\t\t<\/a>\n\t\t\t\t<\/div>\n\t\t\t\t\t\t\t\t<\/div>\n\t\t\t\t<\/div>\n\t\t\t\t\t<\/div>\n\t\t\t\t<\/div>\n\t\t\t\t<\/div>","protected":false},"excerpt":{"rendered":"<p>BH Box est une console de programmation et de contr\u00f4le de proximit\u00e9 de la gamme de produits BH Technologies, utilisable en mode autonome sur le terrain ou connect\u00e9e \u00e0 un PC. La BH Box est compatible avec : Radiolite XP s\u00e9rie 4XX, Radiolite s\u00e9rie 300 RXP, E-Lum P, E-Lum M et Horopak. Notice d\u2019installation et [&hellip;]<\/p>\n","protected":false},"featured_media":20999,"template":"","meta":[],"product_brand":[],"product_cat":[83],"product_tag":[],"class_list":{"0":"post-20997","1":"product","2":"type-product","3":"status-publish","4":"has-post-thumbnail","6":"product_cat-notice-de-demarrage","8":"first","9":"instock","10":"virtual","11":"product-type-simple"},"aioseo_notices":[],"_links":{"self":[{"href":"https:\/\/bh-technologies.com\/en\/wp-json\/wp\/v2\/product\/20997","targetHints":{"allow":["GET"]}}],"collection":[{"href":"https:\/\/bh-technologies.com\/en\/wp-json\/wp\/v2\/product"}],"about":[{"href":"https:\/\/bh-technologies.com\/en\/wp-json\/wp\/v2\/types\/product"}],"version-history":[{"count":14,"href":"https:\/\/bh-technologies.com\/en\/wp-json\/wp\/v2\/product\/20997\/revisions"}],"predecessor-version":[{"id":23929,"href":"https:\/\/bh-technologies.com\/en\/wp-json\/wp\/v2\/product\/20997\/revisions\/23929"}],"wp:featuredmedia":[{"embeddable":true,"href":"https:\/\/bh-technologies.com\/en\/wp-json\/wp\/v2\/media\/20999"}],"wp:attachment":[{"href":"https:\/\/bh-technologies.com\/en\/wp-json\/wp\/v2\/media?parent=20997"}],"wp:term":[{"taxonomy":"product_brand","embeddable":true,"href":"https:\/\/bh-technologies.com\/en\/wp-json\/wp\/v2\/product_brand?post=20997"},{"taxonomy":"product_cat","embeddable":true,"href":"https:\/\/bh-technologies.com\/en\/wp-json\/wp\/v2\/product_cat?post=20997"},{"taxonomy":"product_tag","embeddable":true,"href":"https:\/\/bh-technologies.com\/en\/wp-json\/wp\/v2\/product_tag?post=20997"}],"curies":[{"name":"wp","href":"https:\/\/api.w.org\/{rel}","templated":true}]}}