{"id":19543,"date":"2025-05-09T19:18:28","date_gmt":"2025-05-09T17:18:28","guid":{"rendered":"https:\/\/preprod-wp.bh-technologies.com\/?post_type=product&#038;p=19543"},"modified":"2025-11-04T15:14:14","modified_gmt":"2025-11-04T14:14:14","slug":"e-lum-p","status":"publish","type":"product","link":"https:\/\/bh-technologies.com\/en\/boutique\/armoire-electrique\/reseaux-secondaires\/e-lum-p\/","title":{"rendered":"E-LUM P"},"content":{"rendered":"<div data-elementor-type=\"product-post\" data-elementor-id=\"19543\" class=\"elementor elementor-19543\" data-elementor-post-type=\"product\">\n\t\t\t\t<div class=\"elementor-element elementor-element-81b327d e-flex e-con-boxed e-con e-parent\" data-id=\"81b327d\" data-element_type=\"container\" data-e-type=\"container\">\n\t\t\t\t\t<div class=\"e-con-inner\">\n\t\t\t\t<div class=\"elementor-element elementor-element-e2bf983 elementor-widget elementor-widget-text-editor\" data-id=\"e2bf983\" data-element_type=\"widget\" data-e-type=\"widget\" data-widget_type=\"text-editor.default\">\n\t\t\t\t<div class=\"elementor-widget-container\">\n\t\t\t\t\t\t\t\t\t<p class=\"p1\"><strong>E-Lum P<\/strong> is part of our range of products designed for the separate control of secondary networks and lighting. It programmes the switching off of non-essential light points and turns off festive lighting powered by the public lighting network. This prevents them from being left on unnecessarily throughout the night.<\/p>\t\t\t\t\t\t\t\t<\/div>\n\t\t\t\t<\/div>\n\t\t\t\t\t<\/div>\n\t\t\t\t<\/div>\n\t\t<div class=\"elementor-element elementor-element-574cb1c e-flex e-con-boxed e-con e-parent\" data-id=\"574cb1c\" data-element_type=\"container\" data-e-type=\"container\">\n\t\t\t\t\t<div class=\"e-con-inner\">\n\t\t\t\t<div class=\"elementor-element elementor-element-3535157 elementor-align-center elementor-widget elementor-widget-button\" data-id=\"3535157\" data-element_type=\"widget\" data-e-type=\"widget\" data-widget_type=\"button.default\">\n\t\t\t\t<div class=\"elementor-widget-container\">\n\t\t\t\t\t\t\t\t\t<div class=\"elementor-button-wrapper\">\n\t\t\t\t\t<a class=\"elementor-button elementor-button-link elementor-size-sm\" href=\"https:\/\/bh-technologies.com\/wp-content\/uploads\/2025\/10\/Fiche-produit-E-Lum-P-EN-2025.pdf\" target=\"_blank\">\n\t\t\t\t\t\t<span class=\"elementor-button-content-wrapper\">\n\t\t\t\t\t\t<span class=\"elementor-button-icon\">\n\t\t\t\t<svg aria-hidden=\"true\" class=\"e-font-icon-svg e-fas-file-download\" viewbox=\"0 0 384 512\" xmlns=\"http:\/\/www.w3.org\/2000\/svg\"><path d=\"M224 136V0H24C10.7 0 0 10.7 0 24v464c0 13.3 10.7 24 24 24h336c13.3 0 24-10.7 24-24V160H248c-13.2 0-24-10.8-24-24zm76.45 211.36l-96.42 95.7c-6.65 6.61-17.39 6.61-24.04 0l-96.42-95.7C73.42 337.29 80.54 320 94.82 320H160v-80c0-8.84 7.16-16 16-16h32c8.84 0 16 7.16 16 16v80h65.18c14.28 0 21.4 17.29 11.27 27.36zM377 105L279.1 7c-4.5-4.5-10.6-7-17-7H256v128h128v-6.1c0-6.3-2.5-12.4-7-16.9z\"><\/path><\/svg>\t\t\t<\/span>\n\t\t\t\t\t\t\t\t\t<span class=\"elementor-button-text\">Download<\/span>\n\t\t\t\t\t<\/span>\n\t\t\t\t\t<\/a>\n\t\t\t\t<\/div>\n\t\t\t\t\t\t\t\t<\/div>\n\t\t\t\t<\/div>\n\t\t\t\t\t<\/div>\n\t\t\t\t<\/div>\n\t\t<div class=\"elementor-element elementor-element-9330bac e-flex e-con-boxed e-con e-parent\" data-id=\"9330bac\" data-element_type=\"container\" data-e-type=\"container\">\n\t\t\t\t\t<div class=\"e-con-inner\">\n\t\t<div class=\"elementor-element elementor-element-32608df e-con-full e-flex e-con e-child\" data-id=\"32608df\" data-element_type=\"container\" data-e-type=\"container\">\n\t\t\t\t<div class=\"elementor-element elementor-element-097480c elementor-widget elementor-widget-text-editor\" data-id=\"097480c\" data-element_type=\"widget\" data-e-type=\"widget\" data-widget_type=\"text-editor.default\">\n\t\t\t\t<div class=\"elementor-widget-container\">\n\t\t\t\t\t\t\t\t\t<p>Your public lighting network is already equipped with an E-Lum P?<\/p>\t\t\t\t\t\t\t\t<\/div>\n\t\t\t\t<\/div>\n\t\t<div class=\"elementor-element elementor-element-aeab852 e-con-full e-flex e-con e-child\" data-id=\"aeab852\" data-element_type=\"container\" data-e-type=\"container\">\n\t\t<div class=\"elementor-element elementor-element-d6a9b0e e-flex e-con-boxed e-con e-child\" data-id=\"d6a9b0e\" data-element_type=\"container\" data-e-type=\"container\">\n\t\t\t\t\t<div class=\"e-con-inner\">\n\t\t\t\t<div class=\"elementor-element elementor-element-831873f elementor-widget elementor-widget-text-editor\" data-id=\"831873f\" data-element_type=\"widget\" data-e-type=\"widget\" data-widget_type=\"text-editor.default\">\n\t\t\t\t<div class=\"elementor-widget-container\">\n\t\t\t\t\t\t\t\t\t<p>Download the start-up and installation instructions<\/p>\t\t\t\t\t\t\t\t<\/div>\n\t\t\t\t<\/div>\n\t\t\t\t<div class=\"elementor-element elementor-element-63ac006 elementor-align-center elementor-widget elementor-widget-button\" data-id=\"63ac006\" data-element_type=\"widget\" data-e-type=\"widget\" data-widget_type=\"button.default\">\n\t\t\t\t<div class=\"elementor-widget-container\">\n\t\t\t\t\t\t\t\t\t<div class=\"elementor-button-wrapper\">\n\t\t\t\t\t<a class=\"elementor-button elementor-button-link elementor-size-sm\" href=\"https:\/\/preprod-wp.bh-technologies.com\/wp-content\/uploads\/2025\/06\/Notice-eLUM.pdf\" target=\"_blank\">\n\t\t\t\t\t\t<span class=\"elementor-button-content-wrapper\">\n\t\t\t\t\t\t\t\t\t<span class=\"elementor-button-text\">Click here<\/span>\n\t\t\t\t\t<\/span>\n\t\t\t\t\t<\/a>\n\t\t\t\t<\/div>\n\t\t\t\t\t\t\t\t<\/div>\n\t\t\t\t<\/div>\n\t\t\t\t\t<\/div>\n\t\t\t\t<\/div>\n\t\t\t\t<\/div>\n\t\t\t\t<\/div>\n\t\t\t\t\t<\/div>\n\t\t\t\t<\/div>\n\t\t\t\t<\/div>","protected":false},"excerpt":{"rendered":"<p>E-Lum P appartient \u00e0 notre gamme de produits d\u00e9di\u00e9e au pilotage s\u00e9par\u00e9 des r\u00e9seaux secondaires et des illuminations. Il programme la coupure des points lumineux non essentiels et \u00e9teint les illuminations festives aliment\u00e9es par le r\u00e9seau d\u2019\u00e9clairage public. Il \u00e9vite de les laisser allum\u00e9s toute la nuit inutilement. T\u00e9l\u00e9chargez Votre parc d\u2019\u00e9clairage public est d\u00e9j\u00e0 [&hellip;]<\/p>\n","protected":false},"featured_media":21133,"template":"","meta":[],"product_brand":[],"product_cat":[74,78],"product_tag":[],"class_list":{"0":"post-19543","1":"product","2":"type-product","3":"status-publish","4":"has-post-thumbnail","6":"product_cat-armoire-electrique","7":"product_cat-reseaux-secondaires","9":"first","10":"instock","11":"shipping-taxable","12":"product-type-simple"},"aioseo_notices":[],"_links":{"self":[{"href":"https:\/\/bh-technologies.com\/en\/wp-json\/wp\/v2\/product\/19543","targetHints":{"allow":["GET"]}}],"collection":[{"href":"https:\/\/bh-technologies.com\/en\/wp-json\/wp\/v2\/product"}],"about":[{"href":"https:\/\/bh-technologies.com\/en\/wp-json\/wp\/v2\/types\/product"}],"version-history":[{"count":22,"href":"https:\/\/bh-technologies.com\/en\/wp-json\/wp\/v2\/product\/19543\/revisions"}],"predecessor-version":[{"id":24031,"href":"https:\/\/bh-technologies.com\/en\/wp-json\/wp\/v2\/product\/19543\/revisions\/24031"}],"wp:featuredmedia":[{"embeddable":true,"href":"https:\/\/bh-technologies.com\/en\/wp-json\/wp\/v2\/media\/21133"}],"wp:attachment":[{"href":"https:\/\/bh-technologies.com\/en\/wp-json\/wp\/v2\/media?parent=19543"}],"wp:term":[{"taxonomy":"product_brand","embeddable":true,"href":"https:\/\/bh-technologies.com\/en\/wp-json\/wp\/v2\/product_brand?post=19543"},{"taxonomy":"product_cat","embeddable":true,"href":"https:\/\/bh-technologies.com\/en\/wp-json\/wp\/v2\/product_cat?post=19543"},{"taxonomy":"product_tag","embeddable":true,"href":"https:\/\/bh-technologies.com\/en\/wp-json\/wp\/v2\/product_tag?post=19543"}],"curies":[{"name":"wp","href":"https:\/\/api.w.org\/{rel}","templated":true}]}}