{"id":19532,"date":"2025-05-09T19:04:34","date_gmt":"2025-05-09T17:04:34","guid":{"rendered":"https:\/\/preprod-wp.bh-technologies.com\/?post_type=product&#038;p=19532"},"modified":"2025-11-04T15:29:38","modified_gmt":"2025-11-04T14:29:38","slug":"luceapp","status":"publish","type":"product","link":"https:\/\/bh-technologies.com\/en\/boutique\/armoire-electrique\/horloges-autonomes\/luceapp\/","title":{"rendered":"LUCE APP"},"content":{"rendered":"<div data-elementor-type=\"product-post\" data-elementor-id=\"19532\" class=\"elementor elementor-19532\" data-elementor-post-type=\"product\">\n\t\t\t\t<div class=\"elementor-element elementor-element-6163252a e-flex e-con-boxed e-con e-parent\" data-id=\"6163252a\" data-element_type=\"container\" data-e-type=\"container\">\n\t\t\t\t\t<div class=\"e-con-inner\">\n\t\t\t\t<div class=\"elementor-element elementor-element-7e0ff86b elementor-widget elementor-widget-text-editor\" data-id=\"7e0ff86b\" data-element_type=\"widget\" data-e-type=\"widget\" data-widget_type=\"text-editor.default\">\n\t\t\t\t<div class=\"elementor-widget-container\">\n\t\t\t\t\t\t\t\t\t<p class=\"p2\"><b>Luce App<\/b>, designed by BH Technologies, simplifies life for local authorities and installers. This mobile application makes equipment configuration and maintenance faster, more intuitive and more secure. It allows you to programme <a href=\"https:\/\/bh-technologies.com\/en\/boutique\/armoire-electrique\/horloges-autonomes\/radiolite-220-neo\/\">Radiolite 220<\/a> and <a href=\"https:\/\/bh-technologies.com\/en\/boutique\/armoire-electrique\/horloges-connectees\/radiolite-4xx-neo\/\">4XX<\/a> (equipped with a Glob antenna) while overseeing the deployment of <a href=\"https:\/\/bh-technologies.com\/en\/product-category\/points-lumineux\/\">BH Nodes<\/a>. With its clear interface and direct connection to devices, Luce App streamlines configuration, commissioning and maintenance in the field. A true ally for optimised, connected public lighting management.<\/p><p>Luce App is available for free on <strong><a href=\"https:\/\/play.google.com\/store\/apps\/details?id=com.bhtechnologies.luceapp&amp;hl=fr\" target=\"_blank\" rel=\"noopener\">Google Play<\/a><\/strong> and <strong><a href=\"https:\/\/apps.apple.com\/fr\/app\/luceapp\/id6739280982\" target=\"_blank\" rel=\"noopener\">Apple Store<\/a><\/strong>.<\/p>\t\t\t\t\t\t\t\t<\/div>\n\t\t\t\t<\/div>\n\t\t\t\t\t<\/div>\n\t\t\t\t<\/div>\n\t\t<div class=\"elementor-element elementor-element-e84c3bd e-flex e-con-boxed e-con e-parent\" data-id=\"e84c3bd\" data-element_type=\"container\" data-e-type=\"container\">\n\t\t\t\t\t<div class=\"e-con-inner\">\n\t\t<div class=\"elementor-element elementor-element-978a840 e-con-full e-flex e-con e-child\" data-id=\"978a840\" data-element_type=\"container\" data-e-type=\"container\">\n\t\t\t\t<div class=\"elementor-element elementor-element-aaf7498 elementor-align-center elementor-widget elementor-widget-button\" data-id=\"aaf7498\" data-element_type=\"widget\" data-e-type=\"widget\" data-widget_type=\"button.default\">\n\t\t\t\t<div class=\"elementor-widget-container\">\n\t\t\t\t\t\t\t\t\t<div class=\"elementor-button-wrapper\">\n\t\t\t\t\t<a class=\"elementor-button elementor-button-link elementor-size-sm\" href=\"https:\/\/bh-technologies.com\/wp-content\/uploads\/2025\/10\/Fiche-produit-Luce-App-EN-2025.pdf\" target=\"_blank\">\n\t\t\t\t\t\t<span class=\"elementor-button-content-wrapper\">\n\t\t\t\t\t\t<span class=\"elementor-button-icon\">\n\t\t\t\t<svg aria-hidden=\"true\" class=\"e-font-icon-svg e-fas-file-download\" viewbox=\"0 0 384 512\" xmlns=\"http:\/\/www.w3.org\/2000\/svg\"><path d=\"M224 136V0H24C10.7 0 0 10.7 0 24v464c0 13.3 10.7 24 24 24h336c13.3 0 24-10.7 24-24V160H248c-13.2 0-24-10.8-24-24zm76.45 211.36l-96.42 95.7c-6.65 6.61-17.39 6.61-24.04 0l-96.42-95.7C73.42 337.29 80.54 320 94.82 320H160v-80c0-8.84 7.16-16 16-16h32c8.84 0 16 7.16 16 16v80h65.18c14.28 0 21.4 17.29 11.27 27.36zM377 105L279.1 7c-4.5-4.5-10.6-7-17-7H256v128h128v-6.1c0-6.3-2.5-12.4-7-16.9z\"><\/path><\/svg>\t\t\t<\/span>\n\t\t\t\t\t\t\t\t\t<span class=\"elementor-button-text\">Download<\/span>\n\t\t\t\t\t<\/span>\n\t\t\t\t\t<\/a>\n\t\t\t\t<\/div>\n\t\t\t\t\t\t\t\t<\/div>\n\t\t\t\t<\/div>\n\t\t\t\t<\/div>\n\t\t<div class=\"elementor-element elementor-element-1be9fcc e-con-full e-flex e-con e-child\" data-id=\"1be9fcc\" data-element_type=\"container\" data-e-type=\"container\">\n\t\t\t\t<div class=\"elementor-element elementor-element-ea4224a elementor-align-center elementor-widget elementor-widget-button\" data-id=\"ea4224a\" data-element_type=\"widget\" data-e-type=\"widget\" data-widget_type=\"button.default\">\n\t\t\t\t<div class=\"elementor-widget-container\">\n\t\t\t\t\t\t\t\t\t<div class=\"elementor-button-wrapper\">\n\t\t\t\t\t<a class=\"elementor-button elementor-button-link elementor-size-sm\" href=\"https:\/\/youtu.be\/YoeCYil4dzw?si=-Uf9GV9vsBs0H-V_\" target=\"_blank\">\n\t\t\t\t\t\t<span class=\"elementor-button-content-wrapper\">\n\t\t\t\t\t\t<span class=\"elementor-button-icon\">\n\t\t\t\t<svg aria-hidden=\"true\" class=\"e-font-icon-svg e-fas-video\" viewbox=\"0 0 576 512\" xmlns=\"http:\/\/www.w3.org\/2000\/svg\"><path d=\"M336.2 64H47.8C21.4 64 0 85.4 0 111.8v288.4C0 426.6 21.4 448 47.8 448h288.4c26.4 0 47.8-21.4 47.8-47.8V111.8c0-26.4-21.4-47.8-47.8-47.8zm189.4 37.7L416 177.3v157.4l109.6 75.5c21.2 14.6 50.4-.3 50.4-25.8V127.5c0-25.4-29.1-40.4-50.4-25.8z\"><\/path><\/svg>\t\t\t<\/span>\n\t\t\t\t\t\t\t\t\t<span class=\"elementor-button-text\">Tutorial (in French)<\/span>\n\t\t\t\t\t<\/span>\n\t\t\t\t\t<\/a>\n\t\t\t\t<\/div>\n\t\t\t\t\t\t\t\t<\/div>\n\t\t\t\t<\/div>\n\t\t\t\t<\/div>\n\t\t\t\t\t<\/div>\n\t\t\t\t<\/div>\n\t\t<div class=\"elementor-element elementor-element-3e7d6aa e-flex e-con-boxed e-con e-parent\" data-id=\"3e7d6aa\" data-element_type=\"container\" data-e-type=\"container\">\n\t\t\t\t\t<div class=\"e-con-inner\">\n\t\t\t\t\t<\/div>\n\t\t\t\t<\/div>\n\t\t\t\t<\/div>","protected":false},"excerpt":{"rendered":"<p>Luce App, con\u00e7ue par BH Technologies, simplifie la vie des collectivit\u00e9s et des installateurs. Cette application mobile rend le param\u00e9trage et la maintenance des \u00e9quipements plus rapides, intuitifs et s\u00e9curis\u00e9s. Elle permet de programmer les Radiolite 220 et 4XX (\u00e9quip\u00e9es d&#8217;une antenne Glob) tout en pilotant le d\u00e9ploiement des BH Nodes. Gr\u00e2ce \u00e0 une interface [&hellip;]<\/p>\n","protected":false},"featured_media":23737,"template":"","meta":[],"product_brand":[],"product_cat":[74,76,75,79],"product_tag":[],"class_list":{"0":"post-19532","1":"product","2":"type-product","3":"status-publish","4":"has-post-thumbnail","6":"product_cat-armoire-electrique","7":"product_cat-horloges-autonomes","8":"product_cat-horloges-connectees","9":"product_cat-points-lumineux","11":"first","12":"instock","13":"shipping-taxable","14":"product-type-simple"},"aioseo_notices":[],"_links":{"self":[{"href":"https:\/\/bh-technologies.com\/en\/wp-json\/wp\/v2\/product\/19532","targetHints":{"allow":["GET"]}}],"collection":[{"href":"https:\/\/bh-technologies.com\/en\/wp-json\/wp\/v2\/product"}],"about":[{"href":"https:\/\/bh-technologies.com\/en\/wp-json\/wp\/v2\/types\/product"}],"version-history":[{"count":45,"href":"https:\/\/bh-technologies.com\/en\/wp-json\/wp\/v2\/product\/19532\/revisions"}],"predecessor-version":[{"id":24058,"href":"https:\/\/bh-technologies.com\/en\/wp-json\/wp\/v2\/product\/19532\/revisions\/24058"}],"wp:featuredmedia":[{"embeddable":true,"href":"https:\/\/bh-technologies.com\/en\/wp-json\/wp\/v2\/media\/23737"}],"wp:attachment":[{"href":"https:\/\/bh-technologies.com\/en\/wp-json\/wp\/v2\/media?parent=19532"}],"wp:term":[{"taxonomy":"product_brand","embeddable":true,"href":"https:\/\/bh-technologies.com\/en\/wp-json\/wp\/v2\/product_brand?post=19532"},{"taxonomy":"product_cat","embeddable":true,"href":"https:\/\/bh-technologies.com\/en\/wp-json\/wp\/v2\/product_cat?post=19532"},{"taxonomy":"product_tag","embeddable":true,"href":"https:\/\/bh-technologies.com\/en\/wp-json\/wp\/v2\/product_tag?post=19532"}],"curies":[{"name":"wp","href":"https:\/\/api.w.org\/{rel}","templated":true}]}}