{"id":19530,"date":"2025-05-09T19:01:26","date_gmt":"2025-05-09T17:01:26","guid":{"rendered":"https:\/\/preprod-wp.bh-technologies.com\/?post_type=product&#038;p=19530"},"modified":"2025-11-14T16:06:07","modified_gmt":"2025-11-14T15:06:07","slug":"luceconnect","status":"publish","type":"product","link":"https:\/\/bh-technologies.com\/en\/boutique\/armoire-electrique\/horloges-connectees\/luceconnect\/","title":{"rendered":"LUCE: ELECTRICAL CABINET"},"content":{"rendered":"<div data-elementor-type=\"product-post\" data-elementor-id=\"19530\" class=\"elementor elementor-19530\" data-elementor-post-type=\"product\">\n\t\t\t\t<div class=\"elementor-element elementor-element-6949eb14 e-flex e-con-boxed e-con e-parent\" data-id=\"6949eb14\" data-element_type=\"container\" data-e-type=\"container\">\n\t\t\t\t\t<div class=\"e-con-inner\">\n\t\t\t\t<div class=\"elementor-element elementor-element-5eebfcd6 elementor-widget elementor-widget-text-editor\" data-id=\"5eebfcd6\" data-element_type=\"widget\" data-e-type=\"widget\" data-widget_type=\"text-editor.default\">\n\t\t\t\t<div class=\"elementor-widget-container\">\n\t\t\t\t\t\t\t\t\t<p style=\"text-align: left;\"><strong><a href=\"https:\/\/luce.bh-technologies.com\/login\" target=\"_blank\" rel=\"noopener\">Luce<\/a><\/strong> is a business platform consisting of <strong><a href=\"https:\/\/preprod-wp.bh-technologies.com\/product\/luceapp\/\">Luce App<\/a><\/strong>, Luce Connect and LucEnergie. Accurate knowledge of the consumption of the electrical cabinet fleet<a href=\"https:\/\/luce.bh-technologies.com\/login\" target=\"_blank\" rel=\"noopener\">,<\/a> ensuring that it is in good working order and being able to analyse data easily: this is the key to optimising your public lighting.<\/p><ul><li style=\"text-align: left;\">Easy installation and setup<\/li><li style=\"text-align: left;\">Compatibility and interoperability<\/li><li style=\"text-align: left;\">Controlling the energy performance of electrical cabinet fleets<\/li><li style=\"text-align: left;\">A scalable &amp; secure business platform<\/li><\/ul>\t\t\t\t\t\t\t\t<\/div>\n\t\t\t\t<\/div>\n\t\t\t\t\t<\/div>\n\t\t\t\t<\/div>\n\t\t<div class=\"elementor-element elementor-element-85c62f3 e-flex e-con-boxed e-con e-parent\" data-id=\"85c62f3\" data-element_type=\"container\" data-e-type=\"container\">\n\t\t\t\t\t<div class=\"e-con-inner\">\n\t\t\t\t<div class=\"elementor-element elementor-element-9f6fb01 elementor-align-center elementor-widget elementor-widget-button\" data-id=\"9f6fb01\" data-element_type=\"widget\" data-e-type=\"widget\" data-widget_type=\"button.default\">\n\t\t\t\t<div class=\"elementor-widget-container\">\n\t\t\t\t\t\t\t\t\t<div class=\"elementor-button-wrapper\">\n\t\t\t\t\t<a class=\"elementor-button elementor-button-link elementor-size-sm\" href=\"https:\/\/bh-technologies.com\/wp-content\/uploads\/2025\/10\/Fiche-produit-Luce-Armoire-EN-2025.pdf\" target=\"_blank\">\n\t\t\t\t\t\t<span class=\"elementor-button-content-wrapper\">\n\t\t\t\t\t\t<span class=\"elementor-button-icon\">\n\t\t\t\t<svg aria-hidden=\"true\" class=\"e-font-icon-svg e-fas-file-download\" viewbox=\"0 0 384 512\" xmlns=\"http:\/\/www.w3.org\/2000\/svg\"><path d=\"M224 136V0H24C10.7 0 0 10.7 0 24v464c0 13.3 10.7 24 24 24h336c13.3 0 24-10.7 24-24V160H248c-13.2 0-24-10.8-24-24zm76.45 211.36l-96.42 95.7c-6.65 6.61-17.39 6.61-24.04 0l-96.42-95.7C73.42 337.29 80.54 320 94.82 320H160v-80c0-8.84 7.16-16 16-16h32c8.84 0 16 7.16 16 16v80h65.18c14.28 0 21.4 17.29 11.27 27.36zM377 105L279.1 7c-4.5-4.5-10.6-7-17-7H256v128h128v-6.1c0-6.3-2.5-12.4-7-16.9z\"><\/path><\/svg>\t\t\t<\/span>\n\t\t\t\t\t\t\t\t\t<span class=\"elementor-button-text\">Download<\/span>\n\t\t\t\t\t<\/span>\n\t\t\t\t\t<\/a>\n\t\t\t\t<\/div>\n\t\t\t\t\t\t\t\t<\/div>\n\t\t\t\t<\/div>\n\t\t\t\t\t<\/div>\n\t\t\t\t<\/div>\n\t\t\t\t<\/div>","protected":false},"excerpt":{"rendered":"<p>Luce est une plate-forme m\u00e9tier compos\u00e9e de Luce App, Luce Connect et de LucEnergie. Conna\u00eetre pr\u00e9cis\u00e9ment les consommations du parc d\u2019armoires \u00e9lectriques, s\u2019assurer de son \u00e9tat de fonctionnement, pouvoir analyser simplement les donn\u00e9es : c\u2019est la cl\u00e9 pour une maitrise optimis\u00e9e de votre \u00e9clairage public. Installation &amp; mise en oeuvre faciles Compatibilit\u00e9 et interop\u00e9rabilit\u00e9 Ma\u00eetrise [&hellip;]<\/p>\n","protected":false},"featured_media":24525,"template":"","meta":[],"product_brand":[],"product_cat":[74,75],"product_tag":[],"class_list":{"0":"post-19530","1":"product","2":"type-product","3":"status-publish","4":"has-post-thumbnail","6":"product_cat-armoire-electrique","7":"product_cat-horloges-connectees","9":"first","10":"instock","11":"shipping-taxable","12":"product-type-simple"},"aioseo_notices":[],"_links":{"self":[{"href":"https:\/\/bh-technologies.com\/en\/wp-json\/wp\/v2\/product\/19530","targetHints":{"allow":["GET"]}}],"collection":[{"href":"https:\/\/bh-technologies.com\/en\/wp-json\/wp\/v2\/product"}],"about":[{"href":"https:\/\/bh-technologies.com\/en\/wp-json\/wp\/v2\/types\/product"}],"version-history":[{"count":42,"href":"https:\/\/bh-technologies.com\/en\/wp-json\/wp\/v2\/product\/19530\/revisions"}],"predecessor-version":[{"id":24530,"href":"https:\/\/bh-technologies.com\/en\/wp-json\/wp\/v2\/product\/19530\/revisions\/24530"}],"wp:featuredmedia":[{"embeddable":true,"href":"https:\/\/bh-technologies.com\/en\/wp-json\/wp\/v2\/media\/24525"}],"wp:attachment":[{"href":"https:\/\/bh-technologies.com\/en\/wp-json\/wp\/v2\/media?parent=19530"}],"wp:term":[{"taxonomy":"product_brand","embeddable":true,"href":"https:\/\/bh-technologies.com\/en\/wp-json\/wp\/v2\/product_brand?post=19530"},{"taxonomy":"product_cat","embeddable":true,"href":"https:\/\/bh-technologies.com\/en\/wp-json\/wp\/v2\/product_cat?post=19530"},{"taxonomy":"product_tag","embeddable":true,"href":"https:\/\/bh-technologies.com\/en\/wp-json\/wp\/v2\/product_tag?post=19530"}],"curies":[{"name":"wp","href":"https:\/\/api.w.org\/{rel}","templated":true}]}}