{"id":19528,"date":"2025-05-09T18:58:53","date_gmt":"2025-05-09T16:58:53","guid":{"rendered":"https:\/\/preprod-wp.bh-technologies.com\/?post_type=product&#038;p=19528"},"modified":"2025-11-04T15:18:11","modified_gmt":"2025-11-04T14:18:11","slug":"st-compact","status":"publish","type":"product","link":"https:\/\/bh-technologies.com\/en\/boutique\/armoire-electrique\/regulateurs-variateurs\/st-compact\/","title":{"rendered":"ST COMPACT"},"content":{"rendered":"<div data-elementor-type=\"product-post\" data-elementor-id=\"19528\" class=\"elementor elementor-19528\" data-elementor-post-type=\"product\">\n\t\t\t\t<div class=\"elementor-element elementor-element-67cdf6ae e-flex e-con-boxed e-con e-parent\" data-id=\"67cdf6ae\" data-element_type=\"container\" data-e-type=\"container\">\n\t\t\t\t\t<div class=\"e-con-inner\">\n\t\t\t\t<div class=\"elementor-element elementor-element-228f68e1 elementor-widget elementor-widget-text-editor\" data-id=\"228f68e1\" data-element_type=\"widget\" data-e-type=\"widget\" data-widget_type=\"text-editor.default\">\n\t\t\t\t<div class=\"elementor-widget-container\">\n\t\t\t\t\t\t\t\t\t<p style=\"text-align: left;\"><strong>ST Compact<\/strong> is a compact single-phase voltage regulator-variator. With its integrated twilight control, it provides immediate energy savings of up to 50% in existing public lighting cabinets, without any modification to the networks. This solution is compatible with both discharge lamp and LED technologies.<\/p><ul><li style=\"text-align: left;\">Single-phase cabinet less than 7 kVA<\/li><\/ul>\t\t\t\t\t\t\t\t<\/div>\n\t\t\t\t<\/div>\n\t\t\t\t\t<\/div>\n\t\t\t\t<\/div>\n\t\t<div class=\"elementor-element elementor-element-49e02f9 e-flex e-con-boxed e-con e-parent\" data-id=\"49e02f9\" data-element_type=\"container\" data-e-type=\"container\">\n\t\t\t\t\t<div class=\"e-con-inner\">\n\t\t\t\t<div class=\"elementor-element elementor-element-8acd8c2 elementor-align-center elementor-widget elementor-widget-button\" data-id=\"8acd8c2\" data-element_type=\"widget\" data-e-type=\"widget\" data-widget_type=\"button.default\">\n\t\t\t\t<div class=\"elementor-widget-container\">\n\t\t\t\t\t\t\t\t\t<div class=\"elementor-button-wrapper\">\n\t\t\t\t\t<a class=\"elementor-button elementor-button-link elementor-size-sm\" href=\"https:\/\/bh-technologies.com\/wp-content\/uploads\/2025\/10\/Fiche-produit-ST-Compact-EN-2025.pdf\" target=\"_blank\">\n\t\t\t\t\t\t<span class=\"elementor-button-content-wrapper\">\n\t\t\t\t\t\t<span class=\"elementor-button-icon\">\n\t\t\t\t<svg aria-hidden=\"true\" class=\"e-font-icon-svg e-fas-file-download\" viewbox=\"0 0 384 512\" xmlns=\"http:\/\/www.w3.org\/2000\/svg\"><path d=\"M224 136V0H24C10.7 0 0 10.7 0 24v464c0 13.3 10.7 24 24 24h336c13.3 0 24-10.7 24-24V160H248c-13.2 0-24-10.8-24-24zm76.45 211.36l-96.42 95.7c-6.65 6.61-17.39 6.61-24.04 0l-96.42-95.7C73.42 337.29 80.54 320 94.82 320H160v-80c0-8.84 7.16-16 16-16h32c8.84 0 16 7.16 16 16v80h65.18c14.28 0 21.4 17.29 11.27 27.36zM377 105L279.1 7c-4.5-4.5-10.6-7-17-7H256v128h128v-6.1c0-6.3-2.5-12.4-7-16.9z\"><\/path><\/svg>\t\t\t<\/span>\n\t\t\t\t\t\t\t\t\t<span class=\"elementor-button-text\">Download<\/span>\n\t\t\t\t\t<\/span>\n\t\t\t\t\t<\/a>\n\t\t\t\t<\/div>\n\t\t\t\t\t\t\t\t<\/div>\n\t\t\t\t<\/div>\n\t\t\t\t\t<\/div>\n\t\t\t\t<\/div>\n\t\t\t\t<\/div>","protected":false},"excerpt":{"rendered":"<p>ST Compact est r\u00e9gulateur-variateur de tension monophas\u00e9 compact. Avec sa commande cr\u00e9pusculaire int\u00e9gr\u00e9e, il apporte jusqu\u2019\u00e0 50 % d\u2019\u00e9conomies d\u2019\u00e9nergie imm\u00e9diates dans les coffrets d\u2019\u00e9clairage public existants, sans modification des r\u00e9seaux. Cette solution est compatible avec les technologies de lampes \u00e0 d\u00e9charge comme \u00e0 LED. Armoire monophas\u00e9e inf\u00e9rieure \u00e0 7 KvA T\u00e9l\u00e9chargez<\/p>","protected":false},"featured_media":21117,"template":"","meta":[],"product_brand":[],"product_cat":[74,77],"product_tag":[],"class_list":{"0":"post-19528","1":"product","2":"type-product","3":"status-publish","4":"has-post-thumbnail","6":"product_cat-armoire-electrique","7":"product_cat-regulateurs-variateurs","9":"first","10":"instock","11":"shipping-taxable","12":"product-type-simple"},"aioseo_notices":[],"_links":{"self":[{"href":"https:\/\/bh-technologies.com\/en\/wp-json\/wp\/v2\/product\/19528","targetHints":{"allow":["GET"]}}],"collection":[{"href":"https:\/\/bh-technologies.com\/en\/wp-json\/wp\/v2\/product"}],"about":[{"href":"https:\/\/bh-technologies.com\/en\/wp-json\/wp\/v2\/types\/product"}],"version-history":[{"count":18,"href":"https:\/\/bh-technologies.com\/en\/wp-json\/wp\/v2\/product\/19528\/revisions"}],"predecessor-version":[{"id":24043,"href":"https:\/\/bh-technologies.com\/en\/wp-json\/wp\/v2\/product\/19528\/revisions\/24043"}],"wp:featuredmedia":[{"embeddable":true,"href":"https:\/\/bh-technologies.com\/en\/wp-json\/wp\/v2\/media\/21117"}],"wp:attachment":[{"href":"https:\/\/bh-technologies.com\/en\/wp-json\/wp\/v2\/media?parent=19528"}],"wp:term":[{"taxonomy":"product_brand","embeddable":true,"href":"https:\/\/bh-technologies.com\/en\/wp-json\/wp\/v2\/product_brand?post=19528"},{"taxonomy":"product_cat","embeddable":true,"href":"https:\/\/bh-technologies.com\/en\/wp-json\/wp\/v2\/product_cat?post=19528"},{"taxonomy":"product_tag","embeddable":true,"href":"https:\/\/bh-technologies.com\/en\/wp-json\/wp\/v2\/product_tag?post=19528"}],"curies":[{"name":"wp","href":"https:\/\/api.w.org\/{rel}","templated":true}]}}