{"id":19526,"date":"2025-05-09T18:57:25","date_gmt":"2025-05-09T16:57:25","guid":{"rendered":"https:\/\/preprod-wp.bh-technologies.com\/?post_type=product&#038;p=19526"},"modified":"2025-11-04T15:18:35","modified_gmt":"2025-11-04T14:18:35","slug":"st-basic","status":"publish","type":"product","link":"https:\/\/bh-technologies.com\/en\/boutique\/armoire-electrique\/regulateurs-variateurs\/st-basic\/","title":{"rendered":"ST BASIC"},"content":{"rendered":"<div data-elementor-type=\"product-post\" data-elementor-id=\"19526\" class=\"elementor elementor-19526\" data-elementor-post-type=\"product\">\n\t\t\t\t<div class=\"elementor-element elementor-element-1b8eecc5 e-flex e-con-boxed e-con e-parent\" data-id=\"1b8eecc5\" data-element_type=\"container\" data-e-type=\"container\">\n\t\t\t\t\t<div class=\"e-con-inner\">\n\t\t\t\t<div class=\"elementor-element elementor-element-3caee5fe elementor-widget elementor-widget-text-editor\" data-id=\"3caee5fe\" data-element_type=\"widget\" data-e-type=\"widget\" data-widget_type=\"text-editor.default\">\n\t\t\t\t<div class=\"elementor-widget-container\">\n\t\t\t\t\t\t\t\t\t<p style=\"text-align: left;\"><strong>ST Basic<\/strong> is a compact voltage regulator-variator unit for managing public lighting power. It works on all types of networks, with all types of discharge and LED lamps. It provides immediate savings for installations, without modifying the network, and supports future technological developments.<\/p><ul><li class=\"p1\">Single-phase cabinet from 7 to 15 kVA<\/li><li class=\"p1\">Three-phase cabinet from 8 to 75 kVA<\/li><\/ul>\t\t\t\t\t\t\t\t<\/div>\n\t\t\t\t<\/div>\n\t\t\t\t\t<\/div>\n\t\t\t\t<\/div>\n\t\t<div class=\"elementor-element elementor-element-5ad50ab e-flex e-con-boxed e-con e-parent\" data-id=\"5ad50ab\" data-element_type=\"container\" data-e-type=\"container\">\n\t\t\t\t\t<div class=\"e-con-inner\">\n\t\t\t\t<div class=\"elementor-element elementor-element-400ea07 elementor-align-center elementor-widget elementor-widget-button\" data-id=\"400ea07\" data-element_type=\"widget\" data-e-type=\"widget\" data-widget_type=\"button.default\">\n\t\t\t\t<div class=\"elementor-widget-container\">\n\t\t\t\t\t\t\t\t\t<div class=\"elementor-button-wrapper\">\n\t\t\t\t\t<a class=\"elementor-button elementor-button-link elementor-size-sm\" href=\"https:\/\/bh-technologies.com\/wp-content\/uploads\/2025\/10\/Fiche-produit-ST-Basic-EN-2025.pdf\" target=\"_blank\">\n\t\t\t\t\t\t<span class=\"elementor-button-content-wrapper\">\n\t\t\t\t\t\t<span class=\"elementor-button-icon\">\n\t\t\t\t<svg aria-hidden=\"true\" class=\"e-font-icon-svg e-fas-file-download\" viewbox=\"0 0 384 512\" xmlns=\"http:\/\/www.w3.org\/2000\/svg\"><path d=\"M224 136V0H24C10.7 0 0 10.7 0 24v464c0 13.3 10.7 24 24 24h336c13.3 0 24-10.7 24-24V160H248c-13.2 0-24-10.8-24-24zm76.45 211.36l-96.42 95.7c-6.65 6.61-17.39 6.61-24.04 0l-96.42-95.7C73.42 337.29 80.54 320 94.82 320H160v-80c0-8.84 7.16-16 16-16h32c8.84 0 16 7.16 16 16v80h65.18c14.28 0 21.4 17.29 11.27 27.36zM377 105L279.1 7c-4.5-4.5-10.6-7-17-7H256v128h128v-6.1c0-6.3-2.5-12.4-7-16.9z\"><\/path><\/svg>\t\t\t<\/span>\n\t\t\t\t\t\t\t\t\t<span class=\"elementor-button-text\">Download<\/span>\n\t\t\t\t\t<\/span>\n\t\t\t\t\t<\/a>\n\t\t\t\t<\/div>\n\t\t\t\t\t\t\t\t<\/div>\n\t\t\t\t<\/div>\n\t\t\t\t\t<\/div>\n\t\t\t\t<\/div>\n\t\t\t\t<\/div>","protected":false},"excerpt":{"rendered":"<p>ST Basic est un bloc r\u00e9gulateur-variateur de tension compact pour la gestion de la puissance de l\u2019\u00e9clairage public. Il fonctionne sur tous types de r\u00e9seaux, avec tous types de lampes \u00e0 d\u00e9charge et \u00e0 LED. Il apporte des \u00e9conomies imm\u00e9diates aux installations, sans modification du r\u00e9seau, et supporte les \u00e9volutions technologiques ult\u00e9rieures. Armoire monophas\u00e9e de [&hellip;]<\/p>\n","protected":false},"featured_media":21115,"template":"","meta":[],"product_brand":[],"product_cat":[74,77],"product_tag":[],"class_list":{"0":"post-19526","1":"product","2":"type-product","3":"status-publish","4":"has-post-thumbnail","6":"product_cat-armoire-electrique","7":"product_cat-regulateurs-variateurs","9":"first","10":"instock","11":"shipping-taxable","12":"product-type-simple"},"aioseo_notices":[],"_links":{"self":[{"href":"https:\/\/bh-technologies.com\/en\/wp-json\/wp\/v2\/product\/19526","targetHints":{"allow":["GET"]}}],"collection":[{"href":"https:\/\/bh-technologies.com\/en\/wp-json\/wp\/v2\/product"}],"about":[{"href":"https:\/\/bh-technologies.com\/en\/wp-json\/wp\/v2\/types\/product"}],"version-history":[{"count":19,"href":"https:\/\/bh-technologies.com\/en\/wp-json\/wp\/v2\/product\/19526\/revisions"}],"predecessor-version":[{"id":24046,"href":"https:\/\/bh-technologies.com\/en\/wp-json\/wp\/v2\/product\/19526\/revisions\/24046"}],"wp:featuredmedia":[{"embeddable":true,"href":"https:\/\/bh-technologies.com\/en\/wp-json\/wp\/v2\/media\/21115"}],"wp:attachment":[{"href":"https:\/\/bh-technologies.com\/en\/wp-json\/wp\/v2\/media?parent=19526"}],"wp:term":[{"taxonomy":"product_brand","embeddable":true,"href":"https:\/\/bh-technologies.com\/en\/wp-json\/wp\/v2\/product_brand?post=19526"},{"taxonomy":"product_cat","embeddable":true,"href":"https:\/\/bh-technologies.com\/en\/wp-json\/wp\/v2\/product_cat?post=19526"},{"taxonomy":"product_tag","embeddable":true,"href":"https:\/\/bh-technologies.com\/en\/wp-json\/wp\/v2\/product_tag?post=19526"}],"curies":[{"name":"wp","href":"https:\/\/api.w.org\/{rel}","templated":true}]}}