{"id":3,"date":"2025-04-13T14:32:07","date_gmt":"2025-04-13T12:32:07","guid":{"rendered":"https:\/\/preprod-wp.bh-technologies.com\/?page_id=3"},"modified":"2026-04-15T11:20:46","modified_gmt":"2026-04-15T09:20:46","slug":"politique-de-confidentialite","status":"publish","type":"page","link":"https:\/\/bh-technologies.com\/en\/politique-de-confidentialite\/","title":{"rendered":"Privacy policy"},"content":{"rendered":"<div data-elementor-type=\"wp-page\" data-elementor-id=\"3\" class=\"elementor elementor-3\" data-elementor-post-type=\"page\">\n\t\t\t\t<div class=\"elementor-element elementor-element-cbdd0ab e-flex e-con-boxed e-con e-parent\" data-id=\"cbdd0ab\" data-element_type=\"container\" data-e-type=\"container\">\n\t\t\t\t\t<div class=\"e-con-inner\">\n\t\t\t\t<div class=\"elementor-element elementor-element-d3f51fe elementor-widget elementor-widget-heading\" data-id=\"d3f51fe\" data-element_type=\"widget\" data-e-type=\"widget\" data-widget_type=\"heading.default\">\n\t\t\t\t<div class=\"elementor-widget-container\">\n\t\t\t\t\t<h2 class=\"elementor-heading-title elementor-size-default\">Privacy policy<\/h2>\t\t\t\t<\/div>\n\t\t\t\t<\/div>\n\t\t\t\t\t<\/div>\n\t\t\t\t<\/div>\n\t\t<div class=\"elementor-element elementor-element-416e9d3a e-flex e-con-boxed e-con e-parent\" data-id=\"416e9d3a\" data-element_type=\"container\" data-e-type=\"container\">\n\t\t\t\t\t<div class=\"e-con-inner\">\n\t\t\t\t<div class=\"elementor-element elementor-element-2bd3bd39 elementor-widget elementor-widget-text-editor\" data-id=\"2bd3bd39\" data-element_type=\"widget\" data-e-type=\"widget\" data-widget_type=\"text-editor.default\">\n\t\t\t\t<div class=\"elementor-widget-container\">\n\t\t\t\t\t\t\t\t\t<div class=\"legalsPages\">\n<h2 class=\"wp-block-heading\">Article 1: Preamble<\/h2>\n\n<p>The purpose of this privacy policy is to inform users of the site:<\/p>\n\n<p>\u2022 On how their personal data is collected. Personal data is defined as any information that can be used to identify a user. This may include, but is not limited to: their first and last name, age, postal or email address, location, or IP address (non-exhaustive list).<\/p>\n\n<p>\u00b7\u00a0\u00a0\u00a0\u00a0\u00a0\u00a0 Regarding the rights they hold in relation to these data;<\/p>\n\n<p>\u00b7\u00a0\u00a0\u00a0\u00a0\u00a0\u00a0 Regarding the data controller responsible for the personal data collected and processed;<\/p>\n\n<p>\u00b7\u00a0\u00a0\u00a0\u00a0\u00a0\u00a0 Regarding the recipients of this personal data;<\/p>\n\n<p>\u00b7\u00a0\u00a0\u00a0\u00a0\u00a0\u00a0 On the website\u2019s policy regarding cookies.<\/p>\n\n<p>This policy supplements the legal notices available to users at the following address: <a href=\"https:\/\/preprod-wp.bh-technologies.com\/mentions-legales\/\" target=\"_blank\" rel=\"noreferrer noopener\" data-type=\"link\" data-id=\"https:\/\/preprod-wp.bh-technologies.com\/mentions-legales\/\">Legal notices<\/a><\/p>\n\n<h2 class=\"wp-block-heading\">Article 2: Principles relating to the collection and processing of personal data<\/h2>\n\n<p>In accordance with Article 5 of European Regulation 2016\/679, personal data is:<\/p>\n\n<p>\u00b7 Processed lawfully, fairly, and transparently in relation to the data subject;<\/p>\n\n<p>\u00b7 Collected for specific, explicit, and legitimate purposes (see Article 3.1 herein), and not further processed in a manner incompatible with those purposes;<\/p>\n\n<p>\u00b7 Adequate, relevant, and limited to what is necessary in relation to the purposes for which they are processed;<\/p>\n\n<p>\u00b7 Accurate and, where necessary, kept up to date. Every reasonable step must be taken to ensure that personal data that is inaccurate, having regard to the purposes for which it is processed, is erased or rectified without delay;<\/p>\n\n<p>\u00b7 Stored in a form that allows the identification of data subjects for no longer than is necessary for the purposes for which they are processed;<\/p>\n\n<p>\u00b7 Processed in a manner that ensures appropriate security of the data collected, including protection against unauthorized or unlawful processing and against accidental loss, destruction, or damage, using appropriate technical or organizational measures.<\/p>\n\n<p>Processing is lawful only if, and to the extent that, at least one of the following conditions is met:<\/p>\n\n<p>\u00b7 The data subject has consented to the processing of their personal data for one or more specific purposes;<\/p>\n\n<p>\u00b7 Processing is necessary for the performance of a contract to which the data subject is party or in order to take steps at the request of the data subject prior to entering into a contract;<\/p>\n\n<p>\u00b7 Processing is necessary for compliance with a legal obligation to which the controller is subject;<\/p>\n\n<p>\u00b7 Processing is necessary to protect the vital interests of the data subject or another natural person;<\/p>\n\n<p>\u00b7 Processing is necessary for the performance of a task carried out in the public interest or in the exercise of official authority vested in the controller;<\/p>\n\n<p>\u00b7 Processing is necessary for the purposes of the legitimate interests pursued by the controller or by a third party, except where such interests are overridden by the interests or fundamental rights and freedoms of the data subject which require protection of personal data, in particular where the data subject is a child.<\/p>\n\n<h2 class=\"wp-block-heading\">Article 3: Personal data collected and processed when browsing the website<\/h2>\n\n<p>Article 3.1: Data collected<\/p>\n\n<p>The personal data collected as part of our business activities are as follows: access to the customer area, requests sent by email from the website (contact page and customer area).<\/p>\n\n<p>The collection and processing of this data serves the following purpose(s): access to the Customer Area, product support and after-sales service requests, job applications, partnership requests, commercial requests.<\/p>\n\n<p>Article 3.2: Data collection method<\/p>\n\n<p>No data is collected automatically.<\/p>\n\n<p>They are stored by the data controller under reasonable security conditions for a period of 10 years.<\/p>\n\n<p>The company may retain certain personal data beyond the periods specified above in order to comply with its legal or regulatory obligations.<\/p>\n\n<p>Article 3.3: Data hosting<\/p>\n\n<p>The BH Technologies website is hosted by: Gandi SAS.<\/p>\n\n<p>Head office address: please refer to the page <a href=\"https:\/\/preprod-wp.bh-technologies.com\/mentions-legales\/\" target=\"_blank\" rel=\"noreferrer noopener\">Legal notices<\/a><\/p>\n\n<p>Article 3.5: Cookie policy<br \/>We use cookies to improve your browsing experience, deliver personalised advertising or content, and analyse our traffic. By clicking \u2018Accept All\u2019, you consent to our use of cookies.<\/p>\n\n<h2 class=\"wp-block-heading\">Article 4: Data controller and data protection officer<\/h2>\n\n<p>Article 4.1: The data controller<\/p>\n\n<p>The person responsible for processing personal data can be contacted as follows:<\/p>\n\n<p>By post to the following address: 7 rue Antoine Polotti, 38000 Grenoble, France;<\/p>\n\n<p>By telephone, on +33456005000;<\/p>\n\n<p>By email: info@bh-technologies.com.<\/p>\n\n<p>If, after contacting us, you feel that your data protection rights have not been respected, you may submit a complaint to the CNIL (French Data Protection Authority).<\/p>\n\n<h2 class=\"wp-block-heading\">Article 5: User rights regarding data collection and processing<\/h2>\n\n<p>Any user concerned by the processing of their personal data may exercise the following rights, in accordance with European Regulation 2016\/679 and the French Data Protection Act (Law 78-17 of 6 January 1978):<\/p>\n\n<p>\u00b7       Right of access, rectification and erasure of data (set out in Articles 15, 16 and 17 of the GDPR respectively);<\/p>\n\n<p>\u00b7       Right to data portability (Article 20 of the GDPR);<\/p>\n\n<p>\u00b7 Right to restriction (Article 18 of the GDPR) and to object to data processing (Article 21 of the GDPR);<\/p>\n\n<p>\u00b7       Right not to be subject to a decision based solely on automated processing;<\/p>\n\n<p>\u00b7       Right to determine the fate of data after death;<\/p>\n\n<p>\u00b7       Right to lodge a complaint with the competent supervisory authority (Article 77 of the GDPR).<\/p>\n\n<p>To exercise your rights, please send your letter or email (see contact details in Article 4).<\/p>\n\n<p>In order for the data controller to comply with the request, the user may be required to provide certain information such as: their first and last names, email address, and account, personal space or subscriber number.<\/p>\n\n<p>Visit the website <a href=\"https:\/\/www.cnil.fr\/fr\" target=\"_blank\" rel=\"noreferrer noopener\">cnil.fr<\/a> for more information about your rights.<\/p>\n\n<h2 class=\"wp-block-heading\">Article 6: Conditions for modifying the privacy policy<\/h2>\n\n<p>The publisher of the BH Technologies website reserves the right to modify this Policy at any time in order to ensure that users of the website comply with applicable law.<\/p>\n\n<p>Any changes shall not affect purchases made previously on the website, which remain subject to the Policy in force at the time of purchase and as accepted by the user when confirming the purchase.<\/p>\n\n<p>Users are invited to read this Policy each time they use our services, without the need for formal notification.<\/p>\n\n<p>This policy was updated on 03\/03\/2025.<\/p>\n<\/div>\t\t\t\t\t\t\t\t<\/div>\n\t\t\t\t<\/div>\n\t\t\t\t\t<\/div>\n\t\t\t\t<\/div>\n\t\t\t\t<\/div>","protected":false},"excerpt":{"rendered":"<p>Politique de confidentialit\u00e9 Article 1 : Pr\u00e9ambule La pr\u00e9sente politique de confidentialit\u00e9 a pour but d\u2019informer les utilisateurs du site : \u00b7&nbsp;&nbsp;&nbsp;&nbsp;&nbsp;&nbsp; Sur la mani\u00e8re dont sont collect\u00e9es leurs donn\u00e9es personnelles. Sont consid\u00e9r\u00e9es comme des donn\u00e9es personnelles, toute information permettant d\u2019identifier un utilisateur. A ce titre, il peut s\u2019agir : de ses noms et pr\u00e9noms, [&hellip;]<\/p>\n","protected":false},"author":1,"featured_media":0,"parent":0,"menu_order":0,"comment_status":"closed","ping_status":"open","template":"elementor_theme","meta":{"footnotes":""},"class_list":["post-3","page","type-page","status-publish","hentry"],"aioseo_notices":[],"_links":{"self":[{"href":"https:\/\/bh-technologies.com\/en\/wp-json\/wp\/v2\/pages\/3","targetHints":{"allow":["GET"]}}],"collection":[{"href":"https:\/\/bh-technologies.com\/en\/wp-json\/wp\/v2\/pages"}],"about":[{"href":"https:\/\/bh-technologies.com\/en\/wp-json\/wp\/v2\/types\/page"}],"author":[{"embeddable":true,"href":"https:\/\/bh-technologies.com\/en\/wp-json\/wp\/v2\/users\/1"}],"replies":[{"embeddable":true,"href":"https:\/\/bh-technologies.com\/en\/wp-json\/wp\/v2\/comments?post=3"}],"version-history":[{"count":27,"href":"https:\/\/bh-technologies.com\/en\/wp-json\/wp\/v2\/pages\/3\/revisions"}],"predecessor-version":[{"id":25911,"href":"https:\/\/bh-technologies.com\/en\/wp-json\/wp\/v2\/pages\/3\/revisions\/25911"}],"wp:attachment":[{"href":"https:\/\/bh-technologies.com\/en\/wp-json\/wp\/v2\/media?parent=3"}],"curies":[{"name":"wp","href":"https:\/\/api.w.org\/{rel}","templated":true}]}}