{"id":25708,"date":"2026-03-25T16:30:52","date_gmt":"2026-03-25T15:30:52","guid":{"rendered":"https:\/\/bh-technologies.com\/?page_id=25708"},"modified":"2026-04-09T14:32:40","modified_gmt":"2026-04-09T12:32:40","slug":"supervision-eclairage-public-intelligent","status":"publish","type":"page","link":"https:\/\/bh-technologies.com\/en\/supervision-eclairage-public-intelligent\/","title":{"rendered":"Supervision \u00c9clairage Public Intelligent"},"content":{"rendered":"<div data-elementor-type=\"wp-page\" data-elementor-id=\"25708\" class=\"elementor elementor-25708\" data-elementor-post-type=\"page\">\n\t\t\t\t<div class=\"elementor-element elementor-element-b32e50c e-flex e-con-boxed e-con e-parent\" data-id=\"b32e50c\" data-element_type=\"container\" data-e-type=\"container\" data-settings=\"{&quot;background_background&quot;:&quot;classic&quot;}\">\n\t\t\t\t\t<div class=\"e-con-inner\">\n\t\t<div class=\"elementor-element elementor-element-5a6f674 e-con-full e-flex e-con e-child\" data-id=\"5a6f674\" data-element_type=\"container\" data-e-type=\"container\">\n\t\t\t\t<div class=\"elementor-element elementor-element-01d3b83 elementor-widget elementor-widget-infetech_elementor_heading\" data-id=\"01d3b83\" data-element_type=\"widget\" data-e-type=\"widget\" data-widget_type=\"infetech_elementor_heading.default\">\n\t\t\t\t<div class=\"elementor-widget-container\">\n\t\t\t\t\t\n\t\t\t<div class=\"ova-heading\">\n\t\t\t\t\n\t\t\t\t\n\t\t\t\t\n\t\t\t\t\t<h1 class=\"title\">\t\t\t\t\t\t\t\t\t\t\t\t\tLa supervision : la cl\u00e9 de l'\u00e9clairage public intelligent\t\t\t\t\t\t\t\t\t\t\t<\/h1>\n                \n                \n\t\t\t<\/div>\n\n\t\t\t\t\t\t<\/div>\n\t\t\t\t<\/div>\n\t\t\t\t<\/div>\n\t\t\t\t\t<\/div>\n\t\t\t\t<\/div>\n\t\t<div class=\"elementor-element elementor-element-822ce73 e-flex e-con-boxed e-con e-parent\" data-id=\"822ce73\" data-element_type=\"container\" data-e-type=\"container\">\n\t\t\t\t\t<div class=\"e-con-inner\">\n\t\t\t\t<div class=\"elementor-element elementor-element-22a2c20 elementor-widget elementor-widget-text-editor\" data-id=\"22a2c20\" data-element_type=\"widget\" data-e-type=\"widget\" data-widget_type=\"text-editor.default\">\n\t\t\t\t<div class=\"elementor-widget-container\">\n\t\t\t\t\t\t\t\t\t<p class=\"p1\"><strong>Au sein d&#8217;une strat\u00e9gie de Smart City, la supervision est l&#8217;\u00e9l\u00e9ment central qui transforme un r\u00e9seau \u00e9lectrique classique en un syst\u00e8me d&#8217;\u00e9clairage public intelligent. Sans supervision, les lampadaires sont autonomes ; avec elle, ils deviennent un r\u00e9seau connect\u00e9, capable de r\u00e9agir en temps r\u00e9el aux besoins de la ville.<\/strong><\/p>\t\t\t\t\t\t\t\t<\/div>\n\t\t\t\t<\/div>\n\t\t\t\t\t<\/div>\n\t\t\t\t<\/div>\n\t\t<div class=\"elementor-element elementor-element-00980bc e-flex e-con-boxed e-con e-parent\" data-id=\"00980bc\" data-element_type=\"container\" data-e-type=\"container\">\n\t\t\t\t\t<div class=\"e-con-inner\">\n\t\t\t\t<div class=\"elementor-element elementor-element-a6061a0 elementor-widget elementor-widget-text-editor\" data-id=\"a6061a0\" data-element_type=\"widget\" data-e-type=\"widget\" data-widget_type=\"text-editor.default\">\n\t\t\t\t<div class=\"elementor-widget-container\">\n\t\t\t\t\t\t\t\t\t<h2 class=\"p1\">Qu\u2019est-ce que la supervision dans l&#8217;\u00e9clairage intelligent ?<\/h2>\t\t\t\t\t\t\t\t<\/div>\n\t\t\t\t<\/div>\n\t\t\t\t\t<\/div>\n\t\t\t\t<\/div>\n\t\t<div class=\"elementor-element elementor-element-852a026 e-flex e-con-boxed e-con e-parent\" data-id=\"852a026\" data-element_type=\"container\" data-e-type=\"container\">\n\t\t\t\t\t<div class=\"e-con-inner\">\n\t\t\t\t<div class=\"elementor-element elementor-element-6e5ba5f elementor-widget elementor-widget-image\" data-id=\"6e5ba5f\" data-element_type=\"widget\" data-e-type=\"widget\" data-widget_type=\"image.default\">\n\t\t\t\t<div class=\"elementor-widget-container\">\n\t\t\t\t\t\t\t\t\t\t\t\t\t\t\t\t<a href=\"https:\/\/bh-technologies.com\/en\/boutique\/points-lumineux\/luce-points\/\">\n\t\t\t\t\t\t\t<img fetchpriority=\"high\" decoding=\"async\" width=\"1000\" height=\"410\" src=\"https:\/\/bh-technologies.com\/wp-content\/uploads\/2026\/04\/supervision-eclairage-public-intelligent-scaled-e1775737871481-1000x410.png\" class=\"attachment-medium size-medium wp-image-25778\" alt=\"supervision e\u0301clairage public intelligent\" srcset=\"https:\/\/bh-technologies.com\/wp-content\/uploads\/2026\/04\/supervision-eclairage-public-intelligent-scaled-e1775737871481-1000x410.png 1000w, https:\/\/bh-technologies.com\/wp-content\/uploads\/2026\/04\/supervision-eclairage-public-intelligent-scaled-e1775737871481-1024x420.png 1024w, https:\/\/bh-technologies.com\/wp-content\/uploads\/2026\/04\/supervision-eclairage-public-intelligent-scaled-e1775737871481-768x315.png 768w, https:\/\/bh-technologies.com\/wp-content\/uploads\/2026\/04\/supervision-eclairage-public-intelligent-scaled-e1775737871481-1536x630.png 1536w, https:\/\/bh-technologies.com\/wp-content\/uploads\/2026\/04\/supervision-eclairage-public-intelligent-scaled-e1775737871481-2048x840.png 2048w, https:\/\/bh-technologies.com\/wp-content\/uploads\/2026\/04\/supervision-eclairage-public-intelligent-scaled-e1775737871481-18x7.png 18w, https:\/\/bh-technologies.com\/wp-content\/uploads\/2026\/04\/supervision-eclairage-public-intelligent-scaled-e1775737871481-500x205.png 500w, https:\/\/bh-technologies.com\/wp-content\/uploads\/2026\/04\/supervision-eclairage-public-intelligent-scaled-e1775737871481-300x123.png 300w\" sizes=\"(max-width: 1000px) 100vw, 1000px\" \/>\t\t\t\t\t\t\t\t<\/a>\n\t\t\t\t\t\t\t\t\t\t\t\t\t\t\t<\/div>\n\t\t\t\t<\/div>\n\t\t\t\t\t<\/div>\n\t\t\t\t<\/div>\n\t\t<div class=\"elementor-element elementor-element-962c42b e-flex e-con-boxed e-con e-parent\" data-id=\"962c42b\" data-element_type=\"container\" data-e-type=\"container\">\n\t\t\t\t\t<div class=\"e-con-inner\">\n\t\t\t\t<div class=\"elementor-element elementor-element-ffe5b0e elementor-widget elementor-widget-text-editor\" data-id=\"ffe5b0e\" data-element_type=\"widget\" data-e-type=\"widget\" data-widget_type=\"text-editor.default\">\n\t\t\t\t<div class=\"elementor-widget-container\">\n\t\t\t\t\t\t\t\t\t<p data-path-to-node=\"6\">La supervision agit comme une tour de contr\u00f4le pour la Smart City. Elle ne se contente pas d&#8217;allumer ou d&#8217;\u00e9teindre les lampadaires : elle collecte des donn\u00e9es en temps r\u00e9el pour optimiser chaque watt consomm\u00e9.<\/p><h3 data-path-to-node=\"7\">Le pilotage intelligent et dynamique<\/h3><p data-path-to-node=\"8\">Gr\u00e2ce \u00e0 la supervision, la ville peut programmer des sc\u00e9narios d&#8217;\u00e9clairage adapt\u00e9s aux usages r\u00e9els (m\u00e9t\u00e9o, \u00e9v\u00e9nements, flux de circulation), garantissant la bonne quantit\u00e9 de lumi\u00e8re au bon endroit.<\/p><h3 data-path-to-node=\"9\">La t\u00e9l\u00e9surveillance et la maintenance pr\u00e9dictive<\/h3><p data-path-to-node=\"10\">Le syst\u00e8me d\u00e9tecte instantan\u00e9ment les pannes \u00e9lectriques. Cette r\u00e9activit\u00e9 permet de r\u00e9duire les co\u00fbts de maintenance de <b data-path-to-node=\"10\" data-index-in-node=\"121\">30 \u00e0 50 %<\/b> en supprimant les tourn\u00e9es de surveillance nocturnes inutiles.<\/p>\t\t\t\t\t\t\t\t<\/div>\n\t\t\t\t<\/div>\n\t\t\t\t\t<\/div>\n\t\t\t\t<\/div>\n\t\t<div class=\"elementor-element elementor-element-7ad07c6 e-flex e-con-boxed e-con e-parent\" data-id=\"7ad07c6\" data-element_type=\"container\" data-e-type=\"container\">\n\t\t\t\t\t<div class=\"e-con-inner\">\n\t\t\t\t<div class=\"elementor-element elementor-element-9fd139b elementor-widget elementor-widget-text-editor\" data-id=\"9fd139b\" data-element_type=\"widget\" data-e-type=\"widget\" data-widget_type=\"text-editor.default\">\n\t\t\t\t<div class=\"elementor-widget-container\">\n\t\t\t\t\t\t\t\t\t<h2 class=\"p1\">Pourquoi la supervision est-elle la cl\u00e9 de votre \u00e9clairage public intelligent ?<\/h2>\t\t\t\t\t\t\t\t<\/div>\n\t\t\t\t<\/div>\n\t\t\t\t\t<\/div>\n\t\t\t\t<\/div>\n\t\t<div class=\"elementor-element elementor-element-5f36da5 e-flex e-con-boxed e-con e-parent\" data-id=\"5f36da5\" data-element_type=\"container\" data-e-type=\"container\">\n\t\t\t\t\t<div class=\"e-con-inner\">\n\t\t\t\t<div class=\"elementor-element elementor-element-64ea483 elementor-widget elementor-widget-text-editor\" data-id=\"64ea483\" data-element_type=\"widget\" data-e-type=\"widget\" data-widget_type=\"text-editor.default\">\n\t\t\t\t<div class=\"elementor-widget-container\">\n\t\t\t\t\t\t\t\t\t<p data-path-to-node=\"13\">L&#8217;int\u00e9gration d&#8217;un logiciel de supervision r\u00e9pond aux objectifs de transition \u00e9nerg\u00e9tique des territoires.<\/p><h3 data-path-to-node=\"14\">Des \u00e9conomies d\u2019\u00e9nergie massives (50 \u00e0 80 %)<\/h3><p data-path-to-node=\"15\">L&#8217;\u00e9clairage intelligent permet de moduler l&#8217;intensit\u00e9 lumineuse (gradage) pendant la nuit. Les collectivit\u00e9s constatent une baisse imm\u00e9diate de <b data-path-to-node=\"15\" data-index-in-node=\"144\">50 \u00e0 80 %<\/b> de leur consommation d&#8217;\u00e9nergie.<\/p><h3 data-path-to-node=\"16\">Un retour sur investissement (ROI) rapide<\/h3><p data-path-to-node=\"17\">Le co\u00fbt de d\u00e9ploiement d&#8217;une solution de supervision est rapidement amorti par les \u00e9conomies g\u00e9n\u00e9r\u00e9es. Le <a href=\"https:\/\/bh-technologies.com\/en\/roi-eclairage-public\/\"><b data-path-to-node=\"17\" data-index-in-node=\"106\">ROI moyen constat\u00e9 se situe entre 3 et 7 ans<\/b><\/a>.<\/p>\t\t\t\t\t\t\t\t<\/div>\n\t\t\t\t<\/div>\n\t\t\t\t\t<\/div>\n\t\t\t\t<\/div>\n\t\t<div class=\"elementor-element elementor-element-549a98c e-flex e-con-boxed e-con e-parent\" data-id=\"549a98c\" data-element_type=\"container\" data-e-type=\"container\">\n\t\t\t\t\t<div class=\"e-con-inner\">\n\t\t\t\t<div class=\"elementor-element elementor-element-a065978 elementor-widget elementor-widget-text-editor\" data-id=\"a065978\" data-element_type=\"widget\" data-e-type=\"widget\" data-widget_type=\"text-editor.default\">\n\t\t\t\t<div class=\"elementor-widget-container\">\n\t\t\t\t\t\t\t\t\t<h2 class=\"p1\">Comment fonctionne la supervision de l\u2019\u00e9clairage public ?<\/h2>\t\t\t\t\t\t\t\t<\/div>\n\t\t\t\t<\/div>\n\t\t\t\t\t<\/div>\n\t\t\t\t<\/div>\n\t\t<div class=\"elementor-element elementor-element-53c7dbd e-flex e-con-boxed e-con e-parent\" data-id=\"53c7dbd\" data-element_type=\"container\" data-e-type=\"container\">\n\t\t\t\t\t<div class=\"e-con-inner\">\n\t\t\t\t<div class=\"elementor-element elementor-element-2c28a6a elementor-widget elementor-widget-text-editor\" data-id=\"2c28a6a\" data-element_type=\"widget\" data-e-type=\"widget\" data-widget_type=\"text-editor.default\">\n\t\t\t\t<div class=\"elementor-widget-container\">\n\t\t\t\t\t\t\t\t\t<p data-path-to-node=\"20\">Le syst\u00e8me repose sur une architecture IoT (Internet des Objets) robuste et s\u00e9curis\u00e9e.<\/p><h3 data-path-to-node=\"21\">Les contr\u00f4leurs et capteurs communicants<\/h3><p data-path-to-node=\"22\">Des modules intelligents sont install\u00e9s dans les armoires ou directement sur les cand\u00e9labres (n\u0153uds). Ils utilisent des protocoles comme le <a href=\"https:\/\/iotjourney.orange.com\/fr-FR\/connectivite\/tout-savoir-sur-la-connectivite-lora\" target=\"_blank\" rel=\"noopener\"><b data-path-to-node=\"22\" data-index-in-node=\"140\">LoRaWAN<\/b><\/a> ou le <a href=\"https:\/\/iotjourney.orange.com\/fr-FR\/connectivite\/ce-qu-il-faut-savoir-sur-la-connectivite-nb-iot\" target=\"_blank\" rel=\"noopener\"><b data-path-to-node=\"22\" data-index-in-node=\"154\">NB-IoT<\/b><\/a>.<\/p><h3 data-path-to-node=\"23\">L&#8217;interface logicielle SaaS<\/h3><p data-path-to-node=\"24\">Les donn\u00e9es sont centralis\u00e9es sur un tableau de bord accessible par les services techniques. Cette interface permet un suivi pr\u00e9cis de la performance \u00e9nerg\u00e9tique et des alertes de maintenance.<\/p>\t\t\t\t\t\t\t\t<\/div>\n\t\t\t\t<\/div>\n\t\t\t\t\t<\/div>\n\t\t\t\t<\/div>\n\t\t<div class=\"elementor-element elementor-element-12afb60 e-flex e-con-boxed e-con e-parent\" data-id=\"12afb60\" data-element_type=\"container\" data-e-type=\"container\">\n\t\t\t\t\t<div class=\"e-con-inner\">\n\t\t\t\t<div class=\"elementor-element elementor-element-63e3d48 elementor-widget elementor-widget-text-editor\" data-id=\"63e3d48\" data-element_type=\"widget\" data-e-type=\"widget\" data-widget_type=\"text-editor.default\">\n\t\t\t\t<div class=\"elementor-widget-container\">\n\t\t\t\t\t\t\t\t\t<h2 class=\"p1\">FAQ : Tout savoir sur la supervision de l&#8217;\u00e9clairage public intelligent<\/h2>\t\t\t\t\t\t\t\t<\/div>\n\t\t\t\t<\/div>\n\t\t\t\t\t<\/div>\n\t\t\t\t<\/div>\n\t\t<div class=\"elementor-element elementor-element-5612793 e-flex e-con-boxed e-con e-parent\" data-id=\"5612793\" data-element_type=\"container\" data-e-type=\"container\">\n\t\t\t\t\t<div class=\"e-con-inner\">\n\t\t\t\t<div class=\"elementor-element elementor-element-8b7db2a elementor-widget elementor-widget-text-editor\" data-id=\"8b7db2a\" data-element_type=\"widget\" data-e-type=\"widget\" data-widget_type=\"text-editor.default\">\n\t\t\t\t<div class=\"elementor-widget-container\">\n\t\t\t\t\t\t\t\t\t<p data-path-to-node=\"27\"><b data-path-to-node=\"27\" data-index-in-node=\"0\">Q : Quelle est la diff\u00e9rence entre t\u00e9l\u00e9gestion et \u00e9clairage public intelligent ?<br \/><\/b>La t\u00e9l\u00e9gestion est la technologie de commande \u00e0 distance. L&#8217;<b data-path-to-node=\"27\" data-index-in-node=\"145\">\u00e9clairage public intelligent<\/b> est le r\u00e9sultat global : un r\u00e9seau qui utilise la t\u00e9l\u00e9gestion et la supervision pour optimiser le service urbain.<\/p><p data-path-to-node=\"28\"><b data-path-to-node=\"28\" data-index-in-node=\"0\">Q : La supervision est-elle compatible avec les luminaires LED existants ?<br \/><\/b>Oui, nos solutions sont interop\u00e9rables. Elles permettent de rendre intelligent n&#8217;importe quel parc de LED, quel que soit le fabricant.<\/p><p data-path-to-node=\"29\"><b data-path-to-node=\"29\" data-index-in-node=\"0\">Q : Quel est l&#8217;impact sur la pollution lumineuse ?<br \/><\/b>La supervision permet de cr\u00e9er des &#8220;trames noires&#8221; en abaissant l&#8217;intensit\u00e9 aux heures creuses, prot\u00e9geant ainsi la biodiversit\u00e9 locale tout en maintenant la s\u00e9curit\u00e9.<\/p>\t\t\t\t\t\t\t\t<\/div>\n\t\t\t\t<\/div>\n\t\t\t\t<div class=\"elementor-element elementor-element-6a31841 elementor-widget elementor-widget-text-editor\" data-id=\"6a31841\" data-element_type=\"widget\" data-e-type=\"widget\" data-widget_type=\"text-editor.default\">\n\t\t\t\t<div class=\"elementor-widget-container\">\n\t\t\t\t\t\t\t\t\t<h2 class=\"p1\">Les chiffres cl\u00e9s \u00e0 retenir<\/h2>\t\t\t\t\t\t\t\t<\/div>\n\t\t\t\t<\/div>\n\t\t\t\t\t<\/div>\n\t\t\t\t<\/div>\n\t\t<div class=\"elementor-element elementor-element-54475cc e-grid e-con-boxed e-con e-parent\" data-id=\"54475cc\" data-element_type=\"container\" data-e-type=\"container\">\n\t\t\t\t\t<div class=\"e-con-inner\">\n\t\t\t\t<div class=\"elementor-element elementor-element-786371d elementor-widget elementor-widget-counter\" data-id=\"786371d\" data-element_type=\"widget\" data-e-type=\"widget\" data-widget_type=\"counter.default\">\n\t\t\t\t<div class=\"elementor-widget-container\">\n\t\t\t\t\t\t\t<div class=\"elementor-counter\">\n\t\t\t<div class=\"elementor-counter-title\">d'\u00e9conomies d'\u00e9nergie<\/div>\t\t\t<div class=\"elementor-counter-number-wrapper\">\n\t\t\t\t<span class=\"elementor-counter-number-prefix\">jusqu'\u00e0 <\/span>\n\t\t\t\t<span class=\"elementor-counter-number\" data-duration=\"2000\" data-to-value=\"80\" data-from-value=\"30\" data-delimiter=\",\">30<\/span>\n\t\t\t\t<span class=\"elementor-counter-number-suffix\">%<\/span>\n\t\t\t<\/div>\n\t\t<\/div>\n\t\t\t\t\t\t<\/div>\n\t\t\t\t<\/div>\n\t\t\t\t<div class=\"elementor-element elementor-element-c872487 elementor-widget elementor-widget-counter\" data-id=\"c872487\" data-element_type=\"widget\" data-e-type=\"widget\" data-widget_type=\"counter.default\">\n\t\t\t\t<div class=\"elementor-widget-container\">\n\t\t\t\t\t\t\t<div class=\"elementor-counter\">\n\t\t\t<div class=\"elementor-counter-title\">de baisse des co\u00fbts de maintenance<\/div>\t\t\t<div class=\"elementor-counter-number-wrapper\">\n\t\t\t\t<span class=\"elementor-counter-number-prefix\">jusqu'\u00e0 <\/span>\n\t\t\t\t<span class=\"elementor-counter-number\" data-duration=\"2000\" data-to-value=\"50\" data-from-value=\"0\" data-delimiter=\",\">0<\/span>\n\t\t\t\t<span class=\"elementor-counter-number-suffix\">%<\/span>\n\t\t\t<\/div>\n\t\t<\/div>\n\t\t\t\t\t\t<\/div>\n\t\t\t\t<\/div>\n\t\t\t\t\t<\/div>\n\t\t\t\t<\/div>\n\t\t<div class=\"elementor-element elementor-element-f4303f4 e-grid e-con-boxed e-con e-parent\" data-id=\"f4303f4\" data-element_type=\"container\" data-e-type=\"container\">\n\t\t\t\t\t<div class=\"e-con-inner\">\n\t\t\t\t<div class=\"elementor-element elementor-element-2745679 elementor-widget elementor-widget-counter\" data-id=\"2745679\" data-element_type=\"widget\" data-e-type=\"widget\" data-widget_type=\"counter.default\">\n\t\t\t\t<div class=\"elementor-widget-container\">\n\t\t\t\t\t\t\t<div class=\"elementor-counter\">\n\t\t\t<div class=\"elementor-counter-title\">dur\u00e9e du ROI<\/div>\t\t\t<div class=\"elementor-counter-number-wrapper\">\n\t\t\t\t<span class=\"elementor-counter-number-prefix\"><\/span>\n\t\t\t\t<span class=\"elementor-counter-number\" data-duration=\"2000\" data-to-value=\"7\" data-from-value=\"3\" data-delimiter=\",\">3<\/span>\n\t\t\t\t<span class=\"elementor-counter-number-suffix\"> ans<\/span>\n\t\t\t<\/div>\n\t\t<\/div>\n\t\t\t\t\t\t<\/div>\n\t\t\t\t<\/div>\n\t\t\t\t<div class=\"elementor-element elementor-element-5ee0ce2 elementor-widget elementor-widget-counter\" data-id=\"5ee0ce2\" data-element_type=\"widget\" data-e-type=\"widget\" data-widget_type=\"counter.default\">\n\t\t\t\t<div class=\"elementor-widget-container\">\n\t\t\t\t\t\t\t<div class=\"elementor-counter\">\n\t\t\t<div class=\"elementor-counter-title\">de pr\u00e9cision dans la d\u00e9tection des pannes<\/div>\t\t\t<div class=\"elementor-counter-number-wrapper\">\n\t\t\t\t<span class=\"elementor-counter-number-prefix\"><\/span>\n\t\t\t\t<span class=\"elementor-counter-number\" data-duration=\"2000\" data-to-value=\"99\" data-from-value=\"0\" data-delimiter=\",\">0<\/span>\n\t\t\t\t<span class=\"elementor-counter-number-suffix\">%<\/span>\n\t\t\t<\/div>\n\t\t<\/div>\n\t\t\t\t\t\t<\/div>\n\t\t\t\t<\/div>\n\t\t\t\t\t<\/div>\n\t\t\t\t<\/div>\n\t\t<div class=\"elementor-element elementor-element-1b424e9 e-flex e-con-boxed e-con e-parent\" data-id=\"1b424e9\" data-element_type=\"container\" data-e-type=\"container\">\n\t\t\t\t\t<div class=\"e-con-inner\">\n\t\t\t\t\t<\/div>\n\t\t\t\t<\/div>\n\t\t<div class=\"elementor-element elementor-element-2cc17d56 e-flex e-con-boxed e-con e-parent\" data-id=\"2cc17d56\" data-element_type=\"container\" data-e-type=\"container\" data-settings=\"{&quot;background_background&quot;:&quot;classic&quot;}\">\n\t\t\t\t\t<div class=\"e-con-inner\">\n\t\t<div class=\"elementor-element elementor-element-5be4667 e-flex e-con-boxed e-con e-child\" data-id=\"5be4667\" data-element_type=\"container\" data-e-type=\"container\" data-settings=\"{&quot;background_background&quot;:&quot;classic&quot;}\">\n\t\t\t\t\t<div class=\"e-con-inner\">\n\t\t\t\t<div class=\"elementor-element elementor-element-78848026 elementor-widget elementor-widget-infetech_elementor_heading\" data-id=\"78848026\" data-element_type=\"widget\" data-e-type=\"widget\" data-widget_type=\"infetech_elementor_heading.default\">\n\t\t\t\t<div class=\"elementor-widget-container\">\n\t\t\t\t\t\n\t\t\t<div class=\"ova-heading\">\n\t\t\t\t\n\t\t\t\t\n\t\t\t\t\n\t\t\t\t\t<h3 class=\"title\">\t\t\t\t\t\t\t\t\t\t\t\t\tThis topic speaks to you? Would you like to discuss it with our team?\t\t\t\t\t\t\t\t\t\t\t<\/h3>\n                \n                \t\t\t\t\t<p class=\"description\">Write to us today. We\u2019ll be delighted to connect with you and support you every step of the way!<\/p>\n\t\t\t\t\n\t\t\t<\/div>\n\n\t\t\t\t\t\t<\/div>\n\t\t\t\t<\/div>\n\t\t\t\t<div class=\"elementor-element elementor-element-46c4f87d elementor-widget elementor-widget-shortcode\" data-id=\"46c4f87d\" data-element_type=\"widget\" data-e-type=\"widget\" data-widget_type=\"shortcode.default\">\n\t\t\t\t<div class=\"elementor-widget-container\">\n\t\t\t\t\t\t\t<div class=\"elementor-shortcode\">\n<div class=\"wpcf7 no-js\" id=\"wpcf7-f17431-o1\" lang=\"en-US\" dir=\"ltr\" data-wpcf7-id=\"17431\">\n<div class=\"screen-reader-response\"><p role=\"status\" aria-live=\"polite\" aria-atomic=\"true\"><\/p> <ul><\/ul><\/div>\n<form action=\"\/en\/wp-json\/wp\/v2\/pages\/25708#wpcf7-f17431-o1\" method=\"post\" class=\"wpcf7-form init\" aria-label=\"Contact form\" novalidate=\"novalidate\" data-status=\"init\" data-trp-original-action=\"\/en\/wp-json\/wp\/v2\/pages\/25708#wpcf7-f17431-o1\">\n<fieldset class=\"hidden-fields-container\"><input type=\"hidden\" name=\"_wpcf7\" value=\"17431\" \/><input type=\"hidden\" name=\"_wpcf7_version\" value=\"6.1.5\" \/><input type=\"hidden\" name=\"_wpcf7_locale\" value=\"en_US\" \/><input type=\"hidden\" name=\"_wpcf7_unit_tag\" value=\"wpcf7-f17431-o1\" \/><input type=\"hidden\" name=\"_wpcf7_container_post\" value=\"0\" \/><input type=\"hidden\" name=\"_wpcf7_posted_data_hash\" value=\"\" \/><input type=\"hidden\" name=\"_wpcf7_recaptcha_response\" value=\"\" \/>\n<\/fieldset>\n<div class=\"ova-ctfrom7\">\n\t<div class=\"form-contact-us ct17\">\n\t\t<div class=\"form-left\">\n\t\t\t<div class=\"name-info ova_wrap_input\">\n\t\t\t\t<p><span class=\"wpcf7-form-control-wrap\" data-name=\"fullname\"><input size=\"40\" maxlength=\"400\" class=\"wpcf7-form-control wpcf7-text wpcf7-validates-as-required\" aria-required=\"true\" aria-invalid=\"false\" placeholder=\"First &amp; Last Name\" value=\"\" type=\"text\" name=\"fullname\" \/><\/span>\n\t\t\t\t<\/p>\n\t\t\t<\/div>\n\t\t\t<div class=\"email ova_wrap_input\">\n\t\t\t\t<p><span class=\"wpcf7-form-control-wrap\" data-name=\"your-email\"><input size=\"40\" maxlength=\"400\" class=\"wpcf7-form-control wpcf7-email wpcf7-validates-as-required wpcf7-text wpcf7-validates-as-email\" aria-required=\"true\" aria-invalid=\"false\" placeholder=\"Email\" value=\"\" type=\"email\" name=\"your-email\" \/><\/span>\n\t\t\t\t<\/p>\n\t\t\t<\/div>\n\t\t<\/div>\n\t\t<div class=\"message ova_wrap_input\">\n\t\t\t<p><span class=\"wpcf7-form-control-wrap\" data-name=\"your-message\"><textarea cols=\"40\" rows=\"10\" maxlength=\"2000\" class=\"wpcf7-form-control wpcf7-textarea wpcf7-validates-as-required\" aria-required=\"true\" aria-invalid=\"false\" placeholder=\"Message\" name=\"your-message\"><\/textarea><\/span>\n\t\t\t<\/p>\n\t\t<\/div>\n\t\t<div class=\"ova_center_wrap\">\n\t\t\t<div class=\"ova-submit\">\n\t\t\t\t<p><input class=\"wpcf7-form-control wpcf7-submit has-spinner\" type=\"submit\" value=\"Contact us!\" \/>\n\t\t\t\t<\/p>\n\t\t\t<\/div>\n\t\t<\/div>\n\t<\/div>\n<\/div><div class=\"wpcf7-response-output\" aria-hidden=\"true\"><\/div>\n<input type=\"hidden\" name=\"trp-form-language\" value=\"en\"\/><\/form>\n<\/div>\n<\/div>\n\t\t\t\t\t\t<\/div>\n\t\t\t\t<\/div>\n\t\t\t\t\t<\/div>\n\t\t\t\t<\/div>\n\t\t\t\t\t<\/div>\n\t\t\t\t<\/div>\n\t\t<div class=\"elementor-element elementor-element-8d2a135 e-con-full elementor-hidden-tablet_extra elementor-hidden-tablet elementor-hidden-mobile e-flex e-con e-parent\" data-id=\"8d2a135\" data-element_type=\"container\" data-e-type=\"container\">\n\t\t<div class=\"elementor-element elementor-element-b2190f6 e-con-full e-flex e-con e-child\" data-id=\"b2190f6\" data-element_type=\"container\" data-e-type=\"container\" data-settings=\"{&quot;shape_divider_bottom&quot;:&quot;opacity-fan&quot;,&quot;background_background&quot;:&quot;classic&quot;}\">\n\t\t\t\t<div class=\"elementor-shape elementor-shape-bottom\" aria-hidden=\"true\" data-negative=\"false\">\n\t\t\t<svg xmlns=\"http:\/\/www.w3.org\/2000\/svg\" viewbox=\"0 0 283.5 19.6\" preserveaspectratio=\"none\">\n\t<path class=\"elementor-shape-fill\" style=\"opacity:0.33\" d=\"M0 0L0 18.8 141.8 4.1 283.5 18.8 283.5 0z\"\/>\n\t<path class=\"elementor-shape-fill\" style=\"opacity:0.33\" d=\"M0 0L0 12.6 141.8 4 283.5 12.6 283.5 0z\"\/>\n\t<path class=\"elementor-shape-fill\" style=\"opacity:0.33\" d=\"M0 0L0 6.4 141.8 4 283.5 6.4 283.5 0z\"\/>\n\t<path class=\"elementor-shape-fill\" d=\"M0 0L0 1.2 141.8 4 283.5 1.2 283.5 0z\"\/>\n<\/svg>\t\t<\/div>\n\t\t\t\t<\/div>\n\t\t\t\t<\/div>\n\t\t\t\t<\/div>","protected":false},"excerpt":{"rendered":"<p>La supervision : la cl\u00e9 de l&#8217;\u00e9clairage public intelligent Au sein d&#8217;une strat\u00e9gie de Smart City, la supervision est l&#8217;\u00e9l\u00e9ment central qui transforme un r\u00e9seau \u00e9lectrique classique en un syst\u00e8me d&#8217;\u00e9clairage public intelligent. Sans supervision, les lampadaires sont autonomes ; avec elle, ils deviennent un r\u00e9seau connect\u00e9, capable de r\u00e9agir en temps r\u00e9el aux besoins [&hellip;]<\/p>\n","protected":false},"author":3,"featured_media":0,"parent":0,"menu_order":0,"comment_status":"closed","ping_status":"closed","template":"","meta":{"footnotes":""},"class_list":["post-25708","page","type-page","status-publish","hentry"],"aioseo_notices":[],"_links":{"self":[{"href":"https:\/\/bh-technologies.com\/en\/wp-json\/wp\/v2\/pages\/25708","targetHints":{"allow":["GET"]}}],"collection":[{"href":"https:\/\/bh-technologies.com\/en\/wp-json\/wp\/v2\/pages"}],"about":[{"href":"https:\/\/bh-technologies.com\/en\/wp-json\/wp\/v2\/types\/page"}],"author":[{"embeddable":true,"href":"https:\/\/bh-technologies.com\/en\/wp-json\/wp\/v2\/users\/3"}],"replies":[{"embeddable":true,"href":"https:\/\/bh-technologies.com\/en\/wp-json\/wp\/v2\/comments?post=25708"}],"version-history":[{"count":18,"href":"https:\/\/bh-technologies.com\/en\/wp-json\/wp\/v2\/pages\/25708\/revisions"}],"predecessor-version":[{"id":25782,"href":"https:\/\/bh-technologies.com\/en\/wp-json\/wp\/v2\/pages\/25708\/revisions\/25782"}],"wp:attachment":[{"href":"https:\/\/bh-technologies.com\/en\/wp-json\/wp\/v2\/media?parent=25708"}],"curies":[{"name":"wp","href":"https:\/\/api.w.org\/{rel}","templated":true}]}}