{"id":25696,"date":"2026-03-25T15:30:21","date_gmt":"2026-03-25T14:30:21","guid":{"rendered":"https:\/\/bh-technologies.com\/?page_id=25696"},"modified":"2026-04-15T16:19:12","modified_gmt":"2026-04-15T14:19:12","slug":"eclairage-public-intelligent-guide","status":"publish","type":"page","link":"https:\/\/bh-technologies.com\/en\/eclairage-public-intelligent-guide\/","title":{"rendered":"\u00c9clairage public intelligent : guide complet pour collectivit\u00e9s"},"content":{"rendered":"<div data-elementor-type=\"wp-page\" data-elementor-id=\"25696\" class=\"elementor elementor-25696\" data-elementor-post-type=\"page\">\n\t\t\t\t<div class=\"elementor-element elementor-element-b32e50c e-flex e-con-boxed e-con e-parent\" data-id=\"b32e50c\" data-element_type=\"container\" data-e-type=\"container\" data-settings=\"{&quot;background_background&quot;:&quot;classic&quot;}\">\n\t\t\t\t\t<div class=\"e-con-inner\">\n\t\t<div class=\"elementor-element elementor-element-5a6f674 e-con-full e-flex e-con e-child\" data-id=\"5a6f674\" data-element_type=\"container\" data-e-type=\"container\">\n\t\t\t\t<div class=\"elementor-element elementor-element-01d3b83 elementor-widget elementor-widget-infetech_elementor_heading\" data-id=\"01d3b83\" data-element_type=\"widget\" data-e-type=\"widget\" data-widget_type=\"infetech_elementor_heading.default\">\n\t\t\t\t<div class=\"elementor-widget-container\">\n\t\t\t\t\t\n\t\t\t<div class=\"ova-heading\">\n\t\t\t\t\n\t\t\t\t\n\t\t\t\t\n\t\t\t\t\t<h1 class=\"title\">\t\t\t\t\t\t\t\t\t\t\t\t\tSmart Public Lighting: Understanding, Deploying, and Optimizing Urban Networks\t\t\t\t\t\t\t\t\t\t\t<\/h1>\n                \n                \n\t\t\t<\/div>\n\n\t\t\t\t\t\t<\/div>\n\t\t\t\t<\/div>\n\t\t\t\t<\/div>\n\t\t\t\t\t<\/div>\n\t\t\t\t<\/div>\n\t\t<div class=\"elementor-element elementor-element-822ce73 e-flex e-con-boxed e-con e-parent\" data-id=\"822ce73\" data-element_type=\"container\" data-e-type=\"container\">\n\t\t\t\t\t<div class=\"e-con-inner\">\n\t\t\t\t<div class=\"elementor-element elementor-element-22a2c20 elementor-widget elementor-widget-text-editor\" data-id=\"22a2c20\" data-element_type=\"widget\" data-e-type=\"widget\" data-widget_type=\"text-editor.default\">\n\t\t\t\t<div class=\"elementor-widget-container\">\n\t\t\t\t\t\t\t\t\t<p class=\"p1\"><strong>Smart public lighting has become an essential strategic lever for local authorities seeking to sustainably reduce costs while improving service quality.\n<\/strong><strong>In a context where budgets are under pressure and energy prices continue to rise, many municipalities are facing a simple reality: their public lighting represents a significant, and often optimizable, portion of their expenses. Without proper management tools, energy waste, unnecessary maintenance trips, and a lack of network visibility generate avoidable costs.\n<\/strong><strong>However, some authorities have already made the leap. By using smart public lighting solutions, they have managed to significantly reduce their energy consumption, sometimes by up to 80%, while improving maintenance efficiency and technical team responsiveness.\n<\/strong><strong>If you are looking to optimize costs, modernize your network, and get a head start on your transition towards a Smart City, this guide provides the concrete keys to understanding and deploying smart public lighting.<\/strong><\/p>\t\t\t\t\t\t\t\t<\/div>\n\t\t\t\t<\/div>\n\t\t\t\t\t<\/div>\n\t\t\t\t<\/div>\n\t\t<div class=\"elementor-element elementor-element-d936eab e-flex e-con-boxed e-con e-parent\" data-id=\"d936eab\" data-element_type=\"container\" data-e-type=\"container\">\n\t\t\t\t\t<div class=\"e-con-inner\">\n\t\t\t\t<div class=\"elementor-element elementor-element-77d28f7 elementor-widget elementor-widget-text-editor\" data-id=\"77d28f7\" data-element_type=\"widget\" data-e-type=\"widget\" data-widget_type=\"text-editor.default\">\n\t\t\t\t<div class=\"elementor-widget-container\">\n\t\t\t\t\t\t\t\t\t<h3><b>Table of Contents<\/b><\/h3><p><strong><span class=\"s1\">\ud83d\udc49<\/span>\u00a0<a href=\"https:\/\/bh-technologies.com\/en\/supervision-eclairage-public-intelligent\/\">Supervision: The key to smart public lighting.<\/a><\/strong><\/p><p><strong><span class=\"s1\">\ud83d\udc49<\/span>\u00a0<a href=\"https:\/\/bh-technologies.com\/en\/roi-eclairage-public\/\">Public Lighting ROI: A strategic and subsidized investment in 2026?<\/a><\/strong><\/p><p><strong><span class=\"s1\">\ud83d\udc49<\/span>\u00a0<a href=\"https:\/\/bh-technologies.com\/en\/telegestion-de-leclairage-public\/\">Remote Management: Driving energy performance in cities.<\/a><\/strong><\/p><p><strong><span class=\"s1\">\ud83d\udc49 <\/span><a href=\"https:\/\/bh-technologies.com\/en\/eclairage-public-intelligent-iot\/\">IoT for Smart Public Lighting: A revolution within local territories.<\/a><\/strong><\/p><p><strong><span class=\"s1\">\ud83d\udc49 <\/span><a href=\"https:\/\/bh-technologies.com\/en\/eclairage-public-intelligent\/\">Smart public lighting: from control at the electrical cabinet to the light points<\/a><\/strong><\/p>\t\t\t\t\t\t\t\t<\/div>\n\t\t\t\t<\/div>\n\t\t\t\t\t<\/div>\n\t\t\t\t<\/div>\n\t\t<div class=\"elementor-element elementor-element-00980bc e-flex e-con-boxed e-con e-parent\" data-id=\"00980bc\" data-element_type=\"container\" data-e-type=\"container\">\n\t\t\t\t\t<div class=\"e-con-inner\">\n\t\t\t\t<div class=\"elementor-element elementor-element-a6061a0 elementor-widget elementor-widget-text-editor\" data-id=\"a6061a0\" data-element_type=\"widget\" data-e-type=\"widget\" data-widget_type=\"text-editor.default\">\n\t\t\t\t<div class=\"elementor-widget-container\">\n\t\t\t\t\t\t\t\t\t<h2>Understanding Smart Public Lighting<\/h2>\t\t\t\t\t\t\t\t<\/div>\n\t\t\t\t<\/div>\n\t\t\t\t\t<\/div>\n\t\t\t\t<\/div>\n\t\t<div class=\"elementor-element elementor-element-962c42b e-flex e-con-boxed e-con e-parent\" data-id=\"962c42b\" data-element_type=\"container\" data-e-type=\"container\">\n\t\t\t\t\t<div class=\"e-con-inner\">\n\t\t\t\t<div class=\"elementor-element elementor-element-ffe5b0e elementor-widget elementor-widget-text-editor\" data-id=\"ffe5b0e\" data-element_type=\"widget\" data-e-type=\"widget\" data-widget_type=\"text-editor.default\">\n\t\t\t\t<div class=\"elementor-widget-container\">\n\t\t\t\t\t\t\t\t\t<h3><b>A Strategic Evolution of Urban Networks<\/b><\/h3><p>Smart public lighting represents a profound transformation in how local authorities manage their lighting infrastructure. Unlike traditional systems, which rely on fixed schedules and global operation, intelligent solutions introduce dynamic control logic.<br \/>In practical terms, every light point becomes capable of communicating, being controlled, and adapting its operation based on multiple parameters. Lighting is no longer just an energy expense; it becomes a territorial management tool.<\/p><h3><b>Addressing Contemporary Challenges<\/b><\/h3><p>Today, local authorities must meet several simultaneous challenges. On one hand, rising energy costs mandate consumption optimization. On the other, environmental goals reinforce the need to reduce CO2 emissions.<br \/>Consequently, smart lighting is emerging as the ideal solution to these constraints, allowing for resource optimization while improving the quality of service.<\/p>\t\t\t\t\t\t\t\t<\/div>\n\t\t\t\t<\/div>\n\t\t\t\t\t<\/div>\n\t\t\t\t<\/div>\n\t\t<div class=\"elementor-element elementor-element-7ad07c6 e-flex e-con-boxed e-con e-parent\" data-id=\"7ad07c6\" data-element_type=\"container\" data-e-type=\"container\">\n\t\t\t\t\t<div class=\"e-con-inner\">\n\t\t\t\t<div class=\"elementor-element elementor-element-9fd139b elementor-widget elementor-widget-text-editor\" data-id=\"9fd139b\" data-element_type=\"widget\" data-e-type=\"widget\" data-widget_type=\"text-editor.default\">\n\t\t\t\t<div class=\"elementor-widget-container\">\n\t\t\t\t\t\t\t\t\t<h2>How Does a Smart Public Lighting System Work?<\/h2>\t\t\t\t\t\t\t\t<\/div>\n\t\t\t\t<\/div>\n\t\t\t\t\t<\/div>\n\t\t\t\t<\/div>\n\t\t<div class=\"elementor-element elementor-element-852a026 e-flex e-con-boxed e-con e-parent\" data-id=\"852a026\" data-element_type=\"container\" data-e-type=\"container\">\n\t\t\t\t\t<div class=\"e-con-inner\">\n\t\t\t\t<div class=\"elementor-element elementor-element-6e5ba5f elementor-widget elementor-widget-image\" data-id=\"6e5ba5f\" data-element_type=\"widget\" data-e-type=\"widget\" data-widget_type=\"image.default\">\n\t\t\t\t<div class=\"elementor-widget-container\">\n\t\t\t\t\t\t\t\t\t\t\t\t\t\t\t<img fetchpriority=\"high\" decoding=\"async\" width=\"768\" height=\"543\" src=\"https:\/\/bh-technologies.com\/wp-content\/uploads\/2026\/04\/Fiche-synthese-EP-EN-scaled.jpg\" class=\"attachment-medium_large size-medium_large wp-image-25838\" alt=\"\u00e9clairage public intelligent\" srcset=\"https:\/\/bh-technologies.com\/wp-content\/uploads\/2026\/04\/Fiche-synthese-EP-EN-scaled.jpg 2560w, https:\/\/bh-technologies.com\/wp-content\/uploads\/2026\/04\/Fiche-synthese-EP-EN-1000x707.jpg 1000w, https:\/\/bh-technologies.com\/wp-content\/uploads\/2026\/04\/Fiche-synthese-EP-EN-1024x724.jpg 1024w, https:\/\/bh-technologies.com\/wp-content\/uploads\/2026\/04\/Fiche-synthese-EP-EN-768x543.jpg 768w, https:\/\/bh-technologies.com\/wp-content\/uploads\/2026\/04\/Fiche-synthese-EP-EN-1536x1086.jpg 1536w, https:\/\/bh-technologies.com\/wp-content\/uploads\/2026\/04\/Fiche-synthese-EP-EN-2048x1448.jpg 2048w, https:\/\/bh-technologies.com\/wp-content\/uploads\/2026\/04\/Fiche-synthese-EP-EN-18x12.jpg 18w, https:\/\/bh-technologies.com\/wp-content\/uploads\/2026\/04\/Fiche-synthese-EP-EN-500x353.jpg 500w, https:\/\/bh-technologies.com\/wp-content\/uploads\/2026\/04\/Fiche-synthese-EP-EN-300x212.jpg 300w\" sizes=\"(max-width: 768px) 100vw, 768px\" \/>\t\t\t\t\t\t\t\t\t\t\t\t\t\t\t<\/div>\n\t\t\t\t<\/div>\n\t\t\t\t\t<\/div>\n\t\t\t\t<\/div>\n\t\t<div class=\"elementor-element elementor-element-bee508c e-flex e-con-boxed e-con e-parent\" data-id=\"bee508c\" data-element_type=\"container\" data-e-type=\"container\">\n\t\t\t\t\t<div class=\"e-con-inner\">\n\t\t\t\t<div class=\"elementor-element elementor-element-0da9e7b elementor-widget elementor-widget-text-editor\" data-id=\"0da9e7b\" data-element_type=\"widget\" data-e-type=\"widget\" data-widget_type=\"text-editor.default\">\n\t\t\t\t<div class=\"elementor-widget-container\">\n\t\t\t\t\t\t\t\t\t<h3>Smart public lighting relies primarily on a connected architecture.<\/h3><p>A smart lighting system is based on a structured technological architecture. <a href=\"https:\/\/bh-technologies.com\/en\/eclairage-public-intelligent-iot\/\">Connected devices<\/a> are installed either on the luminaires (<a href=\"https:\/\/bh-technologies.com\/en\/product-category\/points-lumineux\/\">light points)<\/a> or within <a href=\"https:\/\/bh-technologies.com\/en\/product-category\/armoire-electrique\/\">electrical cabinets<\/a>. These devices collect and transmit data in real-time.<br \/>This data is then centralized in a <a href=\"https:\/\/bh-technologies.com\/en\/supervision-eclairage-public-intelligent\/\">supervision platform<\/a>. This interface allows for the analysis of network performance and the remote control of equipment.<\/p><h3>The Central Role of Data<\/h3><p>Data is the heart of the system. It allows for a deep understanding of network behavior and the identification of potential optimizations.<br \/>Thanks to this approach, local authorities can make decisions based on factual evidence rather than estimates.<\/p>\t\t\t\t\t\t\t\t<\/div>\n\t\t\t\t<\/div>\n\t\t\t\t\t<\/div>\n\t\t\t\t<\/div>\n\t\t<div class=\"elementor-element elementor-element-93e3bd9 e-flex e-con-boxed e-con e-parent\" data-id=\"93e3bd9\" data-element_type=\"container\" data-e-type=\"container\">\n\t\t\t\t\t<div class=\"e-con-inner\">\n\t\t\t\t<div class=\"elementor-element elementor-element-4de5cfd elementor-widget elementor-widget-text-editor\" data-id=\"4de5cfd\" data-element_type=\"widget\" data-e-type=\"widget\" data-widget_type=\"text-editor.default\">\n\t\t\t\t<div class=\"elementor-widget-container\">\n\t\t\t\t\t\t\t\t\t<h2>Benefits for Local Authorities<\/h2>\t\t\t\t\t\t\t\t<\/div>\n\t\t\t\t<\/div>\n\t\t\t\t\t<\/div>\n\t\t\t\t<\/div>\n\t\t<div class=\"elementor-element elementor-element-5f36da5 e-flex e-con-boxed e-con e-parent\" data-id=\"5f36da5\" data-element_type=\"container\" data-e-type=\"container\">\n\t\t\t\t\t<div class=\"e-con-inner\">\n\t\t\t\t<div class=\"elementor-element elementor-element-64ea483 elementor-widget elementor-widget-text-editor\" data-id=\"64ea483\" data-element_type=\"widget\" data-e-type=\"widget\" data-widget_type=\"text-editor.default\">\n\t\t\t\t<div class=\"elementor-widget-container\">\n\t\t\t\t\t\t\t\t\t<h3>Significant Cost Reduction<\/h3><p>One of the main advantages is the reduction in energy consumption. In many cases, <a href=\"https:\/\/bh-technologies.com\/en\/roi-eclairage-public\/\">savings can reach between 50% and 80%.<\/a>.<br \/>This reduction allows for a quick return on initial investments.<\/p><h3>Improved Asset Management<\/h3><p>Smart lighting provides better knowledge of the equipment. Collected data facilitates maintenance and the planning of technical interventions.<\/p><h3>Enhanced Public Service<\/h3><p>Finally, lighting quality is optimized, contributing to improved safety and comfort for citizens.<\/p><h2>Local Authority Case Study<\/h2><p>Let\u2019s take the example of a municipality with 10,000 inhabitants. Before modernization, its lighting relied on a conventional system.<br \/>After deploying a smart solution, the results were significant: energy consumption decreased sharply, as did the frequency of maintenance interventions.<\/p><h2>Key Takeaway<\/h2><p>Smart public lighting is now an essential evolution for any local authority wishing to optimize its infrastructure.<\/p>\t\t\t\t\t\t\t\t<\/div>\n\t\t\t\t<\/div>\n\t\t\t\t\t<\/div>\n\t\t\t\t<\/div>\n\t\t<div class=\"elementor-element elementor-element-2cc17d56 e-flex e-con-boxed e-con e-parent\" data-id=\"2cc17d56\" data-element_type=\"container\" data-e-type=\"container\" data-settings=\"{&quot;background_background&quot;:&quot;classic&quot;}\">\n\t\t\t\t\t<div class=\"e-con-inner\">\n\t\t<div class=\"elementor-element elementor-element-5be4667 e-flex e-con-boxed e-con e-child\" data-id=\"5be4667\" data-element_type=\"container\" data-e-type=\"container\" data-settings=\"{&quot;background_background&quot;:&quot;classic&quot;}\">\n\t\t\t\t\t<div class=\"e-con-inner\">\n\t\t\t\t<div class=\"elementor-element elementor-element-78848026 elementor-widget elementor-widget-infetech_elementor_heading\" data-id=\"78848026\" data-element_type=\"widget\" data-e-type=\"widget\" data-widget_type=\"infetech_elementor_heading.default\">\n\t\t\t\t<div class=\"elementor-widget-container\">\n\t\t\t\t\t\n\t\t\t<div class=\"ova-heading\">\n\t\t\t\t\n\t\t\t\t\n\t\t\t\t\n\t\t\t\t\t<h3 class=\"title\">\t\t\t\t\t\t\t\t\t\t\t\t\tThis topic speaks to you? Would you like to discuss it with our team?\t\t\t\t\t\t\t\t\t\t\t<\/h3>\n                \n                \t\t\t\t\t<p class=\"description\">Write to us today. We\u2019ll be delighted to connect with you and support you every step of the way!<\/p>\n\t\t\t\t\n\t\t\t<\/div>\n\n\t\t\t\t\t\t<\/div>\n\t\t\t\t<\/div>\n\t\t\t\t<div class=\"elementor-element elementor-element-46c4f87d elementor-widget elementor-widget-shortcode\" data-id=\"46c4f87d\" data-element_type=\"widget\" data-e-type=\"widget\" data-widget_type=\"shortcode.default\">\n\t\t\t\t<div class=\"elementor-widget-container\">\n\t\t\t\t\t\t\t<div class=\"elementor-shortcode\">\n<div class=\"wpcf7 no-js\" id=\"wpcf7-f17431-o1\" lang=\"en-US\" dir=\"ltr\" data-wpcf7-id=\"17431\">\n<div class=\"screen-reader-response\"><p role=\"status\" aria-live=\"polite\" aria-atomic=\"true\"><\/p> <ul><\/ul><\/div>\n<form action=\"\/en\/wp-json\/wp\/v2\/pages\/25696#wpcf7-f17431-o1\" method=\"post\" class=\"wpcf7-form init\" aria-label=\"Contact form\" novalidate=\"novalidate\" data-status=\"init\" data-trp-original-action=\"\/en\/wp-json\/wp\/v2\/pages\/25696#wpcf7-f17431-o1\">\n<fieldset class=\"hidden-fields-container\"><input type=\"hidden\" name=\"_wpcf7\" value=\"17431\" \/><input type=\"hidden\" name=\"_wpcf7_version\" value=\"6.1.5\" \/><input type=\"hidden\" name=\"_wpcf7_locale\" value=\"en_US\" \/><input type=\"hidden\" name=\"_wpcf7_unit_tag\" value=\"wpcf7-f17431-o1\" \/><input type=\"hidden\" name=\"_wpcf7_container_post\" value=\"0\" \/><input type=\"hidden\" name=\"_wpcf7_posted_data_hash\" value=\"\" \/><input type=\"hidden\" name=\"_wpcf7_recaptcha_response\" value=\"\" \/>\n<\/fieldset>\n<div class=\"ova-ctfrom7\">\n\t<div class=\"form-contact-us ct17\">\n\t\t<div class=\"form-left\">\n\t\t\t<div class=\"name-info ova_wrap_input\">\n\t\t\t\t<p><span class=\"wpcf7-form-control-wrap\" data-name=\"fullname\"><input size=\"40\" maxlength=\"400\" class=\"wpcf7-form-control wpcf7-text wpcf7-validates-as-required\" aria-required=\"true\" aria-invalid=\"false\" placeholder=\"First &amp; Last Name\" value=\"\" type=\"text\" name=\"fullname\" \/><\/span>\n\t\t\t\t<\/p>\n\t\t\t<\/div>\n\t\t\t<div class=\"email ova_wrap_input\">\n\t\t\t\t<p><span class=\"wpcf7-form-control-wrap\" data-name=\"your-email\"><input size=\"40\" maxlength=\"400\" class=\"wpcf7-form-control wpcf7-email wpcf7-validates-as-required wpcf7-text wpcf7-validates-as-email\" aria-required=\"true\" aria-invalid=\"false\" placeholder=\"Email\" value=\"\" type=\"email\" name=\"your-email\" \/><\/span>\n\t\t\t\t<\/p>\n\t\t\t<\/div>\n\t\t<\/div>\n\t\t<div class=\"message ova_wrap_input\">\n\t\t\t<p><span class=\"wpcf7-form-control-wrap\" data-name=\"your-message\"><textarea cols=\"40\" rows=\"10\" maxlength=\"2000\" class=\"wpcf7-form-control wpcf7-textarea wpcf7-validates-as-required\" aria-required=\"true\" aria-invalid=\"false\" placeholder=\"Message\" name=\"your-message\"><\/textarea><\/span>\n\t\t\t<\/p>\n\t\t<\/div>\n\t\t<div class=\"ova_center_wrap\">\n\t\t\t<div class=\"ova-submit\">\n\t\t\t\t<p><input class=\"wpcf7-form-control wpcf7-submit has-spinner\" type=\"submit\" value=\"Contact us!\" \/>\n\t\t\t\t<\/p>\n\t\t\t<\/div>\n\t\t<\/div>\n\t<\/div>\n<\/div><div class=\"wpcf7-response-output\" aria-hidden=\"true\"><\/div>\n<input type=\"hidden\" name=\"trp-form-language\" value=\"en\"\/><\/form>\n<\/div>\n<\/div>\n\t\t\t\t\t\t<\/div>\n\t\t\t\t<\/div>\n\t\t\t\t\t<\/div>\n\t\t\t\t<\/div>\n\t\t\t\t\t<\/div>\n\t\t\t\t<\/div>\n\t\t<div class=\"elementor-element elementor-element-8d2a135 e-con-full elementor-hidden-tablet_extra elementor-hidden-tablet elementor-hidden-mobile e-flex e-con e-parent\" data-id=\"8d2a135\" data-element_type=\"container\" data-e-type=\"container\">\n\t\t<div class=\"elementor-element elementor-element-b2190f6 e-con-full e-flex e-con e-child\" data-id=\"b2190f6\" data-element_type=\"container\" data-e-type=\"container\" data-settings=\"{&quot;shape_divider_bottom&quot;:&quot;opacity-fan&quot;,&quot;background_background&quot;:&quot;classic&quot;}\">\n\t\t\t\t<div class=\"elementor-shape elementor-shape-bottom\" aria-hidden=\"true\" data-negative=\"false\">\n\t\t\t<svg xmlns=\"http:\/\/www.w3.org\/2000\/svg\" viewbox=\"0 0 283.5 19.6\" preserveaspectratio=\"none\">\n\t<path class=\"elementor-shape-fill\" style=\"opacity:0.33\" d=\"M0 0L0 18.8 141.8 4.1 283.5 18.8 283.5 0z\"\/>\n\t<path class=\"elementor-shape-fill\" style=\"opacity:0.33\" d=\"M0 0L0 12.6 141.8 4 283.5 12.6 283.5 0z\"\/>\n\t<path class=\"elementor-shape-fill\" style=\"opacity:0.33\" d=\"M0 0L0 6.4 141.8 4 283.5 6.4 283.5 0z\"\/>\n\t<path class=\"elementor-shape-fill\" d=\"M0 0L0 1.2 141.8 4 283.5 1.2 283.5 0z\"\/>\n<\/svg>\t\t<\/div>\n\t\t\t\t<\/div>\n\t\t\t\t<\/div>\n\t\t\t\t<\/div>","protected":false},"excerpt":{"rendered":"<p>\u00c9clairage public intelligent : comprendre, d\u00e9ployer et optimiser les r\u00e9seaux urbains L\u2019\u00e9clairage public intelligent est aujourd\u2019hui devenu un levier strat\u00e9gique incontournable pour les collectivit\u00e9s qui souhaitent r\u00e9duire durablement leurs co\u00fbts tout en am\u00e9liorant la qualit\u00e9 de service. Dans un contexte o\u00f9 les budgets sont sous pression et o\u00f9 les prix de l\u2019\u00e9nergie continuent d\u2019augmenter, de [&hellip;]<\/p>\n","protected":false},"author":3,"featured_media":0,"parent":0,"menu_order":0,"comment_status":"closed","ping_status":"closed","template":"","meta":{"footnotes":""},"class_list":["post-25696","page","type-page","status-publish","hentry"],"aioseo_notices":[],"_links":{"self":[{"href":"https:\/\/bh-technologies.com\/en\/wp-json\/wp\/v2\/pages\/25696","targetHints":{"allow":["GET"]}}],"collection":[{"href":"https:\/\/bh-technologies.com\/en\/wp-json\/wp\/v2\/pages"}],"about":[{"href":"https:\/\/bh-technologies.com\/en\/wp-json\/wp\/v2\/types\/page"}],"author":[{"embeddable":true,"href":"https:\/\/bh-technologies.com\/en\/wp-json\/wp\/v2\/users\/3"}],"replies":[{"embeddable":true,"href":"https:\/\/bh-technologies.com\/en\/wp-json\/wp\/v2\/comments?post=25696"}],"version-history":[{"count":36,"href":"https:\/\/bh-technologies.com\/en\/wp-json\/wp\/v2\/pages\/25696\/revisions"}],"predecessor-version":[{"id":25914,"href":"https:\/\/bh-technologies.com\/en\/wp-json\/wp\/v2\/pages\/25696\/revisions\/25914"}],"wp:attachment":[{"href":"https:\/\/bh-technologies.com\/en\/wp-json\/wp\/v2\/media?parent=25696"}],"curies":[{"name":"wp","href":"https:\/\/api.w.org\/{rel}","templated":true}]}}