{"id":24272,"date":"2025-11-06T15:15:34","date_gmt":"2025-11-06T14:15:34","guid":{"rendered":"https:\/\/bh-technologies.com\/?page_id=24272"},"modified":"2026-02-25T13:14:49","modified_gmt":"2026-02-25T12:14:49","slug":"eclairage-public-gestion-armoire-ou-point-lumineux","status":"publish","type":"page","link":"https:\/\/bh-technologies.com\/en\/eclairage-public-gestion-armoire-ou-point-lumineux\/","title":{"rendered":"Public lighting management: choosing between an electrical cabinet or light points"},"content":{"rendered":"<div data-elementor-type=\"wp-page\" data-elementor-id=\"24272\" class=\"elementor elementor-24272\" data-elementor-post-type=\"page\">\n\t\t\t\t<div class=\"elementor-element elementor-element-b32e50c e-flex e-con-boxed e-con e-parent\" data-id=\"b32e50c\" data-element_type=\"container\" data-e-type=\"container\" data-settings=\"{&quot;background_background&quot;:&quot;classic&quot;}\">\n\t\t\t\t\t<div class=\"e-con-inner\">\n\t\t<div class=\"elementor-element elementor-element-5a6f674 e-con-full e-flex e-con e-child\" data-id=\"5a6f674\" data-element_type=\"container\" data-e-type=\"container\">\n\t\t\t\t<div class=\"elementor-element elementor-element-01d3b83 elementor-widget elementor-widget-infetech_elementor_heading\" data-id=\"01d3b83\" data-element_type=\"widget\" data-e-type=\"widget\" data-widget_type=\"infetech_elementor_heading.default\">\n\t\t\t\t<div class=\"elementor-widget-container\">\n\t\t\t\t\t\n\t\t\t<div class=\"ova-heading\">\n\t\t\t\t\n\t\t\t\t\n\t\t\t\t\n\t\t\t\t\t<h1 class=\"title\">\t\t\t\t\t\t\t\t\t\t\t\t\tPublic lighting: choosing between electrical cabinet or light point management\t\t\t\t\t\t\t\t\t\t\t<\/h1>\n                \n                \n\t\t\t<\/div>\n\n\t\t\t\t\t\t<\/div>\n\t\t\t\t<\/div>\n\t\t\t\t<\/div>\n\t\t\t\t\t<\/div>\n\t\t\t\t<\/div>\n\t\t<div class=\"elementor-element elementor-element-822ce73 e-flex e-con-boxed e-con e-parent\" data-id=\"822ce73\" data-element_type=\"container\" data-e-type=\"container\">\n\t\t\t\t\t<div class=\"e-con-inner\">\n\t\t\t\t<div class=\"elementor-element elementor-element-22a2c20 elementor-widget elementor-widget-text-editor\" data-id=\"22a2c20\" data-element_type=\"widget\" data-e-type=\"widget\" data-widget_type=\"text-editor.default\">\n\t\t\t\t<div class=\"elementor-widget-container\">\n\t\t\t\t\t\t\t\t\t<p><span style=\"font-size: 14px;\"><strong>Effectively managing public lighting is a major challenge for local authorities, both in terms of ensuring public safety and meeting the requirements of the energy transition. Faced with these challenges, managers have two main methods at their disposal: centralised management via an electrical cabinet and\/or individual control at each light point. The choice depends above all on the specific needs of each local authority.<\/strong><\/span><\/p>\t\t\t\t\t\t\t\t<\/div>\n\t\t\t\t<\/div>\n\t\t\t\t\t<\/div>\n\t\t\t\t<\/div>\n\t\t<div class=\"elementor-element elementor-element-9388d42 e-flex e-con-boxed e-con e-parent\" data-id=\"9388d42\" data-element_type=\"container\" data-e-type=\"container\">\n\t\t\t\t\t<div class=\"e-con-inner\">\n\t\t\t\t<div class=\"elementor-element elementor-element-9146b9d elementor-widget elementor-widget-image\" data-id=\"9146b9d\" data-element_type=\"widget\" data-e-type=\"widget\" data-widget_type=\"image.default\">\n\t\t\t\t<div class=\"elementor-widget-container\">\n\t\t\t\t\t\t\t\t\t\t\t\t\t\t\t<img fetchpriority=\"high\" decoding=\"async\" width=\"1000\" height=\"660\" src=\"https:\/\/bh-technologies.com\/wp-content\/uploads\/2025\/11\/eclairage-public-1000x660.png\" class=\"attachment-medium size-medium wp-image-24278\" alt=\"\u00e9clairage public\" srcset=\"https:\/\/bh-technologies.com\/wp-content\/uploads\/2025\/11\/eclairage-public-1000x660.png 1000w, https:\/\/bh-technologies.com\/wp-content\/uploads\/2025\/11\/eclairage-public-1024x676.png 1024w, https:\/\/bh-technologies.com\/wp-content\/uploads\/2025\/11\/eclairage-public-768x507.png 768w, https:\/\/bh-technologies.com\/wp-content\/uploads\/2025\/11\/eclairage-public-18x12.png 18w, https:\/\/bh-technologies.com\/wp-content\/uploads\/2025\/11\/eclairage-public-500x330.png 500w, https:\/\/bh-technologies.com\/wp-content\/uploads\/2025\/11\/eclairage-public-300x198.png 300w, https:\/\/bh-technologies.com\/wp-content\/uploads\/2025\/11\/eclairage-public.png 1200w\" sizes=\"(max-width: 1000px) 100vw, 1000px\" \/>\t\t\t\t\t\t\t\t\t\t\t\t\t\t\t<\/div>\n\t\t\t\t<\/div>\n\t\t\t\t\t<\/div>\n\t\t\t\t<\/div>\n\t\t<div class=\"elementor-element elementor-element-00980bc e-flex e-con-boxed e-con e-parent\" data-id=\"00980bc\" data-element_type=\"container\" data-e-type=\"container\">\n\t\t\t\t\t<div class=\"e-con-inner\">\n\t\t\t\t<div class=\"elementor-element elementor-element-a6061a0 elementor-widget elementor-widget-text-editor\" data-id=\"a6061a0\" data-element_type=\"widget\" data-e-type=\"widget\" data-widget_type=\"text-editor.default\">\n\t\t\t\t<div class=\"elementor-widget-container\">\n\t\t\t\t\t\t\t\t\t<h2>When should management be prioritised over electrical cabinets?<\/h2>\t\t\t\t\t\t\t\t<\/div>\n\t\t\t\t<\/div>\n\t\t\t\t\t<\/div>\n\t\t\t\t<\/div>\n\t\t<div class=\"elementor-element elementor-element-1efbfe4 e-flex e-con-boxed e-con e-parent\" data-id=\"1efbfe4\" data-element_type=\"container\" data-e-type=\"container\">\n\t\t\t\t\t<div class=\"e-con-inner\">\n\t\t\t\t<div class=\"elementor-element elementor-element-befe275 elementor-widget elementor-widget-text-editor\" data-id=\"befe275\" data-element_type=\"widget\" data-e-type=\"widget\" data-widget_type=\"text-editor.default\">\n\t\t\t\t<div class=\"elementor-widget-container\">\n\t\t\t\t\t\t\t\t\t<p>Cabinet management involves controlling all the lights in a given area from a single electrical box. Thanks to <a href=\"https:\/\/bh-technologies.com\/en\/horloge-astronomique-eclairage-public\/\">socio-astronomical clocks<\/a> (the Radiolite range) or supervision modules (e.g. <a href=\"https:\/\/bh-technologies.com\/en\/boutique\/armoire-electrique\/horloges-connectees\/bh-gate\/\">BH Gate<\/a>), streetlights can be programmed to switch on and off according to schedules or footfall.<\/p>\t\t\t\t\t\t\t\t<\/div>\n\t\t\t\t<\/div>\n\t\t\t\t\t<\/div>\n\t\t\t\t<\/div>\n\t\t<div class=\"elementor-element elementor-element-eed3454 e-flex e-con-boxed e-con e-parent\" data-id=\"eed3454\" data-element_type=\"container\" data-e-type=\"container\">\n\t\t\t\t\t<div class=\"e-con-inner\">\n\t\t\t\t<div class=\"elementor-element elementor-element-edb7c22 elementor-widget elementor-widget-text-editor\" data-id=\"edb7c22\" data-element_type=\"widget\" data-e-type=\"widget\" data-widget_type=\"text-editor.default\">\n\t\t\t\t<div class=\"elementor-widget-container\">\n\t\t\t\t\t\t\t\t\t<h3>This method of managing public lighting is ideal when:<\/h3>\n<ul>\n \t<li>The public lighting network is dense and uniform, for example in a residential area.<\/li>\n \t<li>Maintenance should remain simple: the entire sector can be checked in a single action.<\/li>\n \t<li>Customisation requirements are limited, as all street lamps follow the same lighting scenario.<\/li>\n<\/ul>\n<strong>Examples of benefits:<\/strong>\n<ul>\n \t<li>Substantial energy savings thanks to precise programming.<\/li>\n \t<li>Significant reduction in maintenance costs, as control is centralised.<\/li>\n \t<li>Integrated management of secondary networks such as festive or architectural lighting.<\/li>\n<\/ul>\t\t\t\t\t\t\t\t<\/div>\n\t\t\t\t<\/div>\n\t\t\t\t\t<\/div>\n\t\t\t\t<\/div>\n\t\t<div class=\"elementor-element elementor-element-341f3f9 e-flex e-con-boxed e-con e-parent\" data-id=\"341f3f9\" data-element_type=\"container\" data-e-type=\"container\">\n\t\t\t\t\t<div class=\"e-con-inner\">\n\t\t\t\t<div class=\"elementor-element elementor-element-6e5f7de elementor-widget elementor-widget-text-editor\" data-id=\"6e5f7de\" data-element_type=\"widget\" data-e-type=\"widget\" data-widget_type=\"text-editor.default\">\n\t\t\t\t<div class=\"elementor-widget-container\">\n\t\t\t\t\t\t\t\t\t<h2>So why control public lighting at light points?<\/h2>\t\t\t\t\t\t\t\t<\/div>\n\t\t\t\t<\/div>\n\t\t\t\t\t<\/div>\n\t\t\t\t<\/div>\n\t\t<div class=\"elementor-element elementor-element-0d86ac0 e-flex e-con-boxed e-con e-parent\" data-id=\"0d86ac0\" data-element_type=\"container\" data-e-type=\"container\">\n\t\t\t\t\t<div class=\"e-con-inner\">\n\t\t<div class=\"elementor-element elementor-element-79c6a88 e-con-full e-flex e-con e-child\" data-id=\"79c6a88\" data-element_type=\"container\" data-e-type=\"container\">\n\t\t\t\t<div class=\"elementor-element elementor-element-145accb elementor-widget elementor-widget-text-editor\" data-id=\"145accb\" data-element_type=\"widget\" data-e-type=\"widget\" data-widget_type=\"text-editor.default\">\n\t\t\t\t<div class=\"elementor-widget-container\">\n\t\t\t\t\t\t\t\t\tPublic lighting management at <a href=\"https:\/\/bh-technologies.com\/en\/product-category\/points-lumineux\/\">light points<\/a> allows it to be adapted to each area or even each streetlight, via communication devices such as the BH Node on a mesh network. This approach opens the door to advanced customisation: adapted time slots, selective switching off, and emergency switching back on in the event of an incident to enhance safety.\n<h3>Light point management should be prioritised when:<\/h3>\n<ul>\n \t<li>Areas require a high degree of flexibility (sensitive areas, roadways, public parks).<\/li>\n \t<li>User safety must be guaranteed, in particular the ability to automatically restart in case of need.<\/li>\n \t<li>Local authorities are seeking to maximise savings by adjusting lighting only where it is truly useful.<\/li>\n<\/ul>\n<span style=\"font-size: 20px;\"><strong>Examples of benefits:<\/strong><\/span>\n<ul>\n \t<li>Precise control of consumption, thanks in particular to lighting level adjustment and reduction of the energy footprint.<\/li>\n \t<li>Optimised safety thanks to the ability to instantly switch the lighting back on.<\/li>\n \t<li>Tailor-made response to the needs of each neighbourhood or each user.<\/li>\n<\/ul>\t\t\t\t\t\t\t\t<\/div>\n\t\t\t\t<\/div>\n\t\t\t\t<\/div>\n\t\t\t\t\t<\/div>\n\t\t\t\t<\/div>\n\t\t<div class=\"elementor-element elementor-element-6d0f535 e-flex e-con-boxed e-con e-parent\" data-id=\"6d0f535\" data-element_type=\"container\" data-e-type=\"container\">\n\t\t\t\t\t<div class=\"e-con-inner\">\n\t\t<div class=\"elementor-element elementor-element-e7ec036 e-con-full e-flex e-con e-child\" data-id=\"e7ec036\" data-element_type=\"container\" data-e-type=\"container\">\n\t\t\t\t<div class=\"elementor-element elementor-element-891da8a elementor-widget elementor-widget-text-editor\" data-id=\"891da8a\" data-element_type=\"widget\" data-e-type=\"widget\" data-widget_type=\"text-editor.default\">\n\t\t\t\t<div class=\"elementor-widget-container\">\n\t\t\t\t\t\t\t\t\t<h2>Scalable public lighting management, tailored to each municipality<\/h2>\t\t\t\t\t\t\t\t<\/div>\n\t\t\t\t<\/div>\n\t\t\t\t<\/div>\n\t\t\t\t\t<\/div>\n\t\t\t\t<\/div>\n\t\t<div class=\"elementor-element elementor-element-a62a339 e-flex e-con-boxed e-con e-parent\" data-id=\"a62a339\" data-element_type=\"container\" data-e-type=\"container\">\n\t\t\t\t\t<div class=\"e-con-inner\">\n\t\t<div class=\"elementor-element elementor-element-4cb1857 e-con-full e-flex e-con e-child\" data-id=\"4cb1857\" data-element_type=\"container\" data-e-type=\"container\">\n\t\t<div class=\"elementor-element elementor-element-f97ac5c e-con-full e-flex e-con e-child\" data-id=\"f97ac5c\" data-element_type=\"container\" data-e-type=\"container\">\n\t\t\t\t<div class=\"elementor-element elementor-element-ff12d89 elementor-widget elementor-widget-text-editor\" data-id=\"ff12d89\" data-element_type=\"widget\" data-e-type=\"widget\" data-widget_type=\"text-editor.default\">\n\t\t\t\t<div class=\"elementor-widget-container\">\n\t\t\t\t\t\t\t\t\t<p>BH Technologies propose des solutions modulables qui s\u2019int\u00e8grent facilement dans les infrastructures existantes, qu\u2019il s\u2019agisse de gestion \u00e0 l\u2019armoire \u00e9lectrique ou aux points lumineux. Cette approche \u00e9volutive favorise une transition vers des villes plus intelligentes et responsables, tout en maximisant les diff\u00e9rents b\u00e9n\u00e9fices pour les collectivit\u00e9s et leurs habitants.<\/p><p>In summary, the choice between cabinets and light points will depend on the type of network, local authorities' energy efficiency goals, and the importance placed on safety.<\/p><p>Focusing on connected solutions, particularly fleet monitoring such as <a href=\"https:\/\/lucev4.bh-technologies.com\/\" target=\"_blank\" rel=\"noopener\">Luce<\/a>scalable and centralised solutions often prove to be the best compromise for combining performance and efficiency in public lighting management.<\/p>\t\t\t\t\t\t\t\t<\/div>\n\t\t\t\t<\/div>\n\t\t\t\t<\/div>\n\t\t\t\t<\/div>\n\t\t\t\t\t<\/div>\n\t\t\t\t<\/div>\n\t\t<div class=\"elementor-element elementor-element-3aa110c8 e-flex e-con-boxed e-con e-parent\" data-id=\"3aa110c8\" data-element_type=\"container\" data-e-type=\"container\" data-settings=\"{&quot;background_background&quot;:&quot;classic&quot;}\">\n\t\t\t\t\t<div class=\"e-con-inner\">\n\t\t<div class=\"elementor-element elementor-element-33aa6822 e-flex e-con-boxed e-con e-child\" data-id=\"33aa6822\" data-element_type=\"container\" data-e-type=\"container\" data-settings=\"{&quot;background_background&quot;:&quot;classic&quot;}\">\n\t\t\t\t\t<div class=\"e-con-inner\">\n\t\t\t\t<div class=\"elementor-element elementor-element-400ec8d9 elementor-widget elementor-widget-infetech_elementor_heading\" data-id=\"400ec8d9\" data-element_type=\"widget\" data-e-type=\"widget\" data-widget_type=\"infetech_elementor_heading.default\">\n\t\t\t\t<div class=\"elementor-widget-container\">\n\t\t\t\t\t\n\t\t\t<div class=\"ova-heading\">\n\t\t\t\t\n\t\t\t\t\n\t\t\t\t\n\t\t\t\t\t<h3 class=\"title\">\t\t\t\t\t\t\t\t\t\t\t\t\tThis topic speaks to you? Would you like to discuss it with our team?\t\t\t\t\t\t\t\t\t\t\t<\/h3>\n                \n                \t\t\t\t\t<p class=\"description\">Write to us today. We\u2019ll be delighted to connect with you and support you every step of the way!<\/p>\n\t\t\t\t\n\t\t\t<\/div>\n\n\t\t\t\t\t\t<\/div>\n\t\t\t\t<\/div>\n\t\t\t\t<div class=\"elementor-element elementor-element-739d160e elementor-widget elementor-widget-shortcode\" data-id=\"739d160e\" data-element_type=\"widget\" data-e-type=\"widget\" data-widget_type=\"shortcode.default\">\n\t\t\t\t<div class=\"elementor-widget-container\">\n\t\t\t\t\t\t\t<div class=\"elementor-shortcode\">\n<div class=\"wpcf7 no-js\" id=\"wpcf7-f17431-o1\" lang=\"en-US\" dir=\"ltr\" data-wpcf7-id=\"17431\">\n<div class=\"screen-reader-response\"><p role=\"status\" aria-live=\"polite\" aria-atomic=\"true\"><\/p> <ul><\/ul><\/div>\n<form action=\"\/en\/wp-json\/wp\/v2\/pages\/24272#wpcf7-f17431-o1\" method=\"post\" class=\"wpcf7-form init\" aria-label=\"Contact form\" novalidate=\"novalidate\" data-status=\"init\" data-trp-original-action=\"\/en\/wp-json\/wp\/v2\/pages\/24272#wpcf7-f17431-o1\">\n<fieldset class=\"hidden-fields-container\"><input type=\"hidden\" name=\"_wpcf7\" value=\"17431\" \/><input type=\"hidden\" name=\"_wpcf7_version\" value=\"6.1.5\" \/><input type=\"hidden\" name=\"_wpcf7_locale\" value=\"en_US\" \/><input type=\"hidden\" name=\"_wpcf7_unit_tag\" value=\"wpcf7-f17431-o1\" \/><input type=\"hidden\" name=\"_wpcf7_container_post\" value=\"0\" \/><input type=\"hidden\" name=\"_wpcf7_posted_data_hash\" value=\"\" \/><input type=\"hidden\" name=\"_wpcf7_recaptcha_response\" value=\"\" \/>\n<\/fieldset>\n<div class=\"ova-ctfrom7\">\n\t<div class=\"form-contact-us ct17\">\n\t\t<div class=\"form-left\">\n\t\t\t<div class=\"name-info ova_wrap_input\">\n\t\t\t\t<p><span class=\"wpcf7-form-control-wrap\" data-name=\"fullname\"><input size=\"40\" maxlength=\"400\" class=\"wpcf7-form-control wpcf7-text wpcf7-validates-as-required\" aria-required=\"true\" aria-invalid=\"false\" placeholder=\"First &amp; Last Name\" value=\"\" type=\"text\" name=\"fullname\" \/><\/span>\n\t\t\t\t<\/p>\n\t\t\t<\/div>\n\t\t\t<div class=\"email ova_wrap_input\">\n\t\t\t\t<p><span class=\"wpcf7-form-control-wrap\" data-name=\"your-email\"><input size=\"40\" maxlength=\"400\" class=\"wpcf7-form-control wpcf7-email wpcf7-validates-as-required wpcf7-text wpcf7-validates-as-email\" aria-required=\"true\" aria-invalid=\"false\" placeholder=\"Email\" value=\"\" type=\"email\" name=\"your-email\" \/><\/span>\n\t\t\t\t<\/p>\n\t\t\t<\/div>\n\t\t<\/div>\n\t\t<div class=\"message ova_wrap_input\">\n\t\t\t<p><span class=\"wpcf7-form-control-wrap\" data-name=\"your-message\"><textarea cols=\"40\" rows=\"10\" maxlength=\"2000\" class=\"wpcf7-form-control wpcf7-textarea wpcf7-validates-as-required\" aria-required=\"true\" aria-invalid=\"false\" placeholder=\"Message\" name=\"your-message\"><\/textarea><\/span>\n\t\t\t<\/p>\n\t\t<\/div>\n\t\t<div class=\"ova_center_wrap\">\n\t\t\t<div class=\"ova-submit\">\n\t\t\t\t<p><input class=\"wpcf7-form-control wpcf7-submit has-spinner\" type=\"submit\" value=\"Contact us!\" \/>\n\t\t\t\t<\/p>\n\t\t\t<\/div>\n\t\t<\/div>\n\t<\/div>\n<\/div><div class=\"wpcf7-response-output\" aria-hidden=\"true\"><\/div>\n<input type=\"hidden\" name=\"trp-form-language\" value=\"en\"\/><\/form>\n<\/div>\n<\/div>\n\t\t\t\t\t\t<\/div>\n\t\t\t\t<\/div>\n\t\t\t\t\t<\/div>\n\t\t\t\t<\/div>\n\t\t\t\t\t<\/div>\n\t\t\t\t<\/div>\n\t\t<div class=\"elementor-element elementor-element-8d2a135 e-con-full elementor-hidden-tablet_extra elementor-hidden-tablet elementor-hidden-mobile e-flex e-con e-parent\" data-id=\"8d2a135\" data-element_type=\"container\" data-e-type=\"container\">\n\t\t<div class=\"elementor-element elementor-element-b2190f6 e-con-full e-flex e-con e-child\" data-id=\"b2190f6\" data-element_type=\"container\" data-e-type=\"container\" data-settings=\"{&quot;shape_divider_bottom&quot;:&quot;opacity-fan&quot;,&quot;background_background&quot;:&quot;classic&quot;}\">\n\t\t\t\t<div class=\"elementor-shape elementor-shape-bottom\" aria-hidden=\"true\" data-negative=\"false\">\n\t\t\t<svg xmlns=\"http:\/\/www.w3.org\/2000\/svg\" viewbox=\"0 0 283.5 19.6\" preserveaspectratio=\"none\">\n\t<path class=\"elementor-shape-fill\" style=\"opacity:0.33\" d=\"M0 0L0 18.8 141.8 4.1 283.5 18.8 283.5 0z\"\/>\n\t<path class=\"elementor-shape-fill\" style=\"opacity:0.33\" d=\"M0 0L0 12.6 141.8 4 283.5 12.6 283.5 0z\"\/>\n\t<path class=\"elementor-shape-fill\" style=\"opacity:0.33\" d=\"M0 0L0 6.4 141.8 4 283.5 6.4 283.5 0z\"\/>\n\t<path class=\"elementor-shape-fill\" d=\"M0 0L0 1.2 141.8 4 283.5 1.2 283.5 0z\"\/>\n<\/svg>\t\t<\/div>\n\t\t\t\t<\/div>\n\t\t\t\t<\/div>\n\t\t\t\t<\/div>","protected":false},"excerpt":{"rendered":"<p>\u00c9clairage public : choisir la gestion \u00e0 l\u2019armoire \u00e9lectrique ou aux points lumineux G\u00e9rer efficacement l\u2019\u00e9clairage public est un enjeu de taille pour les communes, tant pour assurer la s\u00e9curit\u00e9 des citoyens que pour r\u00e9pondre aux exigences de la transition \u00e9nerg\u00e9tique. Face \u00e0 ces d\u00e9fis, deux m\u00e9thodes principales s\u2019offrent aux gestionnaires : la gestion centralis\u00e9e [&hellip;]<\/p>\n","protected":false},"author":3,"featured_media":0,"parent":0,"menu_order":0,"comment_status":"closed","ping_status":"closed","template":"","meta":{"footnotes":""},"class_list":["post-24272","page","type-page","status-publish","hentry"],"aioseo_notices":[],"_links":{"self":[{"href":"https:\/\/bh-technologies.com\/en\/wp-json\/wp\/v2\/pages\/24272","targetHints":{"allow":["GET"]}}],"collection":[{"href":"https:\/\/bh-technologies.com\/en\/wp-json\/wp\/v2\/pages"}],"about":[{"href":"https:\/\/bh-technologies.com\/en\/wp-json\/wp\/v2\/types\/page"}],"author":[{"embeddable":true,"href":"https:\/\/bh-technologies.com\/en\/wp-json\/wp\/v2\/users\/3"}],"replies":[{"embeddable":true,"href":"https:\/\/bh-technologies.com\/en\/wp-json\/wp\/v2\/comments?post=24272"}],"version-history":[{"count":61,"href":"https:\/\/bh-technologies.com\/en\/wp-json\/wp\/v2\/pages\/24272\/revisions"}],"predecessor-version":[{"id":25614,"href":"https:\/\/bh-technologies.com\/en\/wp-json\/wp\/v2\/pages\/24272\/revisions\/25614"}],"wp:attachment":[{"href":"https:\/\/bh-technologies.com\/en\/wp-json\/wp\/v2\/media?parent=24272"}],"curies":[{"name":"wp","href":"https:\/\/api.w.org\/{rel}","templated":true}]}}