{"id":24202,"date":"2025-11-05T14:38:57","date_gmt":"2025-11-05T13:38:57","guid":{"rendered":"https:\/\/bh-technologies.com\/?page_id=24202"},"modified":"2026-03-26T09:07:46","modified_gmt":"2026-03-26T08:07:46","slug":"supervision-eclairage-public","status":"publish","type":"page","link":"https:\/\/bh-technologies.com\/en\/supervision-eclairage-public\/","title":{"rendered":"Public lighting supervision: optimise control"},"content":{"rendered":"<div data-elementor-type=\"wp-page\" data-elementor-id=\"24202\" class=\"elementor elementor-24202\" data-elementor-post-type=\"page\">\n\t\t\t\t<div class=\"elementor-element elementor-element-b32e50c e-flex e-con-boxed e-con e-parent\" data-id=\"b32e50c\" data-element_type=\"container\" data-e-type=\"container\" data-settings=\"{&quot;background_background&quot;:&quot;classic&quot;}\">\n\t\t\t\t\t<div class=\"e-con-inner\">\n\t\t<div class=\"elementor-element elementor-element-5a6f674 e-con-full e-flex e-con e-child\" data-id=\"5a6f674\" data-element_type=\"container\" data-e-type=\"container\">\n\t\t\t\t<div class=\"elementor-element elementor-element-01d3b83 elementor-widget elementor-widget-infetech_elementor_heading\" data-id=\"01d3b83\" data-element_type=\"widget\" data-e-type=\"widget\" data-widget_type=\"infetech_elementor_heading.default\">\n\t\t\t\t<div class=\"elementor-widget-container\">\n\t\t\t\t\t\n\t\t\t<div class=\"ova-heading\">\n\t\t\t\t\n\t\t\t\t\n\t\t\t\t\n\t\t\t\t\t<h1 class=\"title\">\t\t\t\t\t\t\t\t\t\t\t\t\tPublic lighting supervision: optimize operations\t\t\t\t\t\t\t\t\t\t\t<\/h1>\n                \n                \n\t\t\t<\/div>\n\n\t\t\t\t\t\t<\/div>\n\t\t\t\t<\/div>\n\t\t\t\t<\/div>\n\t\t\t\t\t<\/div>\n\t\t\t\t<\/div>\n\t\t<div class=\"elementor-element elementor-element-822ce73 e-flex e-con-boxed e-con e-parent\" data-id=\"822ce73\" data-element_type=\"container\" data-e-type=\"container\">\n\t\t\t\t\t<div class=\"e-con-inner\">\n\t\t\t\t<div class=\"elementor-element elementor-element-22a2c20 elementor-widget elementor-widget-text-editor\" data-id=\"22a2c20\" data-element_type=\"widget\" data-e-type=\"widget\" data-widget_type=\"text-editor.default\">\n\t\t\t\t<div class=\"elementor-widget-container\">\n\t\t\t\t\t\t\t\t\t<p><strong>Supervision transforms public lighting management for local authorities. It enables remote control of lighting fixtures and electrical cabinets, while reducing energy and maintenance costs. <\/strong><strong>Thanks to BH Technologies' solutions, local authorities can accurately programme lighting switch-on and switch-off times, detect anomalies and adjust street lighting to suit local life.<\/strong><\/p>\t\t\t\t\t\t\t\t<\/div>\n\t\t\t\t<\/div>\n\t\t\t\t\t<\/div>\n\t\t\t\t<\/div>\n\t\t<div class=\"elementor-element elementor-element-00980bc e-flex e-con-boxed e-con e-parent\" data-id=\"00980bc\" data-element_type=\"container\" data-e-type=\"container\">\n\t\t\t\t\t<div class=\"e-con-inner\">\n\t\t\t\t<div class=\"elementor-element elementor-element-a6061a0 elementor-widget elementor-widget-text-editor\" data-id=\"a6061a0\" data-element_type=\"widget\" data-e-type=\"widget\" data-widget_type=\"text-editor.default\">\n\t\t\t\t<div class=\"elementor-widget-container\">\n\t\t\t\t\t\t\t\t\t<h2>Remote monitoring of electrical cabinets and lighting points<\/h2>\t\t\t\t\t\t\t\t<\/div>\n\t\t\t\t<\/div>\n\t\t\t\t\t<\/div>\n\t\t\t\t<\/div>\n\t\t<div class=\"elementor-element elementor-element-4b10158 e-grid elementor-hidden-tablet_extra elementor-hidden-tablet elementor-hidden-mobile e-con-boxed e-con e-parent\" data-id=\"4b10158\" data-element_type=\"container\" data-e-type=\"container\">\n\t\t\t\t\t<div class=\"e-con-inner\">\n\t\t\t\t<div class=\"elementor-element elementor-element-1400697 elementor-widget elementor-widget-image\" data-id=\"1400697\" data-element_type=\"widget\" data-e-type=\"widget\" data-widget_type=\"image.default\">\n\t\t\t\t<div class=\"elementor-widget-container\">\n\t\t\t\t\t\t\t\t\t\t\t\t\t\t\t<img fetchpriority=\"high\" decoding=\"async\" width=\"1000\" height=\"589\" src=\"https:\/\/bh-technologies.com\/wp-content\/uploads\/2025\/10\/mock-up-mac-book-2-e1762508669397-1000x589.png\" class=\"attachment-medium size-medium wp-image-22804\" alt=\"Luce Supervision Armoire \u00e9lectrique BH Technologies\" srcset=\"https:\/\/bh-technologies.com\/wp-content\/uploads\/2025\/10\/mock-up-mac-book-2-e1762508669397-1000x589.png 1000w, https:\/\/bh-technologies.com\/wp-content\/uploads\/2025\/10\/mock-up-mac-book-2-e1762508669397-1024x603.png 1024w, https:\/\/bh-technologies.com\/wp-content\/uploads\/2025\/10\/mock-up-mac-book-2-e1762508669397-768x452.png 768w, https:\/\/bh-technologies.com\/wp-content\/uploads\/2025\/10\/mock-up-mac-book-2-e1762508669397-1536x904.png 1536w, https:\/\/bh-technologies.com\/wp-content\/uploads\/2025\/10\/mock-up-mac-book-2-e1762508669397-18x12.png 18w, https:\/\/bh-technologies.com\/wp-content\/uploads\/2025\/10\/mock-up-mac-book-2-e1762508669397-500x294.png 500w, https:\/\/bh-technologies.com\/wp-content\/uploads\/2025\/10\/mock-up-mac-book-2-e1762508669397-300x177.png 300w, https:\/\/bh-technologies.com\/wp-content\/uploads\/2025\/10\/mock-up-mac-book-2-e1762508669397.png 2018w\" sizes=\"(max-width: 1000px) 100vw, 1000px\" \/>\t\t\t\t\t\t\t\t\t\t\t\t\t\t\t<\/div>\n\t\t\t\t<\/div>\n\t\t\t\t<div class=\"elementor-element elementor-element-73b5e2b elementor-widget elementor-widget-image\" data-id=\"73b5e2b\" data-element_type=\"widget\" data-e-type=\"widget\" data-widget_type=\"image.default\">\n\t\t\t\t<div class=\"elementor-widget-container\">\n\t\t\t\t\t\t\t\t\t\t\t\t\t\t\t<img decoding=\"async\" width=\"1000\" height=\"597\" src=\"https:\/\/bh-technologies.com\/wp-content\/uploads\/2025\/10\/mockup-mac-e1762508710394-1000x597.png\" class=\"attachment-medium size-medium wp-image-22800\" alt=\"Luce Supervision points lumineux BH Technologies\" srcset=\"https:\/\/bh-technologies.com\/wp-content\/uploads\/2025\/10\/mockup-mac-e1762508710394-1000x597.png 1000w, https:\/\/bh-technologies.com\/wp-content\/uploads\/2025\/10\/mockup-mac-e1762508710394-1024x611.png 1024w, https:\/\/bh-technologies.com\/wp-content\/uploads\/2025\/10\/mockup-mac-e1762508710394-768x458.png 768w, https:\/\/bh-technologies.com\/wp-content\/uploads\/2025\/10\/mockup-mac-e1762508710394-1536x916.png 1536w, https:\/\/bh-technologies.com\/wp-content\/uploads\/2025\/10\/mockup-mac-e1762508710394-18x12.png 18w, https:\/\/bh-technologies.com\/wp-content\/uploads\/2025\/10\/mockup-mac-e1762508710394-500x298.png 500w, https:\/\/bh-technologies.com\/wp-content\/uploads\/2025\/10\/mockup-mac-e1762508710394-300x179.png 300w, https:\/\/bh-technologies.com\/wp-content\/uploads\/2025\/10\/mockup-mac-e1762508710394.png 2015w\" sizes=\"(max-width: 1000px) 100vw, 1000px\" \/>\t\t\t\t\t\t\t\t\t\t\t\t\t\t\t<\/div>\n\t\t\t\t<\/div>\n\t\t\t\t\t<\/div>\n\t\t\t\t<\/div>\n\t\t<div class=\"elementor-element elementor-element-9ac65bf e-grid elementor-hidden-desktop e-con-boxed e-con e-parent\" data-id=\"9ac65bf\" data-element_type=\"container\" data-e-type=\"container\">\n\t\t\t\t\t<div class=\"e-con-inner\">\n\t\t\t\t<div class=\"elementor-element elementor-element-5c3fd78 elementor-widget elementor-widget-image\" data-id=\"5c3fd78\" data-element_type=\"widget\" data-e-type=\"widget\" data-widget_type=\"image.default\">\n\t\t\t\t<div class=\"elementor-widget-container\">\n\t\t\t\t\t\t\t\t\t\t\t\t\t\t\t<img fetchpriority=\"high\" decoding=\"async\" width=\"1000\" height=\"589\" src=\"https:\/\/bh-technologies.com\/wp-content\/uploads\/2025\/10\/mock-up-mac-book-2-e1762508669397-1000x589.png\" class=\"attachment-medium size-medium wp-image-22804\" alt=\"Luce Supervision Armoire \u00e9lectrique BH Technologies\" srcset=\"https:\/\/bh-technologies.com\/wp-content\/uploads\/2025\/10\/mock-up-mac-book-2-e1762508669397-1000x589.png 1000w, https:\/\/bh-technologies.com\/wp-content\/uploads\/2025\/10\/mock-up-mac-book-2-e1762508669397-1024x603.png 1024w, https:\/\/bh-technologies.com\/wp-content\/uploads\/2025\/10\/mock-up-mac-book-2-e1762508669397-768x452.png 768w, https:\/\/bh-technologies.com\/wp-content\/uploads\/2025\/10\/mock-up-mac-book-2-e1762508669397-1536x904.png 1536w, https:\/\/bh-technologies.com\/wp-content\/uploads\/2025\/10\/mock-up-mac-book-2-e1762508669397-18x12.png 18w, https:\/\/bh-technologies.com\/wp-content\/uploads\/2025\/10\/mock-up-mac-book-2-e1762508669397-500x294.png 500w, https:\/\/bh-technologies.com\/wp-content\/uploads\/2025\/10\/mock-up-mac-book-2-e1762508669397-300x177.png 300w, https:\/\/bh-technologies.com\/wp-content\/uploads\/2025\/10\/mock-up-mac-book-2-e1762508669397.png 2018w\" sizes=\"(max-width: 1000px) 100vw, 1000px\" \/>\t\t\t\t\t\t\t\t\t\t\t\t\t\t\t<\/div>\n\t\t\t\t<\/div>\n\t\t\t\t<div class=\"elementor-element elementor-element-d1f9a22 elementor-widget elementor-widget-image\" data-id=\"d1f9a22\" data-element_type=\"widget\" data-e-type=\"widget\" data-widget_type=\"image.default\">\n\t\t\t\t<div class=\"elementor-widget-container\">\n\t\t\t\t\t\t\t\t\t\t\t\t\t\t\t<img decoding=\"async\" width=\"1000\" height=\"597\" src=\"https:\/\/bh-technologies.com\/wp-content\/uploads\/2025\/10\/mockup-mac-e1762508710394-1000x597.png\" class=\"attachment-medium size-medium wp-image-22800\" alt=\"Luce Supervision points lumineux BH Technologies\" srcset=\"https:\/\/bh-technologies.com\/wp-content\/uploads\/2025\/10\/mockup-mac-e1762508710394-1000x597.png 1000w, https:\/\/bh-technologies.com\/wp-content\/uploads\/2025\/10\/mockup-mac-e1762508710394-1024x611.png 1024w, https:\/\/bh-technologies.com\/wp-content\/uploads\/2025\/10\/mockup-mac-e1762508710394-768x458.png 768w, https:\/\/bh-technologies.com\/wp-content\/uploads\/2025\/10\/mockup-mac-e1762508710394-1536x916.png 1536w, https:\/\/bh-technologies.com\/wp-content\/uploads\/2025\/10\/mockup-mac-e1762508710394-18x12.png 18w, https:\/\/bh-technologies.com\/wp-content\/uploads\/2025\/10\/mockup-mac-e1762508710394-500x298.png 500w, https:\/\/bh-technologies.com\/wp-content\/uploads\/2025\/10\/mockup-mac-e1762508710394-300x179.png 300w, https:\/\/bh-technologies.com\/wp-content\/uploads\/2025\/10\/mockup-mac-e1762508710394.png 2015w\" sizes=\"(max-width: 1000px) 100vw, 1000px\" \/>\t\t\t\t\t\t\t\t\t\t\t\t\t\t\t<\/div>\n\t\t\t\t<\/div>\n\t\t\t\t\t<\/div>\n\t\t\t\t<\/div>\n\t\t<div class=\"elementor-element elementor-element-1efbfe4 e-flex e-con-boxed e-con e-parent\" data-id=\"1efbfe4\" data-element_type=\"container\" data-e-type=\"container\">\n\t\t\t\t\t<div class=\"e-con-inner\">\n\t\t\t\t<div class=\"elementor-element elementor-element-befe275 elementor-widget elementor-widget-text-editor\" data-id=\"befe275\" data-element_type=\"widget\" data-e-type=\"widget\" data-widget_type=\"text-editor.default\">\n\t\t\t\t<div class=\"elementor-widget-container\">\n\t\t\t\t\t\t\t\t\t<h3>At the electrical cabinet<\/h3>\nElectrical cabinets, equipped with <a href=\"https:\/\/bh-technologies.com\/en\/boutique\/armoire-electrique\/horloges-connectees\/radiolite-4xx-neo\/\">a Radiolite<\/a> and <a href=\"https:\/\/bh-technologies.com\/en\/boutique\/armoire-electrique\/horloges-connectees\/bh-gate\/\">a BH Gate<\/a>, become the control centre. Field information is automatically fed back to the platform <a href=\"https:\/\/bh-technologies.com\/en\/boutique\/armoire-electrique\/horloges-connectees\/luceconnect\/\">Luce.<\/a> Luce is the business platform that brings together <a title=\"LUCE APP\" href=\"https:\/\/bh-technologies.com\/en\/boutique\/armoire-electrique\/horloges-connectees\/luceapp\/\"><strong data-start=\"42\" data-end=\"54\">Luce App<\/strong><\/a>, <strong data-start=\"56\" data-end=\"72\">Luce Connect<\/strong> and <strong data-start=\"76\" data-end=\"90\">LucEnergie<\/strong>. Elle permet de conna\u00eetre avec pr\u00e9cision les consommations du parc d\u2019armoires, de garantir leur bon fonctionnement et d\u2019analyser facilement les donn\u00e9es.\n\n<strong>It offers:<\/strong>\n<ul>\n \t<li class=\"p1\">Remotely controlling the Radiolite fleet,<\/li>\n \t<li class=\"p2\">View the status of the fleet,<\/li>\n \t<li class=\"p2\">Display alerts and anomalies,<\/li>\n \t<li class=\"p2\">All data is interoperable with <a href=\"https:\/\/www.talq-consortium.org\/\" target=\"_blank\" rel=\"noopener\">TALQ<\/a>, but also with all CMMS, GIS, hypervisors and supervisors on the market.<\/li>\n<\/ul>\t\t\t\t\t\t\t\t<\/div>\n\t\t\t\t<\/div>\n\t\t\t\t\t<\/div>\n\t\t\t\t<\/div>\n\t\t<div class=\"elementor-element elementor-element-eed3454 e-flex e-con-boxed e-con e-parent\" data-id=\"eed3454\" data-element_type=\"container\" data-e-type=\"container\">\n\t\t\t\t\t<div class=\"e-con-inner\">\n\t\t\t\t<div class=\"elementor-element elementor-element-edb7c22 elementor-widget elementor-widget-text-editor\" data-id=\"edb7c22\" data-element_type=\"widget\" data-e-type=\"widget\" data-widget_type=\"text-editor.default\">\n\t\t\t\t<div class=\"elementor-widget-container\">\n\t\t\t\t\t\t\t\t\t<h3>At the light point<\/h3><p class=\"p2\"><a href=\"https:\/\/lucev4.bh-technologies.com\/\" target=\"_blank\" rel=\"noopener\">Luce<\/a> is a business platform that enables precise control and supervision of public lighting systems at the <a href=\"https:\/\/bh-technologies.com\/en\/product-category\/points-lumineux\/\">light points<\/a> : communication status, lighting status, group management, scheduling and scenario settings, sending forced commands, data feedback.<\/p><p>These sensors enable:<\/p><ul><li>To display the operating status of each point and its light status,<\/li><li>To control each node individually,<\/li><li>To program the switching on and off of each node and select the lighting level using an annual calendar.<\/li><\/ul>\t\t\t\t\t\t\t\t<\/div>\n\t\t\t\t<\/div>\n\t\t\t\t\t<\/div>\n\t\t\t\t<\/div>\n\t\t<div class=\"elementor-element elementor-element-341f3f9 e-flex e-con-boxed e-con e-parent\" data-id=\"341f3f9\" data-element_type=\"container\" data-e-type=\"container\">\n\t\t\t\t\t<div class=\"e-con-inner\">\n\t\t\t\t<div class=\"elementor-element elementor-element-6e5f7de elementor-widget elementor-widget-text-editor\" data-id=\"6e5f7de\" data-element_type=\"widget\" data-e-type=\"widget\" data-widget_type=\"text-editor.default\">\n\t\t\t\t<div class=\"elementor-widget-container\">\n\t\t\t\t\t\t\t\t\t<h2>The supervision of public lighting is a strategic lever for local authorities<\/h2>\t\t\t\t\t\t\t\t<\/div>\n\t\t\t\t<\/div>\n\t\t\t\t\t<\/div>\n\t\t\t\t<\/div>\n\t\t<div class=\"elementor-element elementor-element-0d86ac0 e-flex e-con-boxed e-con e-parent\" data-id=\"0d86ac0\" data-element_type=\"container\" data-e-type=\"container\">\n\t\t\t\t\t<div class=\"e-con-inner\">\n\t\t<div class=\"elementor-element elementor-element-79c6a88 e-con-full e-flex e-con e-child\" data-id=\"79c6a88\" data-element_type=\"container\" data-e-type=\"container\">\n\t\t\t\t<div class=\"elementor-element elementor-element-145accb elementor-widget elementor-widget-text-editor\" data-id=\"145accb\" data-element_type=\"widget\" data-e-type=\"widget\" data-widget_type=\"text-editor.default\">\n\t\t\t\t<div class=\"elementor-widget-container\">\n\t\t\t\t\t\t\t\t\t<h3>Whether used on electrical cabinets or light points, it enables to:<\/h3>\n<ul>\n \t<li>reduce energy and maintenance costs,<\/li>\n \t<li>improve responsiveness and security,<\/li>\n \t<li>to extend the service life of equipment.<\/li>\n<\/ul>\nWith Luce, local authorities are moving from reactive management to intelligent, economical and sustainable management of their public lighting infrastructure.\t\t\t\t\t\t\t\t<\/div>\n\t\t\t\t<\/div>\n\t\t\t\t<\/div>\n\t\t\t\t\t<\/div>\n\t\t\t\t<\/div>\n\t\t<div class=\"elementor-element elementor-element-2dd916e3 e-flex e-con-boxed e-con e-parent\" data-id=\"2dd916e3\" data-element_type=\"container\" data-e-type=\"container\" data-settings=\"{&quot;background_background&quot;:&quot;classic&quot;}\">\n\t\t\t\t\t<div class=\"e-con-inner\">\n\t\t<div class=\"elementor-element elementor-element-4ff8147c e-flex e-con-boxed e-con e-child\" data-id=\"4ff8147c\" data-element_type=\"container\" data-e-type=\"container\" data-settings=\"{&quot;background_background&quot;:&quot;classic&quot;}\">\n\t\t\t\t\t<div class=\"e-con-inner\">\n\t\t\t\t<div class=\"elementor-element elementor-element-3f16b95b elementor-widget elementor-widget-infetech_elementor_heading\" data-id=\"3f16b95b\" data-element_type=\"widget\" data-e-type=\"widget\" data-widget_type=\"infetech_elementor_heading.default\">\n\t\t\t\t<div class=\"elementor-widget-container\">\n\t\t\t\t\t\n\t\t\t<div class=\"ova-heading\">\n\t\t\t\t\n\t\t\t\t\n\t\t\t\t\n\t\t\t\t\t<h3 class=\"title\">\t\t\t\t\t\t\t\t\t\t\t\t\tThis topic speaks to you? Would you like to discuss it with our team?\t\t\t\t\t\t\t\t\t\t\t<\/h3>\n                \n                \t\t\t\t\t<p class=\"description\">Write to us today. We\u2019ll be delighted to connect with you and support you every step of the way!<\/p>\n\t\t\t\t\n\t\t\t<\/div>\n\n\t\t\t\t\t\t<\/div>\n\t\t\t\t<\/div>\n\t\t\t\t<div class=\"elementor-element elementor-element-458b1cd4 elementor-widget elementor-widget-shortcode\" data-id=\"458b1cd4\" data-element_type=\"widget\" data-e-type=\"widget\" data-widget_type=\"shortcode.default\">\n\t\t\t\t<div class=\"elementor-widget-container\">\n\t\t\t\t\t\t\t<div class=\"elementor-shortcode\">\n<div class=\"wpcf7 no-js\" id=\"wpcf7-f17431-o1\" lang=\"en-US\" dir=\"ltr\" data-wpcf7-id=\"17431\">\n<div class=\"screen-reader-response\"><p role=\"status\" aria-live=\"polite\" aria-atomic=\"true\"><\/p> <ul><\/ul><\/div>\n<form action=\"\/en\/wp-json\/wp\/v2\/pages\/24202#wpcf7-f17431-o1\" method=\"post\" class=\"wpcf7-form init\" aria-label=\"Contact form\" novalidate=\"novalidate\" data-status=\"init\" data-trp-original-action=\"\/en\/wp-json\/wp\/v2\/pages\/24202#wpcf7-f17431-o1\">\n<fieldset class=\"hidden-fields-container\"><input type=\"hidden\" name=\"_wpcf7\" value=\"17431\" \/><input type=\"hidden\" name=\"_wpcf7_version\" value=\"6.1.5\" \/><input type=\"hidden\" name=\"_wpcf7_locale\" value=\"en_US\" \/><input type=\"hidden\" name=\"_wpcf7_unit_tag\" value=\"wpcf7-f17431-o1\" \/><input type=\"hidden\" name=\"_wpcf7_container_post\" value=\"0\" \/><input type=\"hidden\" name=\"_wpcf7_posted_data_hash\" value=\"\" \/><input type=\"hidden\" name=\"_wpcf7_recaptcha_response\" value=\"\" \/>\n<\/fieldset>\n<div class=\"ova-ctfrom7\">\n\t<div class=\"form-contact-us ct17\">\n\t\t<div class=\"form-left\">\n\t\t\t<div class=\"name-info ova_wrap_input\">\n\t\t\t\t<p><span class=\"wpcf7-form-control-wrap\" data-name=\"fullname\"><input size=\"40\" maxlength=\"400\" class=\"wpcf7-form-control wpcf7-text wpcf7-validates-as-required\" aria-required=\"true\" aria-invalid=\"false\" placeholder=\"First &amp; Last Name\" value=\"\" type=\"text\" name=\"fullname\" \/><\/span>\n\t\t\t\t<\/p>\n\t\t\t<\/div>\n\t\t\t<div class=\"email ova_wrap_input\">\n\t\t\t\t<p><span class=\"wpcf7-form-control-wrap\" data-name=\"your-email\"><input size=\"40\" maxlength=\"400\" class=\"wpcf7-form-control wpcf7-email wpcf7-validates-as-required wpcf7-text wpcf7-validates-as-email\" aria-required=\"true\" aria-invalid=\"false\" placeholder=\"Email\" value=\"\" type=\"email\" name=\"your-email\" \/><\/span>\n\t\t\t\t<\/p>\n\t\t\t<\/div>\n\t\t<\/div>\n\t\t<div class=\"message ova_wrap_input\">\n\t\t\t<p><span class=\"wpcf7-form-control-wrap\" data-name=\"your-message\"><textarea cols=\"40\" rows=\"10\" maxlength=\"2000\" class=\"wpcf7-form-control wpcf7-textarea wpcf7-validates-as-required\" aria-required=\"true\" aria-invalid=\"false\" placeholder=\"Message\" name=\"your-message\"><\/textarea><\/span>\n\t\t\t<\/p>\n\t\t<\/div>\n\t\t<div class=\"ova_center_wrap\">\n\t\t\t<div class=\"ova-submit\">\n\t\t\t\t<p><input class=\"wpcf7-form-control wpcf7-submit has-spinner\" type=\"submit\" value=\"Contact us!\" \/>\n\t\t\t\t<\/p>\n\t\t\t<\/div>\n\t\t<\/div>\n\t<\/div>\n<\/div><div class=\"wpcf7-response-output\" aria-hidden=\"true\"><\/div>\n<input type=\"hidden\" name=\"trp-form-language\" value=\"en\"\/><\/form>\n<\/div>\n<\/div>\n\t\t\t\t\t\t<\/div>\n\t\t\t\t<\/div>\n\t\t\t\t\t<\/div>\n\t\t\t\t<\/div>\n\t\t\t\t\t<\/div>\n\t\t\t\t<\/div>\n\t\t<div class=\"elementor-element elementor-element-8d2a135 e-con-full elementor-hidden-tablet_extra elementor-hidden-tablet elementor-hidden-mobile e-flex e-con e-parent\" data-id=\"8d2a135\" data-element_type=\"container\" data-e-type=\"container\">\n\t\t<div class=\"elementor-element elementor-element-b2190f6 e-con-full e-flex e-con e-child\" data-id=\"b2190f6\" data-element_type=\"container\" data-e-type=\"container\" data-settings=\"{&quot;shape_divider_bottom&quot;:&quot;opacity-fan&quot;,&quot;background_background&quot;:&quot;classic&quot;}\">\n\t\t\t\t<div class=\"elementor-shape elementor-shape-bottom\" aria-hidden=\"true\" data-negative=\"false\">\n\t\t\t<svg xmlns=\"http:\/\/www.w3.org\/2000\/svg\" viewbox=\"0 0 283.5 19.6\" preserveaspectratio=\"none\">\n\t<path class=\"elementor-shape-fill\" style=\"opacity:0.33\" d=\"M0 0L0 18.8 141.8 4.1 283.5 18.8 283.5 0z\"\/>\n\t<path class=\"elementor-shape-fill\" style=\"opacity:0.33\" d=\"M0 0L0 12.6 141.8 4 283.5 12.6 283.5 0z\"\/>\n\t<path class=\"elementor-shape-fill\" style=\"opacity:0.33\" d=\"M0 0L0 6.4 141.8 4 283.5 6.4 283.5 0z\"\/>\n\t<path class=\"elementor-shape-fill\" d=\"M0 0L0 1.2 141.8 4 283.5 1.2 283.5 0z\"\/>\n<\/svg>\t\t<\/div>\n\t\t\t\t<\/div>\n\t\t\t\t<\/div>\n\t\t\t\t<\/div>","protected":false},"excerpt":{"rendered":"<p>Supervision de l\u2019\u00e9clairage public : optimisez le pilotage La supervision transforme la gestion de l\u2019\u00e9clairage public pour les collectivit\u00e9s. Elle permet de piloter \u00e0 distance les luminaires et les armoires \u00e9lectriques, tout en r\u00e9duisant les co\u00fbts d\u2019\u00e9nergie et de maintenance. Gr\u00e2ce aux solutions de BH Technologies, les communes peuvent programmer au plus juste les horaires [&hellip;]<\/p>\n","protected":false},"author":3,"featured_media":0,"parent":0,"menu_order":0,"comment_status":"closed","ping_status":"closed","template":"","meta":{"footnotes":""},"class_list":["post-24202","page","type-page","status-publish","hentry"],"aioseo_notices":[],"_links":{"self":[{"href":"https:\/\/bh-technologies.com\/en\/wp-json\/wp\/v2\/pages\/24202","targetHints":{"allow":["GET"]}}],"collection":[{"href":"https:\/\/bh-technologies.com\/en\/wp-json\/wp\/v2\/pages"}],"about":[{"href":"https:\/\/bh-technologies.com\/en\/wp-json\/wp\/v2\/types\/page"}],"author":[{"embeddable":true,"href":"https:\/\/bh-technologies.com\/en\/wp-json\/wp\/v2\/users\/3"}],"replies":[{"embeddable":true,"href":"https:\/\/bh-technologies.com\/en\/wp-json\/wp\/v2\/comments?post=24202"}],"version-history":[{"count":87,"href":"https:\/\/bh-technologies.com\/en\/wp-json\/wp\/v2\/pages\/24202\/revisions"}],"predecessor-version":[{"id":25620,"href":"https:\/\/bh-technologies.com\/en\/wp-json\/wp\/v2\/pages\/24202\/revisions\/25620"}],"wp:attachment":[{"href":"https:\/\/bh-technologies.com\/en\/wp-json\/wp\/v2\/media?parent=24202"}],"curies":[{"name":"wp","href":"https:\/\/api.w.org\/{rel}","templated":true}]}}