{"id":24188,"date":"2025-11-05T13:52:15","date_gmt":"2025-11-05T12:52:15","guid":{"rendered":"https:\/\/bh-technologies.com\/?page_id=24188"},"modified":"2026-02-25T14:33:41","modified_gmt":"2026-02-25T13:33:41","slug":"horloge-astronomique-eclairage-public-efficace","status":"publish","type":"page","link":"https:\/\/bh-technologies.com\/en\/horloge-astronomique-eclairage-public-efficace\/","title":{"rendered":"Astronomical clock: control public lighting efficiently"},"content":{"rendered":"<div data-elementor-type=\"wp-page\" data-elementor-id=\"24188\" class=\"elementor elementor-24188\" data-elementor-post-type=\"page\">\n\t\t\t\t<div class=\"elementor-element elementor-element-b32e50c e-flex e-con-boxed e-con e-parent\" data-id=\"b32e50c\" data-element_type=\"container\" data-e-type=\"container\" data-settings=\"{&quot;background_background&quot;:&quot;classic&quot;}\">\n\t\t\t\t\t<div class=\"e-con-inner\">\n\t\t<div class=\"elementor-element elementor-element-5a6f674 e-con-full e-flex e-con e-child\" data-id=\"5a6f674\" data-element_type=\"container\" data-e-type=\"container\">\n\t\t\t\t<div class=\"elementor-element elementor-element-01d3b83 elementor-widget elementor-widget-infetech_elementor_heading\" data-id=\"01d3b83\" data-element_type=\"widget\" data-e-type=\"widget\" data-widget_type=\"infetech_elementor_heading.default\">\n\t\t\t\t<div class=\"elementor-widget-container\">\n\t\t\t\t\t\n\t\t\t<div class=\"ova-heading\">\n\t\t\t\t\n\t\t\t\t\n\t\t\t\t\n\t\t\t\t\t<h1 class=\"title\">\t\t\t\t\t\t\t\t\t\t\t\t\tAstronomical clock: control public lighting efficiently\t\t\t\t\t\t\t\t\t\t\t<\/h1>\n                \n                \n\t\t\t<\/div>\n\n\t\t\t\t\t\t<\/div>\n\t\t\t\t<\/div>\n\t\t\t\t<\/div>\n\t\t\t\t\t<\/div>\n\t\t\t\t<\/div>\n\t\t<div class=\"elementor-element elementor-element-822ce73 e-flex e-con-boxed e-con e-parent\" data-id=\"822ce73\" data-element_type=\"container\" data-e-type=\"container\">\n\t\t\t\t\t<div class=\"e-con-inner\">\n\t\t\t\t<div class=\"elementor-element elementor-element-22a2c20 elementor-widget elementor-widget-text-editor\" data-id=\"22a2c20\" data-element_type=\"widget\" data-e-type=\"widget\" data-widget_type=\"text-editor.default\">\n\t\t\t\t<div class=\"elementor-widget-container\">\n\t\t\t\t\t\t\t\t\t<p><span style=\"font-size: 14px;\"><strong>The astronomical clock is a key tool for local authorities, automatically controlling public lighting according to the natural cycles of the sun. A precise clock, such as those from BH Technologies, reduces energy costs, improves service quality and makes interventions safer, while offering real energy efficiency benefits. This guide explains how it works, its advantages and best practices for integrating it into your fleet.<\/strong><\/span><\/p>\t\t\t\t\t\t\t\t<\/div>\n\t\t\t\t<\/div>\n\t\t\t\t\t<\/div>\n\t\t\t\t<\/div>\n\t\t<div class=\"elementor-element elementor-element-00980bc e-flex e-con-boxed e-con e-parent\" data-id=\"00980bc\" data-element_type=\"container\" data-e-type=\"container\">\n\t\t\t\t\t<div class=\"e-con-inner\">\n\t\t\t\t<div class=\"elementor-element elementor-element-a6061a0 elementor-widget elementor-widget-text-editor\" data-id=\"a6061a0\" data-element_type=\"widget\" data-e-type=\"widget\" data-widget_type=\"text-editor.default\">\n\t\t\t\t<div class=\"elementor-widget-container\">\n\t\t\t\t\t\t\t\t\t<h2>What is an astronomical clock dedicated to public lighting and what is its purpose?<\/h2>\t\t\t\t\t\t\t\t<\/div>\n\t\t\t\t<\/div>\n\t\t\t\t\t<\/div>\n\t\t\t\t<\/div>\n\t\t<div class=\"elementor-element elementor-element-482ee65 e-flex e-con-boxed e-con e-parent\" data-id=\"482ee65\" data-element_type=\"container\" data-e-type=\"container\">\n\t\t\t\t\t<div class=\"e-con-inner\">\n\t\t<div class=\"elementor-element elementor-element-c749c3d e-con-full e-flex e-con e-child\" data-id=\"c749c3d\" data-element_type=\"container\" data-e-type=\"container\">\n\t\t\t\t<div class=\"elementor-element elementor-element-05ffe9a elementor-widget elementor-widget-image\" data-id=\"05ffe9a\" data-element_type=\"widget\" data-e-type=\"widget\" data-widget_type=\"image.default\">\n\t\t\t\t<div class=\"elementor-widget-container\">\n\t\t\t\t\t\t\t\t\t\t\t\t\t\t\t<img fetchpriority=\"high\" decoding=\"async\" width=\"800\" height=\"800\" src=\"https:\/\/bh-technologies.com\/wp-content\/uploads\/2025\/05\/rad-110-neo.png\" class=\"attachment-large size-large wp-image-21105\" alt=\"Radiolite 110 horloge astronomique BH Technologies\" srcset=\"https:\/\/bh-technologies.com\/wp-content\/uploads\/2025\/05\/rad-110-neo.png 1000w, https:\/\/bh-technologies.com\/wp-content\/uploads\/2025\/05\/rad-110-neo-500x500.png 500w, https:\/\/bh-technologies.com\/wp-content\/uploads\/2025\/05\/rad-110-neo-300x300.png 300w, https:\/\/bh-technologies.com\/wp-content\/uploads\/2025\/05\/rad-110-neo-600x600.png 600w, https:\/\/bh-technologies.com\/wp-content\/uploads\/2025\/05\/rad-110-neo-234x234.png 234w, https:\/\/bh-technologies.com\/wp-content\/uploads\/2025\/05\/rad-110-neo-768x768.png 768w, https:\/\/bh-technologies.com\/wp-content\/uploads\/2025\/05\/rad-110-neo-12x12.png 12w, https:\/\/bh-technologies.com\/wp-content\/uploads\/2025\/05\/rad-110-neo-150x150.png 150w\" sizes=\"(max-width: 800px) 100vw, 800px\" \/>\t\t\t\t\t\t\t\t\t\t\t\t\t\t\t<\/div>\n\t\t\t\t<\/div>\n\t\t\t\t<\/div>\n\t\t<div class=\"elementor-element elementor-element-95b3263 e-con-full e-flex e-con e-child\" data-id=\"95b3263\" data-element_type=\"container\" data-e-type=\"container\">\n\t\t\t\t<div class=\"elementor-element elementor-element-9c3262d elementor-widget elementor-widget-image\" data-id=\"9c3262d\" data-element_type=\"widget\" data-e-type=\"widget\" data-widget_type=\"image.default\">\n\t\t\t\t<div class=\"elementor-widget-container\">\n\t\t\t\t\t\t\t\t\t\t\t\t\t\t\t<img decoding=\"async\" width=\"800\" height=\"800\" src=\"https:\/\/bh-technologies.com\/wp-content\/uploads\/2025\/05\/rad-220-neo.png\" class=\"attachment-large size-large wp-image-21108\" alt=\"Radiolite 220 horloge astronomique BH Technologies\" srcset=\"https:\/\/bh-technologies.com\/wp-content\/uploads\/2025\/05\/rad-220-neo.png 1000w, https:\/\/bh-technologies.com\/wp-content\/uploads\/2025\/05\/rad-220-neo-500x500.png 500w, https:\/\/bh-technologies.com\/wp-content\/uploads\/2025\/05\/rad-220-neo-300x300.png 300w, https:\/\/bh-technologies.com\/wp-content\/uploads\/2025\/05\/rad-220-neo-600x600.png 600w, https:\/\/bh-technologies.com\/wp-content\/uploads\/2025\/05\/rad-220-neo-234x234.png 234w, https:\/\/bh-technologies.com\/wp-content\/uploads\/2025\/05\/rad-220-neo-768x768.png 768w, https:\/\/bh-technologies.com\/wp-content\/uploads\/2025\/05\/rad-220-neo-12x12.png 12w, https:\/\/bh-technologies.com\/wp-content\/uploads\/2025\/05\/rad-220-neo-150x150.png 150w\" sizes=\"(max-width: 800px) 100vw, 800px\" \/>\t\t\t\t\t\t\t\t\t\t\t\t\t\t\t<\/div>\n\t\t\t\t<\/div>\n\t\t\t\t<\/div>\n\t\t<div class=\"elementor-element elementor-element-b16227c e-con-full e-flex e-con e-child\" data-id=\"b16227c\" data-element_type=\"container\" data-e-type=\"container\">\n\t\t\t\t<div class=\"elementor-element elementor-element-feca150 elementor-widget elementor-widget-image\" data-id=\"feca150\" data-element_type=\"widget\" data-e-type=\"widget\" data-widget_type=\"image.default\">\n\t\t\t\t<div class=\"elementor-widget-container\">\n\t\t\t\t\t\t\t\t\t\t\t\t\t\t\t<img decoding=\"async\" width=\"800\" height=\"800\" src=\"https:\/\/bh-technologies.com\/wp-content\/uploads\/2025\/05\/rad-neo-4xx.png\" class=\"attachment-large size-large wp-image-21104\" alt=\"Radiolite 400 horloge astronomique BH Technologies\" srcset=\"https:\/\/bh-technologies.com\/wp-content\/uploads\/2025\/05\/rad-neo-4xx.png 1000w, https:\/\/bh-technologies.com\/wp-content\/uploads\/2025\/05\/rad-neo-4xx-500x500.png 500w, https:\/\/bh-technologies.com\/wp-content\/uploads\/2025\/05\/rad-neo-4xx-300x300.png 300w, https:\/\/bh-technologies.com\/wp-content\/uploads\/2025\/05\/rad-neo-4xx-600x600.png 600w, https:\/\/bh-technologies.com\/wp-content\/uploads\/2025\/05\/rad-neo-4xx-234x234.png 234w, https:\/\/bh-technologies.com\/wp-content\/uploads\/2025\/05\/rad-neo-4xx-768x768.png 768w, https:\/\/bh-technologies.com\/wp-content\/uploads\/2025\/05\/rad-neo-4xx-12x12.png 12w, https:\/\/bh-technologies.com\/wp-content\/uploads\/2025\/05\/rad-neo-4xx-150x150.png 150w\" sizes=\"(max-width: 800px) 100vw, 800px\" \/>\t\t\t\t\t\t\t\t\t\t\t\t\t\t\t<\/div>\n\t\t\t\t<\/div>\n\t\t\t\t<\/div>\n\t\t\t\t\t<\/div>\n\t\t\t\t<\/div>\n\t\t<div class=\"elementor-element elementor-element-1efbfe4 e-flex e-con-boxed e-con e-parent\" data-id=\"1efbfe4\" data-element_type=\"container\" data-e-type=\"container\">\n\t\t\t\t\t<div class=\"e-con-inner\">\n\t\t\t\t<div class=\"elementor-element elementor-element-befe275 elementor-widget elementor-widget-text-editor\" data-id=\"befe275\" data-element_type=\"widget\" data-e-type=\"widget\" data-widget_type=\"text-editor.default\">\n\t\t\t\t<div class=\"elementor-widget-container\">\n\t\t\t\t\t\t\t\t\t<p>Unlike a conventional programmable clock, an astronomical clock does not rely on a simple timer. <a title=\"Patented socio-astronomical calculation\" href=\"https:\/\/bh-technologies.com\/en\/calcul-socio-astronomique\/\">It calculates automatically<\/a> the times of sunrise and sunset based on the municipality\u2019s latitude and longitude. This ensures optimal activation of public lighting, with no seasonal offset.<\/p><p><strong>The benefits are immediate:<\/strong><\/p><ul><li>Energy savings thanks to adjusted lighting duration.<\/li><li>Fewer reprogramming interventions.<\/li><li>Improved night-time safety for residents.<\/li><\/ul>\t\t\t\t\t\t\t\t<\/div>\n\t\t\t\t<\/div>\n\t\t\t\t\t<\/div>\n\t\t\t\t<\/div>\n\t\t<div class=\"elementor-element elementor-element-0f50303 e-flex e-con-boxed e-con e-parent\" data-id=\"0f50303\" data-element_type=\"container\" data-e-type=\"container\">\n\t\t\t\t\t<div class=\"e-con-inner\">\n\t\t\t\t<div class=\"elementor-element elementor-element-c9180c8 elementor-widget elementor-widget-text-editor\" data-id=\"c9180c8\" data-element_type=\"widget\" data-e-type=\"widget\" data-widget_type=\"text-editor.default\">\n\t\t\t\t<div class=\"elementor-widget-container\">\n\t\t\t\t\t\t\t\t\t<h2>Astronomical clock and public lighting: how does autopilot work?<\/h2>\t\t\t\t\t\t\t\t<\/div>\n\t\t\t\t<\/div>\n\t\t\t\t\t<\/div>\n\t\t\t\t<\/div>\n\t\t<div class=\"elementor-element elementor-element-eed3454 e-flex e-con-boxed e-con e-parent\" data-id=\"eed3454\" data-element_type=\"container\" data-e-type=\"container\">\n\t\t\t\t\t<div class=\"e-con-inner\">\n\t\t\t\t<div class=\"elementor-element elementor-element-edb7c22 elementor-widget elementor-widget-text-editor\" data-id=\"edb7c22\" data-element_type=\"widget\" data-e-type=\"widget\" data-widget_type=\"text-editor.default\">\n\t\t\t\t<div class=\"elementor-widget-container\">\n\t\t\t\t\t\t\t\t\t<h3>Understanding the mechanism step by step<\/h3>\nAn astronomical clock adjusts the lighting switch-on and switch-off times according to sunrise and sunset.\n<strong>It takes into account:<\/strong>\n<ul>\n \t<li>latitude and longitude,<\/li>\n \t<li>seasonal variations,<\/li>\n \t<li>the number of people visiting the place,<\/li>\n \t<li>possibly custom rules for specific events or areas.<\/li>\n<\/ul>\n<h3>The advantages of autopilot<\/h3>\n<strong>Autopilot enables:<\/strong>\n<ul>\n \t<li>to reduce energy consumption,<\/li>\n \t<li>to avoid unnecessary manual interventions,<\/li>\n \t<li>to ensure consistent and reliable lighting throughout the year.<\/li>\n<\/ul>\nThis gives local authorities greater operational efficiency and peace of mind.\t\t\t\t\t\t\t\t<\/div>\n\t\t\t\t<\/div>\n\t\t\t\t\t<\/div>\n\t\t\t\t<\/div>\n\t\t<div class=\"elementor-element elementor-element-3c76829 e-flex e-con-boxed e-con e-parent\" data-id=\"3c76829\" data-element_type=\"container\" data-e-type=\"container\">\n\t\t\t\t\t<div class=\"e-con-inner\">\n\t\t\t\t<div class=\"elementor-element elementor-element-dd5c499 elementor-widget elementor-widget-text-editor\" data-id=\"dd5c499\" data-element_type=\"widget\" data-e-type=\"widget\" data-widget_type=\"text-editor.default\">\n\t\t\t\t<div class=\"elementor-widget-container\">\n\t\t\t\t\t\t\t\t\t<h2>BH Technologies' innovations in astronomical clocks dedicated to public lighting<\/h2>\t\t\t\t\t\t\t\t<\/div>\n\t\t\t\t<\/div>\n\t\t\t\t\t<\/div>\n\t\t\t\t<\/div>\n\t\t<div class=\"elementor-element elementor-element-e03fc15 e-flex e-con-boxed e-con e-parent\" data-id=\"e03fc15\" data-element_type=\"container\" data-e-type=\"container\">\n\t\t\t\t\t<div class=\"e-con-inner\">\n\t\t\t\t<div class=\"elementor-element elementor-element-37f8548 elementor-widget elementor-widget-text-editor\" data-id=\"37f8548\" data-element_type=\"widget\" data-e-type=\"widget\" data-widget_type=\"text-editor.default\">\n\t\t\t\t<div class=\"elementor-widget-container\">\n\t\t\t\t\t\t\t\t\t<h3>Astronomical precision and proven reliability<\/h3>\nThe <a href=\"https:\/\/bh-technologies.com\/en\/product-category\/armoire-electrique\/\">astronomical clocks<\/a> BH Technologies\u2019 devices use a highly precise, proprietary astronomical calculation algorithm. They automatically synchronize with legal time (daylight saving time changes) and adjust switching schedules down to the minute. Their design is based on high-durability industrial components, ensuring a lifespan of over ten years with no significant drift. Each device is individually tested at the factory to guarantee maximum reliability, even under extreme conditions (\u201325 \u00b0C to +55 \u00b0C).\n<h3>Full IoT connectivity and integration<\/h3>\nUnlike the majority of competing time switches, BH Technologies\u2019 models can be integrated into a complete IoT ecosystem. Thanks to their compatibility with <a href=\"https:\/\/bh-technologies.com\/en\/boutique\/armoire-electrique\/horloges-connectees\/luceconnect\/\">Luce<\/a>, they enable remote control and real-time remote management. Settings can be updated via networks such as <a href=\"https:\/\/lora-alliance.org\/\" target=\"_blank\" rel=\"noopener\">Lorawan<\/a>, GSM or LTE-M, without any on-site intervention. This bidirectional connectivity simplifies maintenance and provides a complete overview of the lighting network.\n<h3>An easy-to-install astronomical clock<\/h3>\nBH Technologies\u2019 astronomical clocks are designed to be ergonomic and quick to install. Commissioning takes only a few minutes, and the time switch instantly calculates the schedules.\t\t\t\t\t\t\t\t<\/div>\n\t\t\t\t<\/div>\n\t\t\t\t\t<\/div>\n\t\t\t\t<\/div>\n\t\t<div class=\"elementor-element elementor-element-df0d66b e-flex e-con-boxed e-con e-parent\" data-id=\"df0d66b\" data-element_type=\"container\" data-e-type=\"container\">\n\t\t\t\t\t<div class=\"e-con-inner\">\n\t\t\t\t<div class=\"elementor-element elementor-element-64acf86 elementor-widget elementor-widget-text-editor\" data-id=\"64acf86\" data-element_type=\"widget\" data-e-type=\"widget\" data-widget_type=\"text-editor.default\">\n\t\t\t\t<div class=\"elementor-widget-container\">\n\t\t\t\t\t\t\t\t\t<h2>Concrete benefits for public lighting<\/h2>\t\t\t\t\t\t\t\t<\/div>\n\t\t\t\t<\/div>\n\t\t\t\t\t<\/div>\n\t\t\t\t<\/div>\n\t\t<div class=\"elementor-element elementor-element-f6fd235 e-flex e-con-boxed e-con e-parent\" data-id=\"f6fd235\" data-element_type=\"container\" data-e-type=\"container\">\n\t\t\t\t\t<div class=\"e-con-inner\">\n\t\t\t\t<div class=\"elementor-element elementor-element-0b7d586 elementor-widget elementor-widget-text-editor\" data-id=\"0b7d586\" data-element_type=\"widget\" data-e-type=\"widget\" data-widget_type=\"text-editor.default\">\n\t\t\t\t<div class=\"elementor-widget-container\">\n\t\t\t\t\t\t\t\t\t<h3>Adaptation to local needs<\/h3><p><strong>Municipalities can adjust lighting according to:<\/strong><\/p><ul><li>traffic in the areas,<\/li><li>temporary events,<\/li><li>road and pedestrian safety.<\/li><\/ul><h3>Cost reduction and energy savings<\/h3><p>A well-calibrated astronomical clock can reduce electricity consumption for public lighting by up to 20\u201340%.<br \/>Interventions are less frequent because schedules are adjusted automatically.<\/p><h3>Upgrade to public lighting system monitoring with connected astronomical clocks<\/h3><p><strong>Integration with remote management platforms enables:<\/strong><\/p><ul><li>to programme public lighting throughout the year,<\/li><li>manage exceptional programmes,<\/li><li>to anticipate interventions,<\/li><li>generate consumption and performance reports,<\/li><li>to extend the service life of the luminaires.<\/li><\/ul><p>For instance: <a href=\"https:\/\/bh-technologies.com\/en\/boutique\/armoire-electrique\/horloges-connectees\/radiolite-4xx-neo\/\">Radiolite 4XX<\/a> enables fleet monitoring via Luce when connected to the monitoring module <a href=\"https:\/\/bh-technologies.com\/en\/boutique\/armoire-electrique\/horloges-connectees\/bh-gate\/\">BH Gate<\/a>.<\/p>\t\t\t\t\t\t\t\t<\/div>\n\t\t\t\t<\/div>\n\t\t\t\t\t<\/div>\n\t\t\t\t<\/div>\n\t\t<div class=\"elementor-element elementor-element-341f3f9 e-flex e-con-boxed e-con e-parent\" data-id=\"341f3f9\" data-element_type=\"container\" data-e-type=\"container\">\n\t\t\t\t\t<div class=\"e-con-inner\">\n\t\t\t\t<div class=\"elementor-element elementor-element-6e5f7de elementor-widget elementor-widget-text-editor\" data-id=\"6e5f7de\" data-element_type=\"widget\" data-e-type=\"widget\" data-widget_type=\"text-editor.default\">\n\t\t\t\t<div class=\"elementor-widget-container\">\n\t\t\t\t\t\t\t\t\t<h2>An astronomical clock is a lever for efficiency for local authorities<\/h2>\t\t\t\t\t\t\t\t<\/div>\n\t\t\t\t<\/div>\n\t\t\t\t\t<\/div>\n\t\t\t\t<\/div>\n\t\t<div class=\"elementor-element elementor-element-0d86ac0 e-flex e-con-boxed e-con e-parent\" data-id=\"0d86ac0\" data-element_type=\"container\" data-e-type=\"container\">\n\t\t\t\t\t<div class=\"e-con-inner\">\n\t\t<div class=\"elementor-element elementor-element-79c6a88 e-con-full e-flex e-con e-child\" data-id=\"79c6a88\" data-element_type=\"container\" data-e-type=\"container\">\n\t\t\t\t<div class=\"elementor-element elementor-element-145accb elementor-widget elementor-widget-text-editor\" data-id=\"145accb\" data-element_type=\"widget\" data-e-type=\"widget\" data-widget_type=\"text-editor.default\">\n\t\t\t\t<div class=\"elementor-widget-container\">\n\t\t\t\t\t\t\t\t\t<p>The astronomical clock transforms street lighting into a smart and economical tool.<br \/>It enables local authorities to reduce costs, optimise management and secure maintenance.<br \/>With a well-planned rollout, the community moves from manual, reactive management to proactive, accurate and sustainable management.<\/p>\t\t\t\t\t\t\t\t<\/div>\n\t\t\t\t<\/div>\n\t\t\t\t<\/div>\n\t\t\t\t\t<\/div>\n\t\t\t\t<\/div>\n\t\t<div class=\"elementor-element elementor-element-1ba27e5f e-flex e-con-boxed e-con e-parent\" data-id=\"1ba27e5f\" data-element_type=\"container\" data-e-type=\"container\" data-settings=\"{&quot;background_background&quot;:&quot;classic&quot;}\">\n\t\t\t\t\t<div class=\"e-con-inner\">\n\t\t<div class=\"elementor-element elementor-element-39d858a7 e-flex e-con-boxed e-con e-child\" data-id=\"39d858a7\" data-element_type=\"container\" data-e-type=\"container\" data-settings=\"{&quot;background_background&quot;:&quot;classic&quot;}\">\n\t\t\t\t\t<div class=\"e-con-inner\">\n\t\t\t\t<div class=\"elementor-element elementor-element-574393b6 elementor-widget elementor-widget-infetech_elementor_heading\" data-id=\"574393b6\" data-element_type=\"widget\" data-e-type=\"widget\" data-widget_type=\"infetech_elementor_heading.default\">\n\t\t\t\t<div class=\"elementor-widget-container\">\n\t\t\t\t\t\n\t\t\t<div class=\"ova-heading\">\n\t\t\t\t\n\t\t\t\t\n\t\t\t\t\n\t\t\t\t\t<h3 class=\"title\">\t\t\t\t\t\t\t\t\t\t\t\t\tThis topic speaks to you? Would you like to discuss it with our team?\t\t\t\t\t\t\t\t\t\t\t<\/h3>\n                \n                \t\t\t\t\t<p class=\"description\">Write to us today. We\u2019ll be delighted to connect with you and support you every step of the way!<\/p>\n\t\t\t\t\n\t\t\t<\/div>\n\n\t\t\t\t\t\t<\/div>\n\t\t\t\t<\/div>\n\t\t\t\t<div class=\"elementor-element elementor-element-a6a3d45 elementor-widget elementor-widget-shortcode\" data-id=\"a6a3d45\" data-element_type=\"widget\" data-e-type=\"widget\" data-widget_type=\"shortcode.default\">\n\t\t\t\t<div class=\"elementor-widget-container\">\n\t\t\t\t\t\t\t<div class=\"elementor-shortcode\">\n<div class=\"wpcf7 no-js\" id=\"wpcf7-f17431-o1\" lang=\"en-US\" dir=\"ltr\" data-wpcf7-id=\"17431\">\n<div class=\"screen-reader-response\"><p role=\"status\" aria-live=\"polite\" aria-atomic=\"true\"><\/p> <ul><\/ul><\/div>\n<form action=\"\/en\/wp-json\/wp\/v2\/pages\/24188#wpcf7-f17431-o1\" method=\"post\" class=\"wpcf7-form init\" aria-label=\"Contact form\" novalidate=\"novalidate\" data-status=\"init\" data-trp-original-action=\"\/en\/wp-json\/wp\/v2\/pages\/24188#wpcf7-f17431-o1\">\n<fieldset class=\"hidden-fields-container\"><input type=\"hidden\" name=\"_wpcf7\" value=\"17431\" \/><input type=\"hidden\" name=\"_wpcf7_version\" value=\"6.1.5\" \/><input type=\"hidden\" name=\"_wpcf7_locale\" value=\"en_US\" \/><input type=\"hidden\" name=\"_wpcf7_unit_tag\" value=\"wpcf7-f17431-o1\" \/><input type=\"hidden\" name=\"_wpcf7_container_post\" value=\"0\" \/><input type=\"hidden\" name=\"_wpcf7_posted_data_hash\" value=\"\" \/><input type=\"hidden\" name=\"_wpcf7_recaptcha_response\" value=\"\" \/>\n<\/fieldset>\n<div class=\"ova-ctfrom7\">\n\t<div class=\"form-contact-us ct17\">\n\t\t<div class=\"form-left\">\n\t\t\t<div class=\"name-info ova_wrap_input\">\n\t\t\t\t<p><span class=\"wpcf7-form-control-wrap\" data-name=\"fullname\"><input size=\"40\" maxlength=\"400\" class=\"wpcf7-form-control wpcf7-text wpcf7-validates-as-required\" aria-required=\"true\" aria-invalid=\"false\" placeholder=\"First &amp; Last Name\" value=\"\" type=\"text\" name=\"fullname\" \/><\/span>\n\t\t\t\t<\/p>\n\t\t\t<\/div>\n\t\t\t<div class=\"email ova_wrap_input\">\n\t\t\t\t<p><span class=\"wpcf7-form-control-wrap\" data-name=\"your-email\"><input size=\"40\" maxlength=\"400\" class=\"wpcf7-form-control wpcf7-email wpcf7-validates-as-required wpcf7-text wpcf7-validates-as-email\" aria-required=\"true\" aria-invalid=\"false\" placeholder=\"Email\" value=\"\" type=\"email\" name=\"your-email\" \/><\/span>\n\t\t\t\t<\/p>\n\t\t\t<\/div>\n\t\t<\/div>\n\t\t<div class=\"message ova_wrap_input\">\n\t\t\t<p><span class=\"wpcf7-form-control-wrap\" data-name=\"your-message\"><textarea cols=\"40\" rows=\"10\" maxlength=\"2000\" class=\"wpcf7-form-control wpcf7-textarea wpcf7-validates-as-required\" aria-required=\"true\" aria-invalid=\"false\" placeholder=\"Message\" name=\"your-message\"><\/textarea><\/span>\n\t\t\t<\/p>\n\t\t<\/div>\n\t\t<div class=\"ova_center_wrap\">\n\t\t\t<div class=\"ova-submit\">\n\t\t\t\t<p><input class=\"wpcf7-form-control wpcf7-submit has-spinner\" type=\"submit\" value=\"Contact us!\" \/>\n\t\t\t\t<\/p>\n\t\t\t<\/div>\n\t\t<\/div>\n\t<\/div>\n<\/div><div class=\"wpcf7-response-output\" aria-hidden=\"true\"><\/div>\n<input type=\"hidden\" name=\"trp-form-language\" value=\"en\"\/><\/form>\n<\/div>\n<\/div>\n\t\t\t\t\t\t<\/div>\n\t\t\t\t<\/div>\n\t\t\t\t\t<\/div>\n\t\t\t\t<\/div>\n\t\t\t\t\t<\/div>\n\t\t\t\t<\/div>\n\t\t<div class=\"elementor-element elementor-element-8d2a135 e-con-full elementor-hidden-tablet_extra elementor-hidden-tablet elementor-hidden-mobile e-flex e-con e-parent\" data-id=\"8d2a135\" data-element_type=\"container\" data-e-type=\"container\">\n\t\t<div class=\"elementor-element elementor-element-b2190f6 e-con-full e-flex e-con e-child\" data-id=\"b2190f6\" data-element_type=\"container\" data-e-type=\"container\" data-settings=\"{&quot;shape_divider_bottom&quot;:&quot;opacity-fan&quot;,&quot;background_background&quot;:&quot;classic&quot;}\">\n\t\t\t\t<div class=\"elementor-shape elementor-shape-bottom\" aria-hidden=\"true\" data-negative=\"false\">\n\t\t\t<svg xmlns=\"http:\/\/www.w3.org\/2000\/svg\" viewbox=\"0 0 283.5 19.6\" preserveaspectratio=\"none\">\n\t<path class=\"elementor-shape-fill\" style=\"opacity:0.33\" d=\"M0 0L0 18.8 141.8 4.1 283.5 18.8 283.5 0z\"\/>\n\t<path class=\"elementor-shape-fill\" style=\"opacity:0.33\" d=\"M0 0L0 12.6 141.8 4 283.5 12.6 283.5 0z\"\/>\n\t<path class=\"elementor-shape-fill\" style=\"opacity:0.33\" d=\"M0 0L0 6.4 141.8 4 283.5 6.4 283.5 0z\"\/>\n\t<path class=\"elementor-shape-fill\" d=\"M0 0L0 1.2 141.8 4 283.5 1.2 283.5 0z\"\/>\n<\/svg>\t\t<\/div>\n\t\t\t\t<\/div>\n\t\t\t\t<\/div>\n\t\t\t\t<\/div>","protected":false},"excerpt":{"rendered":"<p>Horloge astronomique : pilotez l\u2019\u00e9clairage public efficacement L\u2019horloge astronomique est un outil cl\u00e9 pour les collectivit\u00e9s, pilotant automatiquement l\u2019\u00e9clairage public selon les cycles naturels du soleil. Une horloge pr\u00e9cise, comme celles de BH Technologies, permet de r\u00e9duire les co\u00fbts d\u2019\u00e9nergie, d\u2019am\u00e9liorer la qualit\u00e9 de service et de s\u00e9curiser les interventions, tout en offrant un v\u00e9ritable [&hellip;]<\/p>\n","protected":false},"author":3,"featured_media":0,"parent":0,"menu_order":0,"comment_status":"closed","ping_status":"closed","template":"","meta":{"footnotes":""},"class_list":["post-24188","page","type-page","status-publish","hentry"],"aioseo_notices":[],"_links":{"self":[{"href":"https:\/\/bh-technologies.com\/en\/wp-json\/wp\/v2\/pages\/24188","targetHints":{"allow":["GET"]}}],"collection":[{"href":"https:\/\/bh-technologies.com\/en\/wp-json\/wp\/v2\/pages"}],"about":[{"href":"https:\/\/bh-technologies.com\/en\/wp-json\/wp\/v2\/types\/page"}],"author":[{"embeddable":true,"href":"https:\/\/bh-technologies.com\/en\/wp-json\/wp\/v2\/users\/3"}],"replies":[{"embeddable":true,"href":"https:\/\/bh-technologies.com\/en\/wp-json\/wp\/v2\/comments?post=24188"}],"version-history":[{"count":60,"href":"https:\/\/bh-technologies.com\/en\/wp-json\/wp\/v2\/pages\/24188\/revisions"}],"predecessor-version":[{"id":25647,"href":"https:\/\/bh-technologies.com\/en\/wp-json\/wp\/v2\/pages\/24188\/revisions\/25647"}],"wp:attachment":[{"href":"https:\/\/bh-technologies.com\/en\/wp-json\/wp\/v2\/media?parent=24188"}],"curies":[{"name":"wp","href":"https:\/\/api.w.org\/{rel}","templated":true}]}}