{"id":24110,"date":"2025-11-05T10:27:42","date_gmt":"2025-11-05T09:27:42","guid":{"rendered":"https:\/\/bh-technologies.com\/?page_id=24110"},"modified":"2026-02-25T13:22:10","modified_gmt":"2026-02-25T12:22:10","slug":"reduire-couts-de-maintenance-eclairage-public","status":"publish","type":"page","link":"https:\/\/bh-technologies.com\/en\/reduire-couts-de-maintenance-eclairage-public\/","title":{"rendered":"R\u00e9duire les co\u00fbts de maintenance \u00e9clairage public"},"content":{"rendered":"<div data-elementor-type=\"wp-page\" data-elementor-id=\"24110\" class=\"elementor elementor-24110\" data-elementor-post-type=\"page\">\n\t\t\t\t<div class=\"elementor-element elementor-element-b32e50c e-flex e-con-boxed e-con e-parent\" data-id=\"b32e50c\" data-element_type=\"container\" data-e-type=\"container\" data-settings=\"{&quot;background_background&quot;:&quot;classic&quot;}\">\n\t\t\t\t\t<div class=\"e-con-inner\">\n\t\t<div class=\"elementor-element elementor-element-5a6f674 e-con-full e-flex e-con e-child\" data-id=\"5a6f674\" data-element_type=\"container\" data-e-type=\"container\">\n\t\t\t\t<div class=\"elementor-element elementor-element-01d3b83 elementor-widget elementor-widget-infetech_elementor_heading\" data-id=\"01d3b83\" data-element_type=\"widget\" data-e-type=\"widget\" data-widget_type=\"infetech_elementor_heading.default\">\n\t\t\t\t<div class=\"elementor-widget-container\">\n\t\t\t\t\t\n\t\t\t<div class=\"ova-heading\">\n\t\t\t\t\n\t\t\t\t\n\t\t\t\t\n\t\t\t\t\t<h1 class=\"title\">\t\t\t\t\t\t\t\t\t\t\t\t\tHow to reduce public lighting maintenance costs with IoT solutions\t\t\t\t\t\t\t\t\t\t\t<\/h1>\n                \n                \n\t\t\t<\/div>\n\n\t\t\t\t\t\t<\/div>\n\t\t\t\t<\/div>\n\t\t\t\t<\/div>\n\t\t\t\t\t<\/div>\n\t\t\t\t<\/div>\n\t\t<div class=\"elementor-element elementor-element-822ce73 e-flex e-con-boxed e-con e-parent\" data-id=\"822ce73\" data-element_type=\"container\" data-e-type=\"container\">\n\t\t\t\t\t<div class=\"e-con-inner\">\n\t\t\t\t<div class=\"elementor-element elementor-element-22a2c20 elementor-widget elementor-widget-text-editor\" data-id=\"22a2c20\" data-element_type=\"widget\" data-e-type=\"widget\" data-widget_type=\"text-editor.default\">\n\t\t\t\t<div class=\"elementor-widget-container\">\n\t\t\t\t\t\t\t\t\t<p><strong>Public lighting represents a considerable expense for local authorities. Between maintenance costs, energy consumption and intervention management, the bill can quickly weigh heavily on the municipal budget. Today, IoT technologies offer a concrete solution for optimising maintenance and reducing costs while improving the quality of public services. Let's find out how solutions such as our BH Nodes, for example, can help achieve this.<\/strong><\/p>\t\t\t\t\t\t\t\t<\/div>\n\t\t\t\t<\/div>\n\t\t\t\t\t<\/div>\n\t\t\t\t<\/div>\n\t\t<div class=\"elementor-element elementor-element-00980bc e-flex e-con-boxed e-con e-parent\" data-id=\"00980bc\" data-element_type=\"container\" data-e-type=\"container\">\n\t\t\t\t\t<div class=\"e-con-inner\">\n\t\t\t\t<div class=\"elementor-element elementor-element-a6061a0 elementor-widget-mobile__width-initial elementor-widget elementor-widget-text-editor\" data-id=\"a6061a0\" data-element_type=\"widget\" data-e-type=\"widget\" data-widget_type=\"text-editor.default\">\n\t\t\t\t<div class=\"elementor-widget-container\">\n\t\t\t\t\t\t\t\t\t<h2>Why public lighting maintenance costs impact local authority budgets<\/h2>\t\t\t\t\t\t\t\t<\/div>\n\t\t\t\t<\/div>\n\t\t\t\t\t<\/div>\n\t\t\t\t<\/div>\n\t\t<div class=\"elementor-element elementor-element-1efbfe4 e-flex e-con-boxed e-con e-parent\" data-id=\"1efbfe4\" data-element_type=\"container\" data-e-type=\"container\">\n\t\t\t\t\t<div class=\"e-con-inner\">\n\t\t\t\t<div class=\"elementor-element elementor-element-befe275 elementor-widget elementor-widget-text-editor\" data-id=\"befe275\" data-element_type=\"widget\" data-e-type=\"widget\" data-widget_type=\"text-editor.default\">\n\t\t\t\t<div class=\"elementor-widget-container\">\n\t\t\t\t\t\t\t\t\t<p>According to<a href=\"https:\/\/librairie.ademe.fr\/\" target=\"_blank\" rel=\"noopener\">Ademe<\/a>, maintenance and energy account for up to 50% of a municipality's energy budget. The main causes are costly corrective interventions, a lack of accurate monitoring of equipment, and a lack of visibility on the condition of the fleet. Each round requires staff, time and fuel, increasing maintenance costs. In a context of budgetary constraints, optimising maintenance becomes a priority.<\/p>\t\t\t\t\t\t\t\t<\/div>\n\t\t\t\t<\/div>\n\t\t\t\t\t<\/div>\n\t\t\t\t<\/div>\n\t\t<div class=\"elementor-element elementor-element-0f50303 e-flex e-con-boxed e-con e-parent\" data-id=\"0f50303\" data-element_type=\"container\" data-e-type=\"container\">\n\t\t\t\t\t<div class=\"e-con-inner\">\n\t\t\t\t<div class=\"elementor-element elementor-element-c9180c8 elementor-widget elementor-widget-text-editor\" data-id=\"c9180c8\" data-element_type=\"widget\" data-e-type=\"widget\" data-widget_type=\"text-editor.default\">\n\t\t\t\t<div class=\"elementor-widget-container\">\n\t\t\t\t\t\t\t\t\t<h2>How IoT and remote management reduce public lighting maintenance costs<\/h2>\t\t\t\t\t\t\t\t<\/div>\n\t\t\t\t<\/div>\n\t\t\t\t\t<\/div>\n\t\t\t\t<\/div>\n\t\t<div class=\"elementor-element elementor-element-eed3454 elementor-hidden-tablet elementor-hidden-mobile e-flex e-con-boxed e-con e-parent\" data-id=\"eed3454\" data-element_type=\"container\" data-e-type=\"container\">\n\t\t\t\t\t<div class=\"e-con-inner\">\n\t\t\t\t<div class=\"elementor-element elementor-element-edb7c22 elementor-widget elementor-widget-text-editor\" data-id=\"edb7c22\" data-element_type=\"widget\" data-e-type=\"widget\" data-widget_type=\"text-editor.default\">\n\t\t\t\t<div class=\"elementor-widget-container\">\n\t\t\t\t\t\t\t\t\t<h3>Sensors and communication nodes: a significant reduction in maintenance costs<\/h3>\n<img fetchpriority=\"high\" decoding=\"async\" class=\"size-medium wp-image-21159 alignleft\" src=\"https:\/\/bh-technologies.com\/wp-content\/uploads\/2025\/06\/offre-aux-points-300x300.png\" alt=\"BH Node BH Technologies\" width=\"300\" height=\"300\" srcset=\"https:\/\/bh-technologies.com\/wp-content\/uploads\/2025\/06\/offre-aux-points-300x300.png 300w, https:\/\/bh-technologies.com\/wp-content\/uploads\/2025\/06\/offre-aux-points-500x500.png 500w, https:\/\/bh-technologies.com\/wp-content\/uploads\/2025\/06\/offre-aux-points-1000x1000.png 1000w, https:\/\/bh-technologies.com\/wp-content\/uploads\/2025\/06\/offre-aux-points-234x234.png 234w, https:\/\/bh-technologies.com\/wp-content\/uploads\/2025\/06\/offre-aux-points-768x768.png 768w, https:\/\/bh-technologies.com\/wp-content\/uploads\/2025\/06\/offre-aux-points-12x12.png 12w, https:\/\/bh-technologies.com\/wp-content\/uploads\/2025\/06\/offre-aux-points-600x600.png 600w, https:\/\/bh-technologies.com\/wp-content\/uploads\/2025\/06\/offre-aux-points.png 1024w\" sizes=\"(max-width: 300px) 100vw, 300px\" \/>The IoT connects every light point to a smart network.<br data-start=\"1775\" data-end=\"1778\" \/>The communicating nodes continuously measure operating status, consumption and electrical temperature.<br data-start=\"1908\" data-end=\"1911\" \/>Let us take the example <a href=\"https:\/\/bh-technologies.com\/en\/product-category\/points-lumineux\/\">our BH Nodes<\/a>, developed by BH Technologies: installed in each light fixture, they automatically send data to a centralised platform.<br data-start=\"2086\" data-end=\"2089\" \/>In the event of an anomaly, an alert is sent instantly. The result: no more unnecessary rounds, teams only intervene when necessary.\n<h3>Remote management and automation: fewer interventions, greater responsiveness<\/h3>\n<img decoding=\"async\" class=\"size-medium wp-image-21058 alignleft\" src=\"https:\/\/bh-technologies.com\/wp-content\/uploads\/2025\/06\/Mock-up-luce-node-2-300x200.png\" alt=\"Luce Supervision points lumineux BH Technologies\" width=\"300\" height=\"200\" srcset=\"https:\/\/bh-technologies.com\/wp-content\/uploads\/2025\/06\/Mock-up-luce-node-2-300x200.png 300w, https:\/\/bh-technologies.com\/wp-content\/uploads\/2025\/06\/Mock-up-luce-node-2-500x334.png 500w, https:\/\/bh-technologies.com\/wp-content\/uploads\/2025\/06\/Mock-up-luce-node-2-600x400.png 600w, https:\/\/bh-technologies.com\/wp-content\/uploads\/2025\/06\/Mock-up-luce-node-2-768x512.png 768w, https:\/\/bh-technologies.com\/wp-content\/uploads\/2025\/06\/Mock-up-luce-node-2-18x12.png 18w, https:\/\/bh-technologies.com\/wp-content\/uploads\/2025\/06\/Mock-up-luce-node-2.png 1000w\" sizes=\"(max-width: 300px) 100vw, 300px\" \/><a href=\"https:\/\/lucev4.bh-technologies.com\/\" target=\"_blank\" rel=\"noopener\">With remote management<\/a>, local authorities can control their lighting remotely: switching lights on and off, adjusting brightness, or scheduling lighting according to footfall.<br data-start=\"2481\" data-end=\"2484\" \/>This automation reduces travel and increases responsiveness to incidents.<br data-start=\"2574\" data-end=\"2577\" \/>The data collected reveals trends and helps to anticipate failures.\t\t\t\t\t\t\t\t<\/div>\n\t\t\t\t<\/div>\n\t\t\t\t\t<\/div>\n\t\t\t\t<\/div>\n\t\t<div class=\"elementor-element elementor-element-d167502 elementor-hidden-desktop elementor-hidden-tablet_extra e-flex e-con-boxed e-con e-parent\" data-id=\"d167502\" data-element_type=\"container\" data-e-type=\"container\">\n\t\t\t\t\t<div class=\"e-con-inner\">\n\t\t\t\t<div class=\"elementor-element elementor-element-0b9a314 elementor-widget elementor-widget-text-editor\" data-id=\"0b9a314\" data-element_type=\"widget\" data-e-type=\"widget\" data-widget_type=\"text-editor.default\">\n\t\t\t\t<div class=\"elementor-widget-container\">\n\t\t\t\t\t\t\t\t\t<h3><span style=\"font-size: 18px;\">Sensors and communication nodes: a significant reduction in maintenance costs<\/span><\/h3><p><img decoding=\"async\" class=\"size-medium wp-image-21159 aligncenter\" src=\"https:\/\/bh-technologies.com\/wp-content\/uploads\/2025\/06\/offre-aux-points-300x300.png\" alt=\"BH Node BH Technologies\" width=\"300\" height=\"300\" srcset=\"https:\/\/bh-technologies.com\/wp-content\/uploads\/2025\/06\/offre-aux-points-300x300.png 300w, https:\/\/bh-technologies.com\/wp-content\/uploads\/2025\/06\/offre-aux-points-500x500.png 500w, https:\/\/bh-technologies.com\/wp-content\/uploads\/2025\/06\/offre-aux-points-1000x1000.png 1000w, https:\/\/bh-technologies.com\/wp-content\/uploads\/2025\/06\/offre-aux-points-234x234.png 234w, https:\/\/bh-technologies.com\/wp-content\/uploads\/2025\/06\/offre-aux-points-768x768.png 768w, https:\/\/bh-technologies.com\/wp-content\/uploads\/2025\/06\/offre-aux-points-12x12.png 12w, https:\/\/bh-technologies.com\/wp-content\/uploads\/2025\/06\/offre-aux-points-600x600.png 600w, https:\/\/bh-technologies.com\/wp-content\/uploads\/2025\/06\/offre-aux-points.png 1024w\" sizes=\"(max-width: 300px) 100vw, 300px\" \/><br \/>IoT connects each light point to an intelligent network. Communicating nodes continuously monitor operating status, energy consumption, and electrical temperature. Let\u2019s take for example <a href=\"https:\/\/bh-technologies.com\/en\/product-category\/points-lumineux\/\">our BH Nodes<\/a>, developed by BH Technologies: installed in each luminaire, they automatically send data to a centralized platform. In the event of an anomaly, an alert is transmitted instantly. The result: no more unnecessary maintenance rounds\u2014teams step in only when it\u2019s actually needed.<\/p><h3><span style=\"font-size: 18px;\">Remote management and automation: fewer interventions, greater responsiveness<\/span><\/h3><p><img loading=\"lazy\" decoding=\"async\" class=\"size-medium wp-image-21058 aligncenter\" src=\"https:\/\/bh-technologies.com\/wp-content\/uploads\/2025\/06\/Mock-up-luce-node-2-300x200.png\" alt=\"Luce Supervision points lumineux BH Technologies\" width=\"300\" height=\"200\" srcset=\"https:\/\/bh-technologies.com\/wp-content\/uploads\/2025\/06\/Mock-up-luce-node-2-300x200.png 300w, https:\/\/bh-technologies.com\/wp-content\/uploads\/2025\/06\/Mock-up-luce-node-2-500x334.png 500w, https:\/\/bh-technologies.com\/wp-content\/uploads\/2025\/06\/Mock-up-luce-node-2-600x400.png 600w, https:\/\/bh-technologies.com\/wp-content\/uploads\/2025\/06\/Mock-up-luce-node-2-768x512.png 768w, https:\/\/bh-technologies.com\/wp-content\/uploads\/2025\/06\/Mock-up-luce-node-2-18x12.png 18w, https:\/\/bh-technologies.com\/wp-content\/uploads\/2025\/06\/Mock-up-luce-node-2.png 1000w\" sizes=\"(max-width: 300px) 100vw, 300px\" \/><br \/><a href=\"https:\/\/lucev4.bh-technologies.com\/\" target=\"_blank\" rel=\"noopener\">With remote management<\/a>, local authorities manage their lighting assets remotely: switching on and off, adjusting brightness, or scheduling according to usage levels. This automation reduces travel and improves responsiveness to incidents. The collected data reveals trends and helps anticipate failures.<\/p>\t\t\t\t\t\t\t\t<\/div>\n\t\t\t\t<\/div>\n\t\t\t\t\t<\/div>\n\t\t\t\t<\/div>\n\t\t<div class=\"elementor-element elementor-element-df0d66b e-flex e-con-boxed e-con e-parent\" data-id=\"df0d66b\" data-element_type=\"container\" data-e-type=\"container\">\n\t\t\t\t\t<div class=\"e-con-inner\">\n\t\t\t\t<div class=\"elementor-element elementor-element-64acf86 elementor-widget elementor-widget-text-editor\" data-id=\"64acf86\" data-element_type=\"widget\" data-e-type=\"widget\" data-widget_type=\"text-editor.default\">\n\t\t\t\t<div class=\"elementor-widget-container\">\n\t\t\t\t\t\t\t\t\t<h2>4 essential factors for a successful IoT project and lower public lighting maintenance costs<\/h2>\t\t\t\t\t\t\t\t<\/div>\n\t\t\t\t<\/div>\n\t\t\t\t\t<\/div>\n\t\t\t\t<\/div>\n\t\t<div class=\"elementor-element elementor-element-f6fd235 e-flex e-con-boxed e-con e-parent\" data-id=\"f6fd235\" data-element_type=\"container\" data-e-type=\"container\">\n\t\t\t\t\t<div class=\"e-con-inner\">\n\t\t\t\t<div class=\"elementor-element elementor-element-0b7d586 elementor-widget elementor-widget-text-editor\" data-id=\"0b7d586\" data-element_type=\"widget\" data-e-type=\"widget\" data-widget_type=\"text-editor.default\">\n\t\t\t\t<div class=\"elementor-widget-container\">\n\t\t\t\t\t\t\t\t\t<h3>Equipment connectivity and compatibility<\/h3>\nAn IoT project relies on reliable connectivity (LoRa, Zigbee, NB-IoT) and interoperable equipment. It is essential to choose an open solution that is compatible with existing hardware.\n<h3>Data security and network reliability<<\/h3>\nCybersecurity is a major issue: data from sensors must be secured to prevent intrusion. Suppliers must guarantee network redundancy and data confidentiality.\n<h3>Choosing an experienced partner<\/h3>\nWith nearly 30 years of experience, <strong data-start=\"3288\" data-end=\"3307\">BH Technologies<\/strong> supports local authorities with integration, maintenance and training.<br data-start=\"3388\" data-end=\"3391\" \/>Expertise that makes a difference in the field.\n<h3>From reactive maintenance to predictive maintenance<\/h3>\nThanks to data from IoT sensors, local authorities are moving from reactive maintenance to <strong data-start=\"3598\" data-end=\"3624\">predictive maintenance<\/strong>.<br data-start=\"3625\" data-end=\"3628\" \/>Algorithms anticipate failures before they occur, reducing costs and extending equipment life.\t\t\t\t\t\t\t\t<\/div>\n\t\t\t\t<\/div>\n\t\t\t\t\t<\/div>\n\t\t\t\t<\/div>\n\t\t<div class=\"elementor-element elementor-element-341f3f9 e-flex e-con-boxed e-con e-parent\" data-id=\"341f3f9\" data-element_type=\"container\" data-e-type=\"container\">\n\t\t\t\t\t<div class=\"e-con-inner\">\n\t\t\t\t<div class=\"elementor-element elementor-element-6e5f7de elementor-widget elementor-widget-text-editor\" data-id=\"6e5f7de\" data-element_type=\"widget\" data-e-type=\"widget\" data-widget_type=\"text-editor.default\">\n\t\t\t\t<div class=\"elementor-widget-container\">\n\t\t\t\t\t\t\t\t\t<h2>Conclusion: towards sustainable maintenance and tangible savings<\/h2>\t\t\t\t\t\t\t\t<\/div>\n\t\t\t\t<\/div>\n\t\t\t\t\t<\/div>\n\t\t\t\t<\/div>\n\t\t<div class=\"elementor-element elementor-element-0d86ac0 e-flex e-con-boxed e-con e-parent\" data-id=\"0d86ac0\" data-element_type=\"container\" data-e-type=\"container\">\n\t\t\t\t\t<div class=\"e-con-inner\">\n\t\t<div class=\"elementor-element elementor-element-79c6a88 e-con-full e-flex e-con e-child\" data-id=\"79c6a88\" data-element_type=\"container\" data-e-type=\"container\">\n\t\t\t\t<div class=\"elementor-element elementor-element-145accb elementor-widget elementor-widget-text-editor\" data-id=\"145accb\" data-element_type=\"widget\" data-e-type=\"widget\" data-widget_type=\"text-editor.default\">\n\t\t\t\t<div class=\"elementor-widget-container\">\n\t\t\t\t\t\t\t\t\t<p>As we have seen, the IoT is transforming the way local authorities manage their street lighting. By adopting connected solutions such as our BH Nodes, they can reduce their maintenance costs by up to 40%, improve service quality and enhance their energy performance.<\/p>\t\t\t\t\t\t\t\t<\/div>\n\t\t\t\t<\/div>\n\t\t\t\t<\/div>\n\t\t\t\t\t<\/div>\n\t\t\t\t<\/div>\n\t\t<div class=\"elementor-element elementor-element-57ce8eec e-flex e-con-boxed e-con e-parent\" data-id=\"57ce8eec\" data-element_type=\"container\" data-e-type=\"container\" data-settings=\"{&quot;background_background&quot;:&quot;classic&quot;}\">\n\t\t\t\t\t<div class=\"e-con-inner\">\n\t\t<div class=\"elementor-element elementor-element-4738fac8 e-flex e-con-boxed e-con e-child\" data-id=\"4738fac8\" data-element_type=\"container\" data-e-type=\"container\" data-settings=\"{&quot;background_background&quot;:&quot;classic&quot;}\">\n\t\t\t\t\t<div class=\"e-con-inner\">\n\t\t\t\t<div class=\"elementor-element elementor-element-1a2b97be elementor-widget elementor-widget-infetech_elementor_heading\" data-id=\"1a2b97be\" data-element_type=\"widget\" data-e-type=\"widget\" data-widget_type=\"infetech_elementor_heading.default\">\n\t\t\t\t<div class=\"elementor-widget-container\">\n\t\t\t\t\t\n\t\t\t<div class=\"ova-heading\">\n\t\t\t\t\n\t\t\t\t\n\t\t\t\t\n\t\t\t\t\t<h3 class=\"title\">\t\t\t\t\t\t\t\t\t\t\t\t\tThis topic speaks to you? Would you like to discuss it with our team?\t\t\t\t\t\t\t\t\t\t\t<\/h3>\n                \n                \t\t\t\t\t<p class=\"description\">Write to us today. We\u2019ll be delighted to connect with you and support you every step of the way!<\/p>\n\t\t\t\t\n\t\t\t<\/div>\n\n\t\t\t\t\t\t<\/div>\n\t\t\t\t<\/div>\n\t\t\t\t<div class=\"elementor-element elementor-element-571315a9 elementor-widget elementor-widget-shortcode\" data-id=\"571315a9\" data-element_type=\"widget\" data-e-type=\"widget\" data-widget_type=\"shortcode.default\">\n\t\t\t\t<div class=\"elementor-widget-container\">\n\t\t\t\t\t\t\t<div class=\"elementor-shortcode\">\n<div class=\"wpcf7 no-js\" id=\"wpcf7-f17431-o1\" lang=\"en-US\" dir=\"ltr\" data-wpcf7-id=\"17431\">\n<div class=\"screen-reader-response\"><p role=\"status\" aria-live=\"polite\" aria-atomic=\"true\"><\/p> <ul><\/ul><\/div>\n<form action=\"\/en\/wp-json\/wp\/v2\/pages\/24110#wpcf7-f17431-o1\" method=\"post\" class=\"wpcf7-form init\" aria-label=\"Contact form\" novalidate=\"novalidate\" data-status=\"init\" data-trp-original-action=\"\/en\/wp-json\/wp\/v2\/pages\/24110#wpcf7-f17431-o1\">\n<fieldset class=\"hidden-fields-container\"><input type=\"hidden\" name=\"_wpcf7\" value=\"17431\" \/><input type=\"hidden\" name=\"_wpcf7_version\" value=\"6.1.5\" \/><input type=\"hidden\" name=\"_wpcf7_locale\" value=\"en_US\" \/><input type=\"hidden\" name=\"_wpcf7_unit_tag\" value=\"wpcf7-f17431-o1\" \/><input type=\"hidden\" name=\"_wpcf7_container_post\" value=\"0\" \/><input type=\"hidden\" name=\"_wpcf7_posted_data_hash\" value=\"\" \/><input type=\"hidden\" name=\"_wpcf7_recaptcha_response\" value=\"\" \/>\n<\/fieldset>\n<div class=\"ova-ctfrom7\">\n\t<div class=\"form-contact-us ct17\">\n\t\t<div class=\"form-left\">\n\t\t\t<div class=\"name-info ova_wrap_input\">\n\t\t\t\t<p><span class=\"wpcf7-form-control-wrap\" data-name=\"fullname\"><input size=\"40\" maxlength=\"400\" class=\"wpcf7-form-control wpcf7-text wpcf7-validates-as-required\" aria-required=\"true\" aria-invalid=\"false\" placeholder=\"First &amp; Last Name\" value=\"\" type=\"text\" name=\"fullname\" \/><\/span>\n\t\t\t\t<\/p>\n\t\t\t<\/div>\n\t\t\t<div class=\"email ova_wrap_input\">\n\t\t\t\t<p><span class=\"wpcf7-form-control-wrap\" data-name=\"your-email\"><input size=\"40\" maxlength=\"400\" class=\"wpcf7-form-control wpcf7-email wpcf7-validates-as-required wpcf7-text wpcf7-validates-as-email\" aria-required=\"true\" aria-invalid=\"false\" placeholder=\"Email\" value=\"\" type=\"email\" name=\"your-email\" \/><\/span>\n\t\t\t\t<\/p>\n\t\t\t<\/div>\n\t\t<\/div>\n\t\t<div class=\"message ova_wrap_input\">\n\t\t\t<p><span class=\"wpcf7-form-control-wrap\" data-name=\"your-message\"><textarea cols=\"40\" rows=\"10\" maxlength=\"2000\" class=\"wpcf7-form-control wpcf7-textarea wpcf7-validates-as-required\" aria-required=\"true\" aria-invalid=\"false\" placeholder=\"Message\" name=\"your-message\"><\/textarea><\/span>\n\t\t\t<\/p>\n\t\t<\/div>\n\t\t<div class=\"ova_center_wrap\">\n\t\t\t<div class=\"ova-submit\">\n\t\t\t\t<p><input class=\"wpcf7-form-control wpcf7-submit has-spinner\" type=\"submit\" value=\"Contact us!\" \/>\n\t\t\t\t<\/p>\n\t\t\t<\/div>\n\t\t<\/div>\n\t<\/div>\n<\/div><div class=\"wpcf7-response-output\" aria-hidden=\"true\"><\/div>\n<input type=\"hidden\" name=\"trp-form-language\" value=\"en\"\/><\/form>\n<\/div>\n<\/div>\n\t\t\t\t\t\t<\/div>\n\t\t\t\t<\/div>\n\t\t\t\t\t<\/div>\n\t\t\t\t<\/div>\n\t\t\t\t\t<\/div>\n\t\t\t\t<\/div>\n\t\t<div class=\"elementor-element elementor-element-8d2a135 e-con-full elementor-hidden-tablet_extra elementor-hidden-tablet elementor-hidden-mobile e-flex e-con e-parent\" data-id=\"8d2a135\" data-element_type=\"container\" data-e-type=\"container\">\n\t\t<div class=\"elementor-element elementor-element-b2190f6 e-con-full e-flex e-con e-child\" data-id=\"b2190f6\" data-element_type=\"container\" data-e-type=\"container\" data-settings=\"{&quot;shape_divider_bottom&quot;:&quot;opacity-fan&quot;,&quot;background_background&quot;:&quot;classic&quot;}\">\n\t\t\t\t<div class=\"elementor-shape elementor-shape-bottom\" aria-hidden=\"true\" data-negative=\"false\">\n\t\t\t<svg xmlns=\"http:\/\/www.w3.org\/2000\/svg\" viewbox=\"0 0 283.5 19.6\" preserveaspectratio=\"none\">\n\t<path class=\"elementor-shape-fill\" style=\"opacity:0.33\" d=\"M0 0L0 18.8 141.8 4.1 283.5 18.8 283.5 0z\"\/>\n\t<path class=\"elementor-shape-fill\" style=\"opacity:0.33\" d=\"M0 0L0 12.6 141.8 4 283.5 12.6 283.5 0z\"\/>\n\t<path class=\"elementor-shape-fill\" style=\"opacity:0.33\" d=\"M0 0L0 6.4 141.8 4 283.5 6.4 283.5 0z\"\/>\n\t<path class=\"elementor-shape-fill\" d=\"M0 0L0 1.2 141.8 4 283.5 1.2 283.5 0z\"\/>\n<\/svg>\t\t<\/div>\n\t\t\t\t<\/div>\n\t\t\t\t<\/div>\n\t\t\t\t<\/div>","protected":false},"excerpt":{"rendered":"<p>Comment r\u00e9duire les co\u00fbts de maintenance de l\u2019\u00e9clairage public gr\u00e2ce aux solutions IoT L\u2019\u00e9clairage public repr\u00e9sente un poste de d\u00e9pense consid\u00e9rable pour les collectivit\u00e9s locales. Entre les co\u00fbts de maintenance, la consommation \u00e9nerg\u00e9tique et la gestion des interventions, la facture peut rapidement peser sur le budget communal. Aujourd\u2019hui, les technologies IoT offrent une solution concr\u00e8te [&hellip;]<\/p>\n","protected":false},"author":3,"featured_media":0,"parent":0,"menu_order":0,"comment_status":"closed","ping_status":"closed","template":"","meta":{"footnotes":""},"class_list":["post-24110","page","type-page","status-publish","hentry"],"aioseo_notices":[],"_links":{"self":[{"href":"https:\/\/bh-technologies.com\/en\/wp-json\/wp\/v2\/pages\/24110","targetHints":{"allow":["GET"]}}],"collection":[{"href":"https:\/\/bh-technologies.com\/en\/wp-json\/wp\/v2\/pages"}],"about":[{"href":"https:\/\/bh-technologies.com\/en\/wp-json\/wp\/v2\/types\/page"}],"author":[{"embeddable":true,"href":"https:\/\/bh-technologies.com\/en\/wp-json\/wp\/v2\/users\/3"}],"replies":[{"embeddable":true,"href":"https:\/\/bh-technologies.com\/en\/wp-json\/wp\/v2\/comments?post=24110"}],"version-history":[{"count":120,"href":"https:\/\/bh-technologies.com\/en\/wp-json\/wp\/v2\/pages\/24110\/revisions"}],"predecessor-version":[{"id":25714,"href":"https:\/\/bh-technologies.com\/en\/wp-json\/wp\/v2\/pages\/24110\/revisions\/25714"}],"wp:attachment":[{"href":"https:\/\/bh-technologies.com\/en\/wp-json\/wp\/v2\/media?parent=24110"}],"curies":[{"name":"wp","href":"https:\/\/api.w.org\/{rel}","templated":true}]}}