{"id":23699,"date":"2025-10-28T11:56:38","date_gmt":"2025-10-28T10:56:38","guid":{"rendered":"https:\/\/bh-technologies.com\/?page_id=23699"},"modified":"2026-02-25T13:33:57","modified_gmt":"2026-02-25T12:33:57","slug":"bh-technologies-heyliot","status":"publish","type":"page","link":"https:\/\/bh-technologies.com\/en\/bh-technologies-heyliot\/","title":{"rendered":"BH Technologies annonce l&#8217;acquisition d&#8217;Heyliot"},"content":{"rendered":"<div data-elementor-type=\"wp-page\" data-elementor-id=\"23699\" class=\"elementor elementor-23699\" data-elementor-post-type=\"page\">\n\t\t\t\t<div class=\"elementor-element elementor-element-b32e50c e-flex e-con-boxed e-con e-parent\" data-id=\"b32e50c\" data-element_type=\"container\" data-e-type=\"container\" data-settings=\"{&quot;background_background&quot;:&quot;classic&quot;}\">\n\t\t\t\t\t<div class=\"e-con-inner\">\n\t\t<div class=\"elementor-element elementor-element-5a6f674 e-con-full e-flex e-con e-child\" data-id=\"5a6f674\" data-element_type=\"container\" data-e-type=\"container\">\n\t\t\t\t<div class=\"elementor-element elementor-element-01d3b83 elementor-hidden-mobile elementor-widget elementor-widget-infetech_elementor_heading\" data-id=\"01d3b83\" data-element_type=\"widget\" data-e-type=\"widget\" data-widget_type=\"infetech_elementor_heading.default\">\n\t\t\t\t<div class=\"elementor-widget-container\">\n\t\t\t\t\t\n\t\t\t<div class=\"ova-heading\">\n\t\t\t\t\n\t\t\t\t\t\t\t\t\t<h2 class=\"sub-title\">\n\t\t\t\t\t\t<span class=\"underlined\"><\/span>\n\t\t\t\t\t\tPress Release \/ Grenoble, 4 July 2025\t\t\t\t\t<\/h2>\t\n\t\t\t\t\n\t\t\t\t\n\t\t\t\t\t<h1 class=\"title\">\t\t\t\t\t\t\t\t\t\t\t\t\tBH Technologies strengthens its Environment division with the acquisition of Heyliot\t\t\t\t\t\t\t\t\t\t\t<\/h1>\n                \n                \n\t\t\t<\/div>\n\n\t\t\t\t\t\t<\/div>\n\t\t\t\t<\/div>\n\t\t\t\t<div class=\"elementor-element elementor-element-a657401 elementor-widget elementor-widget-text-editor\" data-id=\"a657401\" data-element_type=\"widget\" data-e-type=\"widget\" data-widget_type=\"text-editor.default\">\n\t\t\t\t<div class=\"elementor-widget-container\">\n\t\t\t\t\t\t\t\t\t<p class=\"p2\"><b>BH Technologies, leader des solutions connect\u00e9es pour <a title=\"public lighting\" href=\"https:\/\/bh-technologies.com\/en\/solutions\/eclairage-public\/\">Public lighting<\/a> et la gestion de la collecte des d\u00e9chets, annonce l\u2019acquisition de Heyliot, sp\u00e9cialis\u00e9e dans la gestion intelligente des parcs de contenants. <\/b><\/p>\t\t\t\t\t\t\t\t<\/div>\n\t\t\t\t<\/div>\n\t\t\t\t<\/div>\n\t\t\t\t\t<\/div>\n\t\t\t\t<\/div>\n\t\t<div class=\"elementor-element elementor-element-a4dc4a2 e-flex e-con-boxed e-con e-parent\" data-id=\"a4dc4a2\" data-element_type=\"container\" data-e-type=\"container\">\n\t\t\t\t\t<div class=\"e-con-inner\">\n\t\t\t\t<div class=\"elementor-element elementor-element-1d18729 elementor-widget elementor-widget-image\" data-id=\"1d18729\" data-element_type=\"widget\" data-e-type=\"widget\" data-widget_type=\"image.default\">\n\t\t\t\t<div class=\"elementor-widget-container\">\n\t\t\t\t\t\t\t\t\t\t\t\t\t\t\t<img fetchpriority=\"high\" decoding=\"async\" width=\"768\" height=\"192\" src=\"https:\/\/bh-technologies.com\/wp-content\/uploads\/2025\/10\/BH-Technologies-768x192.png\" class=\"attachment-medium_large size-medium_large wp-image-23718\" alt=\"BH Technologies\" srcset=\"https:\/\/bh-technologies.com\/wp-content\/uploads\/2025\/10\/BH-Technologies-768x192.png 768w, https:\/\/bh-technologies.com\/wp-content\/uploads\/2025\/10\/BH-Technologies-18x5.png 18w, https:\/\/bh-technologies.com\/wp-content\/uploads\/2025\/10\/BH-Technologies-500x125.png 500w, https:\/\/bh-technologies.com\/wp-content\/uploads\/2025\/10\/BH-Technologies-300x75.png 300w, https:\/\/bh-technologies.com\/wp-content\/uploads\/2025\/10\/BH-Technologies.png 1000w\" sizes=\"(max-width: 768px) 100vw, 768px\" \/>\t\t\t\t\t\t\t\t\t\t\t\t\t\t\t<\/div>\n\t\t\t\t<\/div>\n\t\t\t\t\t<\/div>\n\t\t\t\t<\/div>\n\t\t<div class=\"elementor-element elementor-element-f8e0f6a e-flex e-con-boxed e-con e-parent\" data-id=\"f8e0f6a\" data-element_type=\"container\" data-e-type=\"container\">\n\t\t\t\t\t<div class=\"e-con-inner\">\n\t\t<div class=\"elementor-element elementor-element-8484343 e-con-full e-flex e-con e-child\" data-id=\"8484343\" data-element_type=\"container\" data-e-type=\"container\">\n\t\t\t\t<div class=\"elementor-element elementor-element-0ce70e1 elementor-widget elementor-widget-text-editor\" data-id=\"0ce70e1\" data-element_type=\"widget\" data-e-type=\"widget\" data-widget_type=\"text-editor.default\">\n\t\t\t\t<div class=\"elementor-widget-container\">\n\t\t\t\t\t\t\t\t\t<p class=\"p2\">Founded in 2017 by Cyril Pradel, Heyliot is a French company based in Rennes (Ille-et-Vilaine) that has developed a solution combining a remote reading sensor and SaaS software for real-time waste collection management. Currently serving nearly 45 local authorities in France and abroad, the company also deploys its solutions to private players such as Citeo, TotalEnergies and Sogetrel.<\/p><p class=\"p2\">This acquisition marks the first step in the Buy &amp; Build project implemented by Ta\u00efsei Miura, CEO of BH Technologies, since the arrival of <a href=\"https:\/\/yottacapital.fr\/\" target=\"_blank\" rel=\"noopener\">Yotta Capital Partners<\/a>, <a href=\"https:\/\/www.sofiouest.com\/\" target=\"_blank\" rel=\"noopener\">Sofiouest<\/a> and <a href=\"https:\/\/bnpparibasdeveloppement.com\/\" target=\"_blank\" rel=\"noopener\">BNP Paribas D\u00e9veloppement<\/a> in the company's capital in 2023. By bringing on board a team of 14 experts in waste collection optimisation, BH Technologies is equipping itself with additional resources to accelerate the already strong growth of its Environment division and bring new, increasingly innovative solutions to market.<\/p>\t\t\t\t\t\t\t\t<\/div>\n\t\t\t\t<\/div>\n\t\t\t\t<\/div>\n\t\t\t\t\t<\/div>\n\t\t\t\t<\/div>\n\t\t<div class=\"elementor-element elementor-element-e1120ad e-flex e-con-boxed e-con e-parent\" data-id=\"e1120ad\" data-element_type=\"container\" data-e-type=\"container\">\n\t\t\t\t\t<div class=\"e-con-inner\">\n\t\t<div class=\"elementor-element elementor-element-343e212 e-con-full e-flex e-con e-child\" data-id=\"343e212\" data-element_type=\"container\" data-e-type=\"container\">\n\t\t\t\t<div class=\"elementor-element elementor-element-14420b1 elementor-widget elementor-widget-text-editor\" data-id=\"14420b1\" data-element_type=\"widget\" data-e-type=\"widget\" data-widget_type=\"text-editor.default\">\n\t\t\t\t<div class=\"elementor-widget-container\">\n\t\t\t\t\t\t\t\t\t<p class=\"p2\"><img decoding=\"async\" class=\"size-medium wp-image-20253 alignleft\" src=\"https:\/\/bh-technologies.com\/wp-content\/uploads\/2025\/05\/Taisei-Miura-300x300.jpeg\" alt=\"BH Technologies Taisei Miura\" width=\"300\" height=\"300\" srcset=\"https:\/\/bh-technologies.com\/wp-content\/uploads\/2025\/05\/Taisei-Miura-300x300.jpeg 300w, https:\/\/bh-technologies.com\/wp-content\/uploads\/2025\/05\/Taisei-Miura-234x234.jpeg 234w, https:\/\/bh-technologies.com\/wp-content\/uploads\/2025\/05\/Taisei-Miura-12x12.jpeg 12w, https:\/\/bh-technologies.com\/wp-content\/uploads\/2025\/05\/Taisei-Miura-150x150.jpeg 150w, https:\/\/bh-technologies.com\/wp-content\/uploads\/2025\/05\/Taisei-Miura.jpeg 400w\" sizes=\"(max-width: 300px) 100vw, 300px\" \/>For <b>Ta\u00efsei Miura, <\/b>CEO of BH Technologies: \" <em>The acquisition of Heyliot marks a very important milestone in the history of BH Technologies, founded in 1998. What a long way the company has come since its creation: originally a company 100% dedicated to public lighting, today, thanks to this development, it is strengthening its position in the highly dynamic Smart Waste market in Europe. The integration of resources specialised in waste management will enable us to move faster and further in France and internationally.<\/em> \"<\/p>\t\t\t\t\t\t\t\t<\/div>\n\t\t\t\t<\/div>\n\t\t\t\t<\/div>\n\t\t\t\t\t<\/div>\n\t\t\t\t<\/div>\n\t\t<div class=\"elementor-element elementor-element-3c10b38 e-flex e-con-boxed e-con e-parent\" data-id=\"3c10b38\" data-element_type=\"container\" data-e-type=\"container\">\n\t\t\t\t\t<div class=\"e-con-inner\">\n\t\t\t\t<div class=\"elementor-element elementor-element-a5da318 elementor-widget elementor-widget-text-editor\" data-id=\"a5da318\" data-element_type=\"widget\" data-e-type=\"widget\" data-widget_type=\"text-editor.default\">\n\t\t\t\t<div class=\"elementor-widget-container\">\n\t\t\t\t\t\t\t\t\t<p class=\"p2\">Cyril Pradel has been appointed Deputy Chief Executive Officer of BH Technologies, responsible for overseeing the Environment division and various cross-functional areas.<br \/>Jeroen Bos, Head of Environment, takes over as Chief Executive Officer of Heyliot, which will consolidate all of the group's Smart Waste activities.<br \/>The entity created by the merger is now called <a href=\"https:\/\/bh-environnement.com\" target=\"_blank\" rel=\"noopener\"><strong>BH Environnement.<\/strong><\/a><\/p>\t\t\t\t\t\t\t\t<\/div>\n\t\t\t\t<\/div>\n\t\t\t\t\t<\/div>\n\t\t\t\t<\/div>\n\t\t<div class=\"elementor-element elementor-element-d862df5 e-flex e-con-boxed e-con e-parent\" data-id=\"d862df5\" data-element_type=\"container\" data-e-type=\"container\">\n\t\t\t\t\t<div class=\"e-con-inner\">\n\t\t<div class=\"elementor-element elementor-element-2fca073 e-con-full e-flex e-con e-child\" data-id=\"2fca073\" data-element_type=\"container\" data-e-type=\"container\">\n\t\t\t\t<div class=\"elementor-element elementor-element-8c67e0f elementor-widget elementor-widget-text-editor\" data-id=\"8c67e0f\" data-element_type=\"widget\" data-e-type=\"widget\" data-widget_type=\"text-editor.default\">\n\t\t\t\t<div class=\"elementor-widget-container\">\n\t\t\t\t\t\t\t\t\t<p class=\"p2\"><img decoding=\"async\" class=\"wp-image-22623  alignleft\" src=\"https:\/\/bh-technologies.com\/wp-content\/uploads\/2025\/10\/Cyril-Pradel.png\" alt=\"BH Technologies Cyril Pradel\" width=\"305\" height=\"305\" srcset=\"https:\/\/bh-technologies.com\/wp-content\/uploads\/2025\/10\/Cyril-Pradel.png 400w, https:\/\/bh-technologies.com\/wp-content\/uploads\/2025\/10\/Cyril-Pradel-12x12.png 12w, https:\/\/bh-technologies.com\/wp-content\/uploads\/2025\/10\/Cyril-Pradel-300x300.png 300w\" sizes=\"(max-width: 305px) 100vw, 305px\" \/>For <b>Cyril Pradel, <\/b>Deputy Chief Executive Officer of BH Technologies: <i>\" <\/i><em>This integration marks a decisive step for Heyliot. By joining BH Technologies, we are combining our expertise to accelerate innovation in smart waste management. Our shared ambition is clear: to offer local authorities and private players ever more efficient and sustainable solutions that are tailored to the challenges on the ground. We are convinced that this synergy will enable us to amplify our impact both in France and internationally.<\/em><i> \" <\/i><\/p>\t\t\t\t\t\t\t\t<\/div>\n\t\t\t\t<\/div>\n\t\t\t\t<\/div>\n\t\t\t\t\t<\/div>\n\t\t\t\t<\/div>\n\t\t<div class=\"elementor-element elementor-element-9525d53 e-con-full elementor-hidden-tablet_extra elementor-hidden-tablet elementor-hidden-mobile e-flex e-con e-parent\" data-id=\"9525d53\" data-element_type=\"container\" data-e-type=\"container\">\n\t\t<div class=\"elementor-element elementor-element-27361e1 e-flex e-con-boxed e-con e-child\" data-id=\"27361e1\" data-element_type=\"container\" data-e-type=\"container\" data-settings=\"{&quot;background_background&quot;:&quot;classic&quot;}\">\n\t\t\t\t\t<div class=\"e-con-inner\">\n\t\t<div class=\"elementor-element elementor-element-a5ab313 e-flex e-con-boxed e-con e-child\" data-id=\"a5ab313\" data-element_type=\"container\" data-e-type=\"container\" data-settings=\"{&quot;background_background&quot;:&quot;classic&quot;}\">\n\t\t\t\t\t<div class=\"e-con-inner\">\n\t\t\t\t<div class=\"elementor-element elementor-element-1ded7f3 elementor-widget elementor-widget-infetech_elementor_heading\" data-id=\"1ded7f3\" data-element_type=\"widget\" data-e-type=\"widget\" data-widget_type=\"infetech_elementor_heading.default\">\n\t\t\t\t<div class=\"elementor-widget-container\">\n\t\t\t\t\t\n\t\t\t<div class=\"ova-heading\">\n\t\t\t\t\n\t\t\t\t\n\t\t\t\t\n\t\t\t\t\t<h3 class=\"title\">\t\t\t\t\t\t\t\t\t\t\t\t\tThis topic speaks to you? Would you like to discuss it with our team?\t\t\t\t\t\t\t\t\t\t\t<\/h3>\n                \n                \t\t\t\t\t<p class=\"description\">Write to us today. We\u2019ll be delighted to connect with you and support you every step of the way!<\/p>\n\t\t\t\t\n\t\t\t<\/div>\n\n\t\t\t\t\t\t<\/div>\n\t\t\t\t<\/div>\n\t\t\t\t<div class=\"elementor-element elementor-element-fb5d80e elementor-widget elementor-widget-shortcode\" data-id=\"fb5d80e\" data-element_type=\"widget\" data-e-type=\"widget\" data-widget_type=\"shortcode.default\">\n\t\t\t\t<div class=\"elementor-widget-container\">\n\t\t\t\t\t\t\t<div class=\"elementor-shortcode\">\n<div class=\"wpcf7 no-js\" id=\"wpcf7-f17431-o1\" lang=\"en-US\" dir=\"ltr\" data-wpcf7-id=\"17431\">\n<div class=\"screen-reader-response\"><p role=\"status\" aria-live=\"polite\" aria-atomic=\"true\"><\/p> <ul><\/ul><\/div>\n<form action=\"\/en\/wp-json\/wp\/v2\/pages\/23699#wpcf7-f17431-o1\" method=\"post\" class=\"wpcf7-form init\" aria-label=\"Contact form\" novalidate=\"novalidate\" data-status=\"init\" data-trp-original-action=\"\/en\/wp-json\/wp\/v2\/pages\/23699#wpcf7-f17431-o1\">\n<fieldset class=\"hidden-fields-container\"><input type=\"hidden\" name=\"_wpcf7\" value=\"17431\" \/><input type=\"hidden\" name=\"_wpcf7_version\" value=\"6.1.5\" \/><input type=\"hidden\" name=\"_wpcf7_locale\" value=\"en_US\" \/><input type=\"hidden\" name=\"_wpcf7_unit_tag\" value=\"wpcf7-f17431-o1\" \/><input type=\"hidden\" name=\"_wpcf7_container_post\" value=\"0\" \/><input type=\"hidden\" name=\"_wpcf7_posted_data_hash\" value=\"\" \/><input type=\"hidden\" name=\"_wpcf7_recaptcha_response\" value=\"\" \/>\n<\/fieldset>\n<div class=\"ova-ctfrom7\">\n\t<div class=\"form-contact-us ct17\">\n\t\t<div class=\"form-left\">\n\t\t\t<div class=\"name-info ova_wrap_input\">\n\t\t\t\t<p><span class=\"wpcf7-form-control-wrap\" data-name=\"fullname\"><input size=\"40\" maxlength=\"400\" class=\"wpcf7-form-control wpcf7-text wpcf7-validates-as-required\" aria-required=\"true\" aria-invalid=\"false\" placeholder=\"First &amp; Last Name\" value=\"\" type=\"text\" name=\"fullname\" \/><\/span>\n\t\t\t\t<\/p>\n\t\t\t<\/div>\n\t\t\t<div class=\"email ova_wrap_input\">\n\t\t\t\t<p><span class=\"wpcf7-form-control-wrap\" data-name=\"your-email\"><input size=\"40\" maxlength=\"400\" class=\"wpcf7-form-control wpcf7-email wpcf7-validates-as-required wpcf7-text wpcf7-validates-as-email\" aria-required=\"true\" aria-invalid=\"false\" placeholder=\"Email\" value=\"\" type=\"email\" name=\"your-email\" \/><\/span>\n\t\t\t\t<\/p>\n\t\t\t<\/div>\n\t\t<\/div>\n\t\t<div class=\"message ova_wrap_input\">\n\t\t\t<p><span class=\"wpcf7-form-control-wrap\" data-name=\"your-message\"><textarea cols=\"40\" rows=\"10\" maxlength=\"2000\" class=\"wpcf7-form-control wpcf7-textarea wpcf7-validates-as-required\" aria-required=\"true\" aria-invalid=\"false\" placeholder=\"Message\" name=\"your-message\"><\/textarea><\/span>\n\t\t\t<\/p>\n\t\t<\/div>\n\t\t<div class=\"ova_center_wrap\">\n\t\t\t<div class=\"ova-submit\">\n\t\t\t\t<p><input class=\"wpcf7-form-control wpcf7-submit has-spinner\" type=\"submit\" value=\"Contact us!\" \/>\n\t\t\t\t<\/p>\n\t\t\t<\/div>\n\t\t<\/div>\n\t<\/div>\n<\/div><div class=\"wpcf7-response-output\" aria-hidden=\"true\"><\/div>\n<input type=\"hidden\" name=\"trp-form-language\" value=\"en\"\/><\/form>\n<\/div>\n<\/div>\n\t\t\t\t\t\t<\/div>\n\t\t\t\t<\/div>\n\t\t\t\t\t<\/div>\n\t\t\t\t<\/div>\n\t\t\t\t\t<\/div>\n\t\t\t\t<\/div>\n\t\t\t\t<\/div>\n\t\t\t\t<\/div>","protected":false},"excerpt":{"rendered":"<p>Communiqu\u00e9 de Presse \/ Grenoble, le 4 juillet 2025 BH Technologies renforce son p\u00f4le Environnement en r\u00e9alisant l\u2019acquisition de Heyliot BH Technologies, leader des solutions connect\u00e9es pour l\u2019\u00e9clairage public et la gestion de la collecte des d\u00e9chets, annonce l\u2019acquisition de Heyliot, sp\u00e9cialis\u00e9e dans la gestion intelligente des parcs de contenants. Fond\u00e9e en 2017 par Cyril [&hellip;]<\/p>\n","protected":false},"author":3,"featured_media":0,"parent":0,"menu_order":0,"comment_status":"closed","ping_status":"closed","template":"","meta":{"footnotes":""},"class_list":["post-23699","page","type-page","status-publish","hentry"],"aioseo_notices":[],"_links":{"self":[{"href":"https:\/\/bh-technologies.com\/en\/wp-json\/wp\/v2\/pages\/23699","targetHints":{"allow":["GET"]}}],"collection":[{"href":"https:\/\/bh-technologies.com\/en\/wp-json\/wp\/v2\/pages"}],"about":[{"href":"https:\/\/bh-technologies.com\/en\/wp-json\/wp\/v2\/types\/page"}],"author":[{"embeddable":true,"href":"https:\/\/bh-technologies.com\/en\/wp-json\/wp\/v2\/users\/3"}],"replies":[{"embeddable":true,"href":"https:\/\/bh-technologies.com\/en\/wp-json\/wp\/v2\/comments?post=23699"}],"version-history":[{"count":35,"href":"https:\/\/bh-technologies.com\/en\/wp-json\/wp\/v2\/pages\/23699\/revisions"}],"predecessor-version":[{"id":25640,"href":"https:\/\/bh-technologies.com\/en\/wp-json\/wp\/v2\/pages\/23699\/revisions\/25640"}],"wp:attachment":[{"href":"https:\/\/bh-technologies.com\/en\/wp-json\/wp\/v2\/media?parent=23699"}],"curies":[{"name":"wp","href":"https:\/\/api.w.org\/{rel}","templated":true}]}}