{"id":22495,"date":"2025-08-25T15:22:17","date_gmt":"2025-08-25T13:22:17","guid":{"rendered":"https:\/\/preprod-wp.bh-technologies.com\/cookie-policy\/"},"modified":"2026-04-15T11:23:19","modified_gmt":"2026-04-15T09:23:19","slug":"cookie-policy","status":"publish","type":"page","link":"https:\/\/bh-technologies.com\/en\/cookie-policy\/","title":{"rendered":"Cookies"},"content":{"rendered":"<div data-elementor-type=\"wp-page\" data-elementor-id=\"22495\" class=\"elementor elementor-22495\" data-elementor-post-type=\"page\">\n\t\t\t\t<div class=\"elementor-element elementor-element-4e1b2e42 e-flex e-con-boxed e-con e-parent\" data-id=\"4e1b2e42\" data-element_type=\"container\" data-e-type=\"container\">\n\t\t\t\t\t<div class=\"e-con-inner\">\n\t\t\t\t<div class=\"elementor-element elementor-element-5db37dea elementor-widget elementor-widget-text-editor\" data-id=\"5db37dea\" data-element_type=\"widget\" data-e-type=\"widget\" data-widget_type=\"text-editor.default\">\n\t\t\t\t<div class=\"elementor-widget-container\">\n\t\t\t\t\t\t\t\t\t\n<p>Cette page fournit des informations compl\u00e8tes sur la mani\u00e8re dont nous utilisons les cookies sur notre site Web afin d&#8217;am\u00e9liorer votre exp\u00e9rience de navigation, d&#8217;optimiser les performances du site et de vous proposer un contenu personnalis\u00e9. Les cookies sont de petits fichiers texte qui sont stock\u00e9s sur votre appareil lorsque vous visitez notre site. Ils nous aident \u00e0 comprendre comment les visiteurs interagissent avec notre site Web, ce qui nous permet d&#8217;offrir une exp\u00e9rience utilisateur plus fluide et plus efficace. Dans le tableau ci-dessous, vous trouverez des informations d\u00e9taill\u00e9es sur chaque type de cookie que nous utilisons, leur finalit\u00e9 et leur dur\u00e9e de conservation sur votre appareil. Nous nous engageons \u00e0 respecter votre vie priv\u00e9e et \u00e0 faire preuve de transparence concernant les donn\u00e9es que nous collectons par le biais des cookies. Pour plus d&#8217;informations sur la mani\u00e8re dont nous traitons vos donn\u00e9es personnelles, veuillez consulter <a title=\"Privacy policy\" href=\"https:\/\/preprod-wp.bh-technologies.com\/politique-de-confidentialite\/\">notre politique de confidentialit\u00e9.<\/a><\/p>\n<p>\u00a0<\/p>\n<p><\/p>\n<div class=\"wpconsent-cookie-policy\">\n<h2 class=\"wpconsent-cookie-category-name\">Essentiel<\/h2>\n<p class=\"wpconsent-cookie-category-description\">Les cookies essentiels permettent d&#039;utiliser les fonctions de base et sont n\u00e9cessaires au bon fonctionnement du site web.<\/p>\n<table class=\"wpconsent-cookie-policy-table\">\n<tr>\n<th>Name<\/th>\n<th>Description<\/th>\n<th>Duration<\/th>\n<\/tr>\n<tr>\n<td>wpconsent_preferences<\/td>\n<td>Ce cookie est utilis\u00e9 pour enregistrer les pr\u00e9f\u00e9rences de l&#039;utilisateur en mati\u00e8re de consentement aux cookies.<\/td>\n<td>120 days<\/td>\n<\/tr>\n<\/table>\n<h3 class=\"wpconsent-cookie-service-name\">Comments<\/h3>\n<p class=\"wpconsent-cookie-service-description\">These cookies are needed for adding comments on this website.<\/p>\n<table class=\"wpconsent-cookie-policy-table\">\n<tr>\n<th>Name<\/th>\n<th>Description<\/th>\n<th>Duration<\/th>\n<\/tr>\n<tr>\n<td>comment_author<\/td>\n<td>Used to track the user across multiple sessions.<\/td>\n<td>Session<\/td>\n<\/tr>\n<tr>\n<td>comment_author_email<\/td>\n<td>Used to track the user across multiple sessions.<\/td>\n<td>Session<\/td>\n<\/tr>\n<tr>\n<td>comment_author_url<\/td>\n<td>Used to track the user across multiple sessions.<\/td>\n<td>Session<\/td>\n<\/tr>\n<\/table>\n<h3 class=\"wpconsent-cookie-service-name\">Google reCAPTCHA<\/h3>\n<p class=\"wpconsent-cookie-service-description\">Google reCAPTCHA helps protect websites from spam and abuse by verifying user interactions through challenges.<\/p>\n<table class=\"wpconsent-cookie-policy-table\">\n<tr>\n<th>Name<\/th>\n<th>Description<\/th>\n<th>Duration<\/th>\n<\/tr>\n<tr>\n<td>_GRECAPTCHA<\/td>\n<td>Google reCAPTCHA sets a necessary cookie (_GRECAPTCHA) when executed for the purpose of providing its risk analysis.<\/td>\n<td>179 days<\/td>\n<\/tr>\n<\/table>\n<h3 class=\"wpconsent-cookie-service-name\">Google Tag Manager<\/h3>\n<p class=\"wpconsent-cookie-service-description\">Google Tag Manager simplifies the management of marketing tags on your website without code changes.<\/p>\n<table class=\"wpconsent-cookie-policy-table\">\n<tr>\n<th>Name<\/th>\n<th>Description<\/th>\n<th>Duration<\/th>\n<\/tr>\n<tr>\n<td>cookiePreferences<\/td>\n<td>Registers cookie preferences of a user<\/td>\n<td>2 years<\/td>\n<\/tr>\n<tr>\n<td>td<\/td>\n<td>Registers statistical data on users&#039; behaviour on the website. Used for internal analytics by the website operator.<\/td>\n<td>session<\/td>\n<\/tr>\n<\/table>\n<h3 class=\"wpconsent-cookie-service-name\">Login<\/h3>\n<p class=\"wpconsent-cookie-service-description\">These cookies are used for managing login functionality on this website.<\/p>\n<table class=\"wpconsent-cookie-policy-table\">\n<tr>\n<th>Name<\/th>\n<th>Description<\/th>\n<th>Duration<\/th>\n<\/tr>\n<tr>\n<td>wordpress_logged_in<\/td>\n<td>Used to store logged-in users.<\/td>\n<td>Persistent<\/td>\n<\/tr>\n<tr>\n<td>wordpress_sec<\/td>\n<td>Used to track the user across multiple sessions.<\/td>\n<td>15 days<\/td>\n<\/tr>\n<tr>\n<td>wordpress_test_cookie<\/td>\n<td>Used to determine if cookies are enabled.<\/td>\n<td>Session<\/td>\n<\/tr>\n<\/table>\n<h2 class=\"wpconsent-cookie-category-name\">Statistiques<\/h2>\n<p class=\"wpconsent-cookie-category-description\">Les cookies statistiques collectent des informations de mani\u00e8re anonyme. Ces informations nous aident \u00e0 comprendre comment les visiteurs utilisent notre site web.<\/p>\n<h3 class=\"wpconsent-cookie-service-name\">Google Analytics<\/h3>\n<p class=\"wpconsent-cookie-service-description\">Google Analytics is a powerful tool that tracks and analyzes website traffic for informed marketing decisions.<\/p>\n<p><a href=\"https:\/\/policies.google.com\/privacy\">Learn more<\/a><\/p>\n<table class=\"wpconsent-cookie-policy-table\">\n<tr>\n<th>Name<\/th>\n<th>Description<\/th>\n<th>Duration<\/th>\n<\/tr>\n<tr>\n<td>__utmx<\/td>\n<td>Used to determine whether a user is included in an A \/ B or Multivariate test.<\/td>\n<td>18 months<\/td>\n<\/tr>\n<tr>\n<td>_gac_<\/td>\n<td>Contains information related to marketing campaigns of the user. These are shared with Google AdWords \/ Google Ads when the Google Ads and Google Analytics accounts are linked together.<\/td>\n<td>90 days<\/td>\n<\/tr>\n<tr>\n<td>_ga<\/td>\n<td>ID used to identify users<\/td>\n<td>2 years<\/td>\n<\/tr>\n<tr>\n<td>__utma<\/td>\n<td>ID used to identify users and sessions<\/td>\n<td>2 years after last activity<\/td>\n<\/tr>\n<tr>\n<td>_gali<\/td>\n<td>Used by Google Analytics to determine which links on a page are being clicked<\/td>\n<td>30 seconds<\/td>\n<\/tr>\n<tr>\n<td>__utmt<\/td>\n<td>Used to monitor number of Google Analytics server requests<\/td>\n<td>10 minutes<\/td>\n<\/tr>\n<tr>\n<td>_ga_<\/td>\n<td>ID used to identify users<\/td>\n<td>2 years<\/td>\n<\/tr>\n<tr>\n<td>__utmb<\/td>\n<td>Used to distinguish new sessions and visits. This cookie is set when the GA.js javascript library is loaded and there is no existing __utmb cookie. The cookie is updated every time data is sent to the Google Analytics server.<\/td>\n<td>30 minutes after last activity<\/td>\n<\/tr>\n<tr>\n<td>_gid<\/td>\n<td>ID used to identify users for 24 hours after last activity<\/td>\n<td>24 hours<\/td>\n<\/tr>\n<tr>\n<td>__utmc<\/td>\n<td>Used only with old Urchin versions of Google Analytics and not with GA.js. Was used to distinguish between new sessions and visits at the end of a session.<\/td>\n<td>End of session (browser)<\/td>\n<\/tr>\n<tr>\n<td>_gat<\/td>\n<td>Used to monitor number of Google Analytics server requests when using Google Tag Manager<\/td>\n<td>1 minute<\/td>\n<\/tr>\n<tr>\n<td>__utmz<\/td>\n<td>Contains information about the traffic source or campaign that directed user to the website. The cookie is set when the GA.js javascript is loaded and updated when data is sent to the Google Anaytics server<\/td>\n<td>6 months after last activity<\/td>\n<\/tr>\n<tr>\n<td>__utmv<\/td>\n<td>Contains custom information set by the web developer via the _setCustomVar method in Google Analytics. This cookie is updated every time new data is sent to the Google Analytics server.<\/td>\n<td>2 years after last activity<\/td>\n<\/tr>\n<\/table>\n<\/div>\n\t\t\t\t\t\t\t\t<\/div>\n\t\t\t\t<\/div>\n\t\t\t\t\t<\/div>\n\t\t\t\t<\/div>\n\t\t\t\t<\/div>","protected":false},"excerpt":{"rendered":"<p>Cette page fournit des informations compl\u00e8tes sur la mani\u00e8re dont nous utilisons les cookies sur notre site Web afin d&#8217;am\u00e9liorer votre exp\u00e9rience de navigation, d&#8217;optimiser les performances du site et de vous proposer un contenu personnalis\u00e9. Les cookies sont de petits fichiers texte qui sont stock\u00e9s sur votre appareil lorsque vous visitez notre site. Ils [&hellip;]<\/p>\n","protected":false},"author":3,"featured_media":0,"parent":0,"menu_order":0,"comment_status":"closed","ping_status":"closed","template":"","meta":{"footnotes":""},"class_list":["post-22495","page","type-page","status-publish","hentry"],"aioseo_notices":[],"_links":{"self":[{"href":"https:\/\/bh-technologies.com\/en\/wp-json\/wp\/v2\/pages\/22495","targetHints":{"allow":["GET"]}}],"collection":[{"href":"https:\/\/bh-technologies.com\/en\/wp-json\/wp\/v2\/pages"}],"about":[{"href":"https:\/\/bh-technologies.com\/en\/wp-json\/wp\/v2\/types\/page"}],"author":[{"embeddable":true,"href":"https:\/\/bh-technologies.com\/en\/wp-json\/wp\/v2\/users\/3"}],"replies":[{"embeddable":true,"href":"https:\/\/bh-technologies.com\/en\/wp-json\/wp\/v2\/comments?post=22495"}],"version-history":[{"count":10,"href":"https:\/\/bh-technologies.com\/en\/wp-json\/wp\/v2\/pages\/22495\/revisions"}],"predecessor-version":[{"id":25734,"href":"https:\/\/bh-technologies.com\/en\/wp-json\/wp\/v2\/pages\/22495\/revisions\/25734"}],"wp:attachment":[{"href":"https:\/\/bh-technologies.com\/en\/wp-json\/wp\/v2\/media?parent=22495"}],"curies":[{"name":"wp","href":"https:\/\/api.w.org\/{rel}","templated":true}]}}