{"id":18015,"date":"2025-04-14T18:20:11","date_gmt":"2025-04-14T16:20:11","guid":{"rendered":"https:\/\/preprod-wp.bh-technologies.com\/?page_id=18015"},"modified":"2025-12-02T10:04:05","modified_gmt":"2025-12-02T09:04:05","slug":"solutions","status":"publish","type":"page","link":"https:\/\/bh-technologies.com\/en\/solutions\/","title":{"rendered":"Solutions"},"content":{"rendered":"<div data-elementor-type=\"wp-page\" data-elementor-id=\"18015\" class=\"elementor elementor-18015\" data-elementor-post-type=\"page\">\n\t\t\t\t<div class=\"elementor-element elementor-element-cce666e e-flex e-con-boxed e-con e-parent\" data-id=\"cce666e\" data-element_type=\"container\" data-e-type=\"container\">\n\t\t\t\t\t<div class=\"e-con-inner\">\n\t\t\t\t<div class=\"elementor-element elementor-element-c10c12f elementor-widget elementor-widget-infetech_elementor_heading\" data-id=\"c10c12f\" data-element_type=\"widget\" data-e-type=\"widget\" data-widget_type=\"infetech_elementor_heading.default\">\n\t\t\t\t<div class=\"elementor-widget-container\">\n\t\t\t\t\t\n\t\t\t<div class=\"ova-heading\">\n\t\t\t\t\n\t\t\t\t\n\t\t\t\t\n\t\t\t\t\t<h1 class=\"title\">\t\t\t\t\t\t\t\t\t\t\t\t\tBH Technologies: our solutions for public lighting and waste management\t\t\t\t\t\t\t\t\t\t\t<\/h1>\n                \n                \t\t\t\t\t<p class=\"description\">BH Technologies is a smart city player providing local authorities with intelligent solutions in the fields of public lighting and waste management. Our solutions consist of communicating sensors that address the challenges of environmental transition, as well as solutions that address the challenges of energy transition.<\/p>\n\t\t\t\t\n\t\t\t<\/div>\n\n\t\t\t\t\t\t<\/div>\n\t\t\t\t<\/div>\n\t\t<div class=\"elementor-element elementor-element-5e5a1b4 e-con-full e-flex e-con e-child\" data-id=\"5e5a1b4\" data-element_type=\"container\" data-e-type=\"container\">\n\t\t<div class=\"elementor-element elementor-element-5cf1723 e-con-full e-flex e-con e-child\" data-id=\"5cf1723\" data-element_type=\"container\" data-e-type=\"container\">\n\t\t\t\t<div class=\"elementor-element elementor-element-179c3a2 elementor-widget elementor-widget-infetech_elementor_service\" data-id=\"179c3a2\" data-element_type=\"widget\" data-e-type=\"widget\" data-widget_type=\"infetech_elementor_service.default\">\n\t\t\t\t<div class=\"elementor-widget-container\">\n\t\t\t\t\t           \n           \t\n\t            <div class=\"ova-service ova-service-template1\">\n\n\t            \t<div class=\"image-service\">\n\t\t\t\t\t\t<img decoding=\"async\" src=\"https:\/\/preprod-wp.bh-technologies.com\/wp-content\/uploads\/2025\/05\/AdobeStock_14575542-scaled.jpeg\" alt=\"\u00c9clairage public\">\n                    <\/div>\n\n                    <div class=\"content-service-wrapper\">\n                    \t\n\t\t\t          \t\n                    \t<div class=\"content-service\">\n\n\t\t\t\t\t\t\t\t\t            \t<div class=\"icon\">\n\t\t\t            \t\t<i aria-hidden=\"true\" class=\"ovaicon ovaicon-next\"><\/i>\t\t\t            \t<\/div>\n\t\t\t          \t\t\t\t\t\t\t\n\t\t\t\t            \t\t\t\t\t\t\t  <a href=\"https:\/\/bh-technologies.com\/en\/solutions\/eclairage-public\/\"  >\n\t\t\t\t\t\t    \t\t\t\t\t            \t\t\t\t\t\t\t\t\t<h4 class=\"title\">\n\t\t\t\t\t\t\t\t\t\tPublic lighting\t\t\t\t\t\t\t\t\t<\/h4>\n\t\t\t\t\t\t\t\t\t\t\t\t\t\t\t\t\t\t\t\t\t            \t<p class=\"description\">\n\t\t\t\t\t            \t\tOur innovative solutions for public lighting management offer precise remote control and real-time monitoring via a dedicated platform. They optimise energy efficiency while reducing maintenance costs and generating substantial energy savings.\n\n\t\t\t\t\t            \t<\/p>\n\t\t\t\t\t          \t\t\t\t\t\t\t\t\t\t\t\t\t\t\t\t<\/a>\n\t\t\t\t\t\t\t\t                    <\/div> \n                    <\/div>\n\n\t\t\t    <\/div>\n\n\t\t \t\t\t \t\n\t\t\t\t\t\t<\/div>\n\t\t\t\t<\/div>\n\t\t\t\t<\/div>\n\t\t<div class=\"elementor-element elementor-element-159712b e-con-full e-flex e-con e-child\" data-id=\"159712b\" data-element_type=\"container\" data-e-type=\"container\">\n\t\t\t\t<div class=\"elementor-element elementor-element-8ade031 elementor-widget elementor-widget-infetech_elementor_service\" data-id=\"8ade031\" data-element_type=\"widget\" data-e-type=\"widget\" data-widget_type=\"infetech_elementor_service.default\">\n\t\t\t\t<div class=\"elementor-widget-container\">\n\t\t\t\t\t           \n           \t\n\t            <div class=\"ova-service ova-service-template1\">\n\n\t            \t<div class=\"image-service\">\n\t\t\t\t\t\t<img decoding=\"async\" src=\"https:\/\/preprod-wp.bh-technologies.com\/wp-content\/uploads\/2025\/05\/gestion-dechet.png\" alt=\"Gestion des d\u00e9chets\">\n                    <\/div>\n\n                    <div class=\"content-service-wrapper\">\n                    \t\n\t\t\t          \t\n                    \t<div class=\"content-service\">\n\n\t\t\t\t\t\t\t\t\t            \t<div class=\"icon\">\n\t\t\t            \t\t<i aria-hidden=\"true\" class=\"ovaicon ovaicon-next\"><\/i>\t\t\t            \t<\/div>\n\t\t\t          \t\t\t\t\t\t\t\n\t\t\t\t            \t\t\t\t\t\t\t  <a href=\"http:\/\/www.bh-environnement.com\/\" target=\"_blank\" >\n\t\t\t\t\t\t    \t\t\t\t\t            \t\t\t\t\t\t\t\t\t<h4 class=\"title\">\n\t\t\t\t\t\t\t\t\t\tWaste management\t\t\t\t\t\t\t\t\t<\/h4>\n\t\t\t\t\t\t\t\t\t\t\t\t\t\t\t\t\t\t\t\t\t            \t<p class=\"description\">\n\t\t\t\t\t            \t\tOur systems, which incorporate communication sensors and container access control, are linked to a high-performance remote management platform. They promote waste reduction and selective sorting, while offering logistical savings to meet the challenges of the ecological transition.\t\t\t\t\t            \t<\/p>\n\t\t\t\t\t          \t\t\t\t\t\t\t\t\t\t\t\t\t\t\t\t<\/a>\n\t\t\t\t\t\t\t\t                    <\/div> \n                    <\/div>\n\n\t\t\t    <\/div>\n\n\t\t \t\t\t \t\n\t\t\t\t\t\t<\/div>\n\t\t\t\t<\/div>\n\t\t\t\t<\/div>\n\t\t\t\t<\/div>\n\t\t\t\t\t<\/div>\n\t\t\t\t<\/div>\n\t\t\t\t<\/div>","protected":false},"excerpt":{"rendered":"<p>BH Technologies : nos solutions pour l&#8217;\u00e9clairage public et la gestion des d\u00e9chets BH Technologies est un acteur de la smart city fournissant aux collectivit\u00e9s territoriales des solutions intelligentes dans les domaines de l\u2019\u00e9clairage public et de la gestion des d\u00e9chets. Nos solutions consistent en des capteurs communicants r\u00e9pondant aux enjeux de la transition environnementale [&hellip;]<\/p>\n","protected":false},"author":2,"featured_media":0,"parent":0,"menu_order":0,"comment_status":"closed","ping_status":"closed","template":"","meta":{"footnotes":""},"class_list":["post-18015","page","type-page","status-publish","hentry"],"aioseo_notices":[],"_links":{"self":[{"href":"https:\/\/bh-technologies.com\/en\/wp-json\/wp\/v2\/pages\/18015","targetHints":{"allow":["GET"]}}],"collection":[{"href":"https:\/\/bh-technologies.com\/en\/wp-json\/wp\/v2\/pages"}],"about":[{"href":"https:\/\/bh-technologies.com\/en\/wp-json\/wp\/v2\/types\/page"}],"author":[{"embeddable":true,"href":"https:\/\/bh-technologies.com\/en\/wp-json\/wp\/v2\/users\/2"}],"replies":[{"embeddable":true,"href":"https:\/\/bh-technologies.com\/en\/wp-json\/wp\/v2\/comments?post=18015"}],"version-history":[{"count":42,"href":"https:\/\/bh-technologies.com\/en\/wp-json\/wp\/v2\/pages\/18015\/revisions"}],"predecessor-version":[{"id":24728,"href":"https:\/\/bh-technologies.com\/en\/wp-json\/wp\/v2\/pages\/18015\/revisions\/24728"}],"wp:attachment":[{"href":"https:\/\/bh-technologies.com\/en\/wp-json\/wp\/v2\/media?parent=18015"}],"curies":[{"name":"wp","href":"https:\/\/api.w.org\/{rel}","templated":true}]}}