{"id":17,"date":"2025-04-22T11:05:03","date_gmt":"2025-04-22T09:05:03","guid":{"rendered":"https:\/\/preprod-wp.bh-technologies.com\/?page_id=17"},"modified":"2026-04-15T11:22:39","modified_gmt":"2026-04-15T09:22:39","slug":"mentions-legales","status":"publish","type":"page","link":"https:\/\/bh-technologies.com\/en\/mentions-legales\/","title":{"rendered":"Legal notices"},"content":{"rendered":"<div data-elementor-type=\"wp-page\" data-elementor-id=\"17\" class=\"elementor elementor-17\" data-elementor-post-type=\"page\">\n\t\t\t\t<div class=\"elementor-element elementor-element-9da3ef1 e-flex e-con-boxed e-con e-parent\" data-id=\"9da3ef1\" data-element_type=\"container\" data-e-type=\"container\">\n\t\t\t\t\t<div class=\"e-con-inner\">\n\t\t\t\t<div class=\"elementor-element elementor-element-9031926 elementor-widget elementor-widget-heading\" data-id=\"9031926\" data-element_type=\"widget\" data-e-type=\"widget\" data-widget_type=\"heading.default\">\n\t\t\t\t<div class=\"elementor-widget-container\">\n\t\t\t\t\t<h2 class=\"elementor-heading-title elementor-size-default\">Legal notices<\/h2>\t\t\t\t<\/div>\n\t\t\t\t<\/div>\n\t\t\t\t\t<\/div>\n\t\t\t\t<\/div>\n\t\t<div class=\"elementor-element elementor-element-5d79d623 e-flex e-con-boxed e-con e-parent\" data-id=\"5d79d623\" data-element_type=\"container\" data-e-type=\"container\">\n\t\t\t\t\t<div class=\"e-con-inner\">\n\t\t\t\t<div class=\"elementor-element elementor-element-7162ea2b elementor-widget elementor-widget-text-editor\" data-id=\"7162ea2b\" data-element_type=\"widget\" data-e-type=\"widget\" data-widget_type=\"text-editor.default\">\n\t\t\t\t<div class=\"elementor-widget-container\">\n\t\t\t\t\t\t\t\t\t<div class=\"legalsPages\">\n\n<br\/>\n<br\/>\n<p>In accordance with the provisions of Law No. 2004-575 of 21 June 2004 on confidence in the digital economy, users and visitors are hereby informed that the following<strong>User<\/strong>\u201c, from the website https:\/\/bh-technologies.com\/, hereinafter referred to as the \u201c<strong>Site<\/strong>\u201c, these legal notices.<\/p>\n\n\n\n<p>By connecting to and browsing the Website, the User fully and unreservedly accepts these legal notices.<\/p>\n\n\n\n<h2 class=\"wp-block-heading\">Site publishing<\/h2>\n\n\n\n<p>The Website is published by BH Technologies, a simplified joint stock company with capital of \u20ac126,448, registered in the Grenoble Trade and Companies Register under number 419130190, with its registered office at 7 rue Antoine Polotti, 38000 Grenoble, France.<\/p>\n\n\n\n<p>&gt; <strong>Phone number<\/strong> : 0456005000<\/p>\n\n\n\n<p>&gt; <strong>E-mail address<\/strong> : info@bh-technologies.com.<\/p>\n\n\n\n<p>&gt; <strong>Intra-Community VAT number<\/strong> : FR 49 419130190<\/p>\n\n\n\n<p>&gt; <strong>Publishing Director<\/strong> : Miura Ta\u00efsei<\/p>\n\n\n\n<p>hereinafter referred to as the \"<strong>Publisher<\/strong>\u201c.<\/p>\n\n\n\n<h2 class=\"wp-block-heading\">Hosting provider<\/h2>\n\n\n\n<p>The host of the Website is GANDI SAS, whose registered office is located at 63-65 boulevard Mass\u00e9na, 75013 Paris, France. The host's telephone number is 0170377661.<\/p>\n\n\n\n<h2 class=\"wp-block-heading\">Access to the website<\/h2>\n\n\n\n<p>The Website is normally accessible to the User at all times. However, the Publisher may, at any time, suspend, limit or interrupt the Website in order to, in particular, update or modify its content. The Publisher shall in no event be held liable for any consequences of this unavailability on the User's activities.<\/p>\n\n\n\n<h2 class=\"wp-block-heading\">Data collection<\/h2>\n\n\n\n<p>The Website ensures that the User's personal data is collected and processed in accordance with privacy laws, in accordance with Law No. 78-17 of 6 January 1978 on information technology, files and freedoms, and in accordance with the applicable regulations on the processing of personal data in accordance with Regulation (EU) 2016\/679 of the European Parliament and of the Council of 27 April 2016 (hereinafter, together, the \"<strong>Applicable regulations regarding the protection of personal data<\/strong>\u201c).<\/p>\n\n\n\n<p>Under the applicable regulations on the protection of personal data, the User has the right to access, rectify, delete and object to the use of their personal data. The User may exercise this right:<\/p>\n\n\n\n<p>\u00b7       by email to info@bh-technologies.com<\/p>\n\n\n\n<p>\u00b7       by post to 7 rue Antoine Polotti, 38000 Grenoble, France;<\/p>\n\n\n\n<p>Any use, reproduction, distribution, commercialisation or modification of all or part of the Website without the Publisher's express authorisation is prohibited and may result in legal action and prosecution as provided for by the regulations in force.<\/p>\n\n<\/div>\t\t\t\t\t\t\t\t<\/div>\n\t\t\t\t<\/div>\n\t\t\t\t\t<\/div>\n\t\t\t\t<\/div>\n\t\t\t\t<\/div>","protected":false},"excerpt":{"rendered":"<p>Mentions l\u00e9gales Conform\u00e9ment aux dispositions de la loi n\u00b02004-575 du 21 juin 2004 pour la Confiance en l\u2019\u00e9conomie num\u00e9rique, il est port\u00e9 \u00e0 la connaissance des utilisateurs et visiteurs, ci-apr\u00e8s l\u2019\u201dUtilisateur\u201c, du site https:\/\/bh-technologies.com\/ , ci-apr\u00e8s le \u201cSite\u201c, les pr\u00e9sentes mentions l\u00e9gales. La connexion et la navigation sur le Site par l\u2019Utilisateur implique acceptation int\u00e9grale [&hellip;]<\/p>\n","protected":false},"author":1,"featured_media":0,"parent":0,"menu_order":0,"comment_status":"closed","ping_status":"closed","template":"elementor_theme","meta":{"footnotes":""},"class_list":["post-17","page","type-page","status-publish","hentry"],"aioseo_notices":[],"_links":{"self":[{"href":"https:\/\/bh-technologies.com\/en\/wp-json\/wp\/v2\/pages\/17","targetHints":{"allow":["GET"]}}],"collection":[{"href":"https:\/\/bh-technologies.com\/en\/wp-json\/wp\/v2\/pages"}],"about":[{"href":"https:\/\/bh-technologies.com\/en\/wp-json\/wp\/v2\/types\/page"}],"author":[{"embeddable":true,"href":"https:\/\/bh-technologies.com\/en\/wp-json\/wp\/v2\/users\/1"}],"replies":[{"embeddable":true,"href":"https:\/\/bh-technologies.com\/en\/wp-json\/wp\/v2\/comments?post=17"}],"version-history":[{"count":8,"href":"https:\/\/bh-technologies.com\/en\/wp-json\/wp\/v2\/pages\/17\/revisions"}],"predecessor-version":[{"id":22530,"href":"https:\/\/bh-technologies.com\/en\/wp-json\/wp\/v2\/pages\/17\/revisions\/22530"}],"wp:attachment":[{"href":"https:\/\/bh-technologies.com\/en\/wp-json\/wp\/v2\/media?parent=17"}],"curies":[{"name":"wp","href":"https:\/\/api.w.org\/{rel}","templated":true}]}}